{"id":999,"date":"2011-04-04T15:22:08","date_gmt":"2011-04-04T14:22:08","guid":{"rendered":"http:\/\/www.tunedcity.net\/?page_id=999"},"modified":"2011-07-28T14:24:27","modified_gmt":"2011-07-28T12:24:27","slug":"team","status":"publish","type":"page","link":"https:\/\/www.tunedcity.net\/?page_id=999","title":{"rendered":"team"},"content":{"rendered":"<p><img loading=\"lazy\" decoding=\"async\" class=\"alignnone size-full wp-image-2620\" title=\"team\" src=\"http:\/\/www.tunedcity.net\/wp-content\/uploads\/2011\/04\/team.jpg\" alt=\"\" width=\"502\" height=\"333\" \/><\/p>\n<p><\/p>\n<p><\/p>\n<p><em>festival director: <\/em><br \/>\nCarsten Stabenow<\/p>\n<p><em>programme- and production team:<\/em><br \/>\nRaviv Ganchrow, John Grzinich, Derek Holzer, Sara Krines, Lukas K\u00fchne, Patrick McGinley, Evelyn M\u00fc\u00fcrsepp, Kaisa Paluoja, Carsten Stabenow<\/p>\n<p><em>press:<\/em><br \/>\nSiiri Kolka \/ contact: siiri@moks.ee \/ +372 5330 6679<\/p>\n<p><em>design:<\/em><br \/>\nAndreas T\u00f6pfer, milchhof<br \/>\n&#8211;<br \/>\n&#8211;<br \/>\n&#8211;<br \/>\n&#8211;<\/p>\n<p><strong> <\/strong><a title=\"http:\/\/www.archplus.net\" href=\"http:\/\/www.archplus.net\/\" target=\"_blank\"><\/a><\/p>\n<p>Tuned City is part of the official program of the <a title=\"http:\/\/www.tallinn2011.ee\" href=\"http:\/\/www.tallinn2011.ee\/\" target=\"_blank\">European Cultural Capital Tallinn 2011<\/a> and is co-produced with <a title=\"http:\/\/www.moks.ee\/\" href=\"http:\/\/www.moks.ee\/\" target=\"_blank\">MoKs<\/a> &#8211; center for art and social practice and is supported by the Tallinn   2011 Foundation, Estonian Cultural Endowment, Hasartm\u00e4ngumaksu N\u00f5ukogu,   Eesti Vabariigi Kultuuriministeerium and Goethe-Institut Tallinn. In   cooperation with The Estonian Academy of Arts, Kunshogskoleutdanninger i   Norden KUNO and The Estonian Maritime Museeum.<\/p>","protected":false},"excerpt":{"rendered":"<p>festival director: Carsten Stabenow programme- and production team: Raviv Ganchrow, John Grzinich, Derek Holzer, Sara Krines, Lukas K\u00fchne, Patrick McGinley, Evelyn M\u00fc\u00fcrsepp, Kaisa Paluoja, Carsten Stabenow press: Siiri Kolka \/ contact: siiri@moks.ee \/ +372 5330 6679 design: Andreas T\u00f6pfer, milchhof &#8211; &#8211; &#8211; &#8211; Tuned City is part of the official program of the European [&hellip;]<\/p>\n","protected":false},"author":1,"featured_media":0,"parent":496,"menu_order":11,"comment_status":"closed","ping_status":"closed","template":"","meta":{"footnotes":""},"categories":[1],"tags":[],"class_list":["post-999","page","type-page","status-publish","hentry","category-allgemein"],"_links":{"self":[{"href":"https:\/\/www.tunedcity.net\/index.php?rest_route=\/wp\/v2\/pages\/999","targetHints":{"allow":["GET"]}}],"collection":[{"href":"https:\/\/www.tunedcity.net\/index.php?rest_route=\/wp\/v2\/pages"}],"about":[{"href":"https:\/\/www.tunedcity.net\/index.php?rest_route=\/wp\/v2\/types\/page"}],"author":[{"embeddable":true,"href":"https:\/\/www.tunedcity.net\/index.php?rest_route=\/wp\/v2\/users\/1"}],"replies":[{"embeddable":true,"href":"https:\/\/www.tunedcity.net\/index.php?rest_route=%2Fwp%2Fv2%2Fcomments&post=999"}],"version-history":[{"count":17,"href":"https:\/\/www.tunedcity.net\/index.php?rest_route=\/wp\/v2\/pages\/999\/revisions"}],"predecessor-version":[{"id":3097,"href":"https:\/\/www.tunedcity.net\/index.php?rest_route=\/wp\/v2\/pages\/999\/revisions\/3097"}],"up":[{"embeddable":true,"href":"https:\/\/www.tunedcity.net\/index.php?rest_route=\/wp\/v2\/pages\/496"}],"wp:attachment":[{"href":"https:\/\/www.tunedcity.net\/index.php?rest_route=%2Fwp%2Fv2%2Fmedia&parent=999"}],"wp:term":[{"taxonomy":"category","embeddable":true,"href":"https:\/\/www.tunedcity.net\/index.php?rest_route=%2Fwp%2Fv2%2Fcategories&post=999"},{"taxonomy":"post_tag","embeddable":true,"href":"https:\/\/www.tunedcity.net\/index.php?rest_route=%2Fwp%2Fv2%2Ftags&post=999"}],"curies":[{"name":"wp","href":"https:\/\/api.w.org\/{rel}","templated":true}]}}