{"id":950,"date":"2011-03-31T09:19:49","date_gmt":"2011-03-31T08:19:49","guid":{"rendered":"http:\/\/www.tunedcity.net\/?page_id=950"},"modified":"2011-06-24T15:11:50","modified_gmt":"2011-06-24T13:11:50","slug":"lang_deworkshops-lang_de-lang_enworkshops-lang_en","status":"publish","type":"page","link":"https:\/\/www.tunedcity.net\/?page_id=950","title":{"rendered":"workshops"},"content":{"rendered":"<p><img loading=\"lazy\" decoding=\"async\" class=\"alignnone size-full wp-image-1459\" title=\"wasteland\" src=\"http:\/\/www.tunedcity.net\/wp-content\/uploads\/2011\/03\/wasteland.jpg\" alt=\"\" width=\"498\" height=\"374\" srcset=\"https:\/\/www.tunedcity.net\/wp-content\/uploads\/2011\/03\/wasteland.jpg 640w, https:\/\/www.tunedcity.net\/wp-content\/uploads\/2011\/03\/wasteland-300x225.jpg 300w\" sizes=\"auto, (max-width: 498px) 100vw, 498px\" \/><\/p>\n<p><\/p>\n<p><\/p>\n<p>As a great deal of our experience with the sonic effects of architecture and cityscapes is subjective, Tuned City has always focused on direct, participatory situations to explore these effects. Through a combined program of soundwalks, listening exercises, recording sessions, site-specific actions and soundmapping projects, the tuned city workshops have involved scores of people dedicated to examining and cataloging their own, unique sonic relationships with the city of tallinn.<\/p>\n<p>Throughout the first half of 2011, members of the Tuned City team and MoKs worked together with students of the university of tallinn Anthropology Department, the Estonian Academy of Arts Architecture and new Media Departments and members of the general public. First and foremost, a printed sound Map of tallinn produced by the ut\/MoKs group will be distributed throughout the city as well as form an important part of the event catalog. The results of the EKA workshops \u2013 a series of posters and sound recordings \u2013 can be seen and heard at M\u00c4RZ project space during the tuned city event and the interactive miniatures for mobile media can be experienced by listeners now and in future in situ.<\/p>\n<p>Some participatory workshops continue during the Tuned City event itself. In close collaboration with our partner ptarmigan (<a href=\"http:\/\/ptarmigan.ee\/\" target=\"_blank\">http:\/\/ptarmigan.ee<\/a>), we are offering a series of workshops short before and during the event in july. Invited artists will each share their individual tools for listening to the city, and offer both a deeper insight into their artistic practice and a chance for the participants to become actively involved in the program of the event. And whether those tools be telephones, acoustic tubes, electronic transducers, radio waves or physical movement, the participants in these workshops will never hear the city the same way again.<\/p>\n<p>&#8211;<\/p>\n<p><strong>Workshops offered during the event<\/strong><\/p>\n<blockquote><p><a href=\"https:\/\/www.tunedcity.net\/?page_id=1881\">City Sounds Concerts <\/a>\/ June 28 \u2013 July 3 2011<br \/>\nwith Ici-M\u00eame (Grenoble, F)<\/p>\n<p><a href=\"https:\/\/www.tunedcity.net\/?page_id=1472\">Methaphones workshop<\/a> \/ July 4 + 5 2011<br \/>\nwith Unsworn Telecom (Stockholm, SE)<\/p>\n<p><a href=\"https:\/\/www.tunedcity.net\/?page_id=1478\">12-tone filter<\/a> \/ July 4 &#8211; 10 2011<br \/>\nwith eyland 07, Ren\u00e9 Rissland, J\u00fcrgen Lehmeier (N\u00fcrnberg, D)<\/p>\n<p><a href=\"https:\/\/www.tunedcity.net\/?page_id=1715\">Tuning the City<\/a> \/ July 5 &#8211; 10 2011<br \/>\nwith Mads Bech Paluszewski (Copenhagen, DK)<\/p>\n<p><a href=\"https:\/\/www.tunedcity.net\/?page_id=1503\">framework radio \u2013 documentation and production<\/a> \/ July 7 &#8211; 10 2011<br \/>\nwith Felicity Ford (UK) and Valeria Merlini (IT \/ D)<br \/>\non behalf of Patrick McGinley, framework radio (US \/ EE)<\/p><\/blockquote>\n<p><strong>Workshops offered beforehand<\/strong><strong><br \/>\n<\/strong><\/p>\n<blockquote><p><a href=\"https:\/\/www.tunedcity.net\/?page_id=1777\">Sound Map of Tallinn<\/a><strong> <\/strong>\/ January &#8211; July 2011 (ongoing)<br \/>\nwith Carlo Cubero, John Grzinich, Patrick McGinley (Tallinn\/Moste, EE)<\/p>\n<p><a href=\"https:\/\/www.tunedcity.net\/?page_id=978\">Listening<\/a> \/ January 17-21 2011<br \/>\nwith Derek Holzer (US\/D) and students of the new media department of EKA<\/p>\n<p><a href=\"https:\/\/www.tunedcity.net\/?page_id=984\">Sound in Landscape<\/a>\/ February 12-15 2011<br \/>\nwith Derek Holzer (US\/D) and students of Katrin Koov<\/p>\n<p><a href=\"https:\/\/www.tunedcity.net\/?page_id=954\">Radio Miniatures &#8211; Radio Aporee <\/a> \/ April 18-22 2011<br \/>\nwith Udo Noll (Berlin, D)<\/p>\n<p><a href=\"https:\/\/www.tunedcity.net\/?page_id=967\">Sound Map Visualisation<\/a> (at MoKS) \/ April 28 &#8211; May 2 2011<br \/>\nwith Andreas T\u00f6pfer, Carsten Stabenow (Berlin, D)<\/p>\n<p><a href=\"https:\/\/www.tunedcity.net\/?page_id=1823\">Form + Sound II<\/a><strong> <\/strong>\/ May 9-15<br \/>\nwith Lukas K\u00fchne (Montevideo, URG)<\/p><\/blockquote>\n<p>For further information on projects and workshops conducted within the framework of Tuned City Tallinn please see <a href=\"https:\/\/www.tunedcity.net\/?page_id=501\">pre-events May 2010 &gt;&gt;&gt;<\/a><\/p>\n<blockquote><p><strong><br \/>\n<\/strong><\/p><\/blockquote>\n<p><\/p>","protected":false},"excerpt":{"rendered":"<p>As a great deal of our experience with the sonic effects of architecture and cityscapes is subjective, Tuned City has always focused on direct, participatory situations to explore these effects. Through a combined program of soundwalks, listening exercises, recording sessions, site-specific actions and soundmapping projects, the tuned city workshops have involved scores of people dedicated [&hellip;]<\/p>\n","protected":false},"author":1,"featured_media":0,"parent":496,"menu_order":4,"comment_status":"closed","ping_status":"closed","template":"","meta":{"footnotes":""},"categories":[1],"tags":[],"class_list":["post-950","page","type-page","status-publish","hentry","category-allgemein"],"_links":{"self":[{"href":"https:\/\/www.tunedcity.net\/index.php?rest_route=\/wp\/v2\/pages\/950","targetHints":{"allow":["GET"]}}],"collection":[{"href":"https:\/\/www.tunedcity.net\/index.php?rest_route=\/wp\/v2\/pages"}],"about":[{"href":"https:\/\/www.tunedcity.net\/index.php?rest_route=\/wp\/v2\/types\/page"}],"author":[{"embeddable":true,"href":"https:\/\/www.tunedcity.net\/index.php?rest_route=\/wp\/v2\/users\/1"}],"replies":[{"embeddable":true,"href":"https:\/\/www.tunedcity.net\/index.php?rest_route=%2Fwp%2Fv2%2Fcomments&post=950"}],"version-history":[{"count":45,"href":"https:\/\/www.tunedcity.net\/index.php?rest_route=\/wp\/v2\/pages\/950\/revisions"}],"predecessor-version":[{"id":953,"href":"https:\/\/www.tunedcity.net\/index.php?rest_route=\/wp\/v2\/pages\/950\/revisions\/953"}],"up":[{"embeddable":true,"href":"https:\/\/www.tunedcity.net\/index.php?rest_route=\/wp\/v2\/pages\/496"}],"wp:attachment":[{"href":"https:\/\/www.tunedcity.net\/index.php?rest_route=%2Fwp%2Fv2%2Fmedia&parent=950"}],"wp:term":[{"taxonomy":"category","embeddable":true,"href":"https:\/\/www.tunedcity.net\/index.php?rest_route=%2Fwp%2Fv2%2Fcategories&post=950"},{"taxonomy":"post_tag","embeddable":true,"href":"https:\/\/www.tunedcity.net\/index.php?rest_route=%2Fwp%2Fv2%2Ftags&post=950"}],"curies":[{"name":"wp","href":"https:\/\/api.w.org\/{rel}","templated":true}]}}