{"id":855,"date":"2011-02-24T12:23:16","date_gmt":"2011-02-24T11:23:16","guid":{"rendered":"http:\/\/www.tunedcity.net\/?page_id=855"},"modified":"2013-01-22T21:20:08","modified_gmt":"2013-01-22T20:20:08","slug":"tuned-city-nurnberg-2011","status":"publish","type":"page","link":"https:\/\/www.tunedcity.net\/?page_id=855","title":{"rendered":"Tuned City N\u00fcrnberg 2011"},"content":{"rendered":"<p><img loading=\"lazy\" decoding=\"async\" class=\"alignnone size-full wp-image-858\" title=\"filter\" src=\"http:\/\/www.tunedcity.net\/wp-content\/uploads\/2011\/02\/filter.jpg\" alt=\"\" width=\"500\" height=\"373\" srcset=\"https:\/\/www.tunedcity.net\/wp-content\/uploads\/2011\/02\/filter.jpg 500w, https:\/\/www.tunedcity.net\/wp-content\/uploads\/2011\/02\/filter-300x223.jpg 300w\" sizes=\"auto, (max-width: 500px) 100vw, 500px\" \/><\/p>\n<p><\/p>\n<p><strong>Mini Tuned City N\u00fcrnberg<\/strong><br \/>\n<strong>Sounds of Muggenhof <\/strong><br \/>\n<em>11. &#8211; 17. April 2011<\/em><\/p>\n<p>As part of an interdisziplinary artist competition initiated by the city of N\u00fcrnberg\/Germany Tuned City is going to realize a &#8216;mini-event&#8217; in a very interesting part of the city called <a title=\"muggenhof\" href=\"http:\/\/de.wikipedia.org\/wiki\/Muggenhof\" target=\"_blank\">Muggenhof\/Eberhardshof<\/a>. The area is a mix of havitation and industrial architecture inbetween a green belt with a little river on one side and the main connection highway to F\u00fcrth (and the parallel train track) on the other side. The industrial architecture is dominated by the former production facilities of AEG and the Quelle (mailoder) headquarter build by <a title=\"http:\/\/en.wikipedia.org\/wiki\/Ernst_Neufert\" href=\"http:\/\/en.wikipedia.org\/wiki\/Ernst_Neufert\" target=\"_blank\">Ernst Neufert<\/a>.<\/p>\n<p>With workshops and public interventions we&#8217;re going to explore that neighborhood for one week. The results are going to be shown on the 16th of april with presentations, performances and lectures. (See details &gt;&gt;&gt; <a href=\"https:\/\/www.tunedcity.net\/?page_id=865\">workshops<\/a> and <a href=\"https:\/\/www.tunedcity.net\/?page_id=905\">lectures<\/a>))<\/p>\n<p>&#8212;<\/p>\n<p>Sounds of Muggenhof wird unterst\u00fctzt von:<\/p>\n<p><img loading=\"lazy\" decoding=\"async\" class=\"alignnone size-full wp-image-935\" title=\"tc_logos_nuernberg\" src=\"http:\/\/www.tunedcity.net\/wp-content\/uploads\/2011\/02\/tc_logos_nuernberg.jpg\" alt=\"\" width=\"500\" height=\"214\" srcset=\"https:\/\/www.tunedcity.net\/wp-content\/uploads\/2011\/02\/tc_logos_nuernberg.jpg 500w, https:\/\/www.tunedcity.net\/wp-content\/uploads\/2011\/02\/tc_logos_nuernberg-300x128.jpg 300w\" sizes=\"auto, (max-width: 500px) 100vw, 500px\" \/><\/p>\n<p>Sounds of Muggenhof und GIVE ME FIVE sind Projekte im Rahmen des Festivals made in \u2026 Die Kultur- und Kreativlandschaft N\u00fcrnbergF\u00fcrthErlangenSchwabach, das vom 1. bis 17. April die Kultur- und Kreativwirtschaft der vier St\u00e4dte in den Blick nimmt. made in \u2026 ist ein Festival der Arbeitsgemeinschaft \u201eKultur im Gro\u00dfraum N\u00fcrnberg, F\u00fcrth, Erlangen, Schwabach&#8221;.\u00a0 <a title=\"&gt;&gt; www.made-in-2011.de\" href=\"http:\/\/www.made-in-2011.de\" target=\"_blank\">&gt;&gt; www.made-in-2011.de<\/a><\/p>\n<p><img loading=\"lazy\" decoding=\"async\" class=\"alignnone size-full wp-image-936\" title=\"made-in_logo\" src=\"http:\/\/www.tunedcity.net\/wp-content\/uploads\/2011\/02\/made-in_logo.jpg\" alt=\"\" width=\"170\" height=\"129\" \/><\/p>\n<p>Das Projekt <a href=\"https:\/\/www.tunedcity.net\/?page_id=882\">Sonic Nomad Sofa<\/a> wird erm\u00f6glicht durch die freundliche Unterst\u00fctzung der Firmen <a title=\"http:\/\/www.rehau.de\/\" href=\"http:\/\/www.rehau.de\/\" target=\"_blank\">REHAU<\/a> und <a title=\"http:\/\/www.dl-gmbh.de\/\" href=\"http:\/\/www.dl-gmbh.de\/\" target=\"_blank\">D&amp;L<\/a>:<\/p>\n<p><img loading=\"lazy\" decoding=\"async\" class=\"alignnone size-full wp-image-940\" title=\"rehau_d&amp;L_logo\" src=\"http:\/\/www.tunedcity.net\/wp-content\/uploads\/2011\/02\/rehau_dL_logo.jpg\" alt=\"\" width=\"252\" height=\"68\" srcset=\"https:\/\/www.tunedcity.net\/wp-content\/uploads\/2011\/02\/rehau_dL_logo.jpg 340w, https:\/\/www.tunedcity.net\/wp-content\/uploads\/2011\/02\/rehau_dL_logo-300x81.jpg 300w\" sizes=\"auto, (max-width: 252px) 100vw, 252px\" \/><\/p>","protected":false},"excerpt":{"rendered":"<p>Mini Tuned City N\u00fcrnberg Sounds of Muggenhof 11. &#8211; 17. April 2011 As part of an interdisziplinary artist competition initiated by the city of N\u00fcrnberg\/Germany Tuned City is going to realize a &#8216;mini-event&#8217; in a very interesting part of the city called Muggenhof\/Eberhardshof. The area is a mix of havitation and industrial architecture inbetween a [&hellip;]<\/p>\n","protected":false},"author":1,"featured_media":0,"parent":0,"menu_order":2,"comment_status":"closed","ping_status":"closed","template":"","meta":{"footnotes":""},"categories":[1],"tags":[],"class_list":["post-855","page","type-page","status-publish","hentry","category-allgemein"],"_links":{"self":[{"href":"https:\/\/www.tunedcity.net\/index.php?rest_route=\/wp\/v2\/pages\/855","targetHints":{"allow":["GET"]}}],"collection":[{"href":"https:\/\/www.tunedcity.net\/index.php?rest_route=\/wp\/v2\/pages"}],"about":[{"href":"https:\/\/www.tunedcity.net\/index.php?rest_route=\/wp\/v2\/types\/page"}],"author":[{"embeddable":true,"href":"https:\/\/www.tunedcity.net\/index.php?rest_route=\/wp\/v2\/users\/1"}],"replies":[{"embeddable":true,"href":"https:\/\/www.tunedcity.net\/index.php?rest_route=%2Fwp%2Fv2%2Fcomments&post=855"}],"version-history":[{"count":14,"href":"https:\/\/www.tunedcity.net\/index.php?rest_route=\/wp\/v2\/pages\/855\/revisions"}],"predecessor-version":[{"id":856,"href":"https:\/\/www.tunedcity.net\/index.php?rest_route=\/wp\/v2\/pages\/855\/revisions\/856"}],"wp:attachment":[{"href":"https:\/\/www.tunedcity.net\/index.php?rest_route=%2Fwp%2Fv2%2Fmedia&parent=855"}],"wp:term":[{"taxonomy":"category","embeddable":true,"href":"https:\/\/www.tunedcity.net\/index.php?rest_route=%2Fwp%2Fv2%2Fcategories&post=855"},{"taxonomy":"post_tag","embeddable":true,"href":"https:\/\/www.tunedcity.net\/index.php?rest_route=%2Fwp%2Fv2%2Ftags&post=855"}],"curies":[{"name":"wp","href":"https:\/\/api.w.org\/{rel}","templated":true}]}}