{"id":5156,"date":"2018-04-01T13:41:12","date_gmt":"2018-04-01T11:41:12","guid":{"rendered":"http:\/\/www.tunedcity.net\/?page_id=5156"},"modified":"2018-06-10T14:42:51","modified_gmt":"2018-06-10T12:42:51","slug":"saavedra-arevalo-pablo-cl","status":"publish","type":"page","link":"https:\/\/www.tunedcity.net\/?page_id=5156","title":{"rendered":"Saavedra Arevalo, Pablo (CL)"},"content":{"rendered":"<p><img loading=\"lazy\" decoding=\"async\" class=\"alignnone size-full wp-image-5157\" src=\"http:\/\/www.tunedcity.net\/wp-content\/uploads\/2018\/04\/Micropoder-1.jpg\" alt=\"\" width=\"400\" height=\"300\" srcset=\"https:\/\/www.tunedcity.net\/wp-content\/uploads\/2018\/04\/Micropoder-1.jpg 400w, https:\/\/www.tunedcity.net\/wp-content\/uploads\/2018\/04\/Micropoder-1-300x225.jpg 300w\" sizes=\"auto, (max-width: 400px) 100vw, 400px\" \/><\/p>\n<p><strong>Pablo Saavedra<\/strong> was born in Santiago in 1987 and currently lives in Valpara\u00edso, Chile. He is a visual artist (Arcis University) since 2010, but also works\u00a0as curator, producer, manager, editor, craftsman, editor, designer, carpenter, teacher and in other areas close to the arts, almost always linked, to independent initiatives.<br \/>\nIn\u00a02008 he founds N.A.R. that after years becomes BieNar (2013-present). In 2009, he\u00a0co-founded the contemporary art project Pia Michelle, functioning as a space until 2012 and as a collective-entity project up to the present. He is part of the permanent team of the sound art festival, Tsonami since 2015.\u00a0He is also creator and responsible for the exhibition initiatives Galer\u00eda F\u00e9lida and Galer\u00eda Llavero.<br \/>\nIn his artistic work he uses\u00a0diverse media and technologies, exploring objectivity, sound, action or other disciplines less related to the artistic norm.<\/p>\n<p><a href=\"http:\/\/pablosaavedraarevalo.blogspot.de\" target=\"_blank\" rel=\"noopener noreferrer\">http:\/\/pablosaavedraarevalo.blogspot.de<\/a><br \/>\n<a href=\"https:\/\/www.tunedcity.net\/?page_id=5013\">Tuned City Messene 2018 &#8211; Listening Politics<\/a><\/p>\n","protected":false},"excerpt":{"rendered":"<p>Pablo Saavedra was born in Santiago in 1987 and currently lives in Valpara\u00edso, Chile. He is a visual artist (Arcis University) since 2010, but also works\u00a0as curator, producer, manager, editor, craftsman, editor, designer, carpenter, teacher and in other areas close to the arts, almost always linked, to independent initiatives. In\u00a02008 he founds N.A.R. that after [&hellip;]<\/p>\n","protected":false},"author":1,"featured_media":0,"parent":19,"menu_order":0,"comment_status":"closed","ping_status":"closed","template":"","meta":{"footnotes":""},"categories":[7],"tags":[],"class_list":["post-5156","page","type-page","status-publish","hentry","category-messene_participants"],"_links":{"self":[{"href":"https:\/\/www.tunedcity.net\/index.php?rest_route=\/wp\/v2\/pages\/5156","targetHints":{"allow":["GET"]}}],"collection":[{"href":"https:\/\/www.tunedcity.net\/index.php?rest_route=\/wp\/v2\/pages"}],"about":[{"href":"https:\/\/www.tunedcity.net\/index.php?rest_route=\/wp\/v2\/types\/page"}],"author":[{"embeddable":true,"href":"https:\/\/www.tunedcity.net\/index.php?rest_route=\/wp\/v2\/users\/1"}],"replies":[{"embeddable":true,"href":"https:\/\/www.tunedcity.net\/index.php?rest_route=%2Fwp%2Fv2%2Fcomments&post=5156"}],"version-history":[{"count":1,"href":"https:\/\/www.tunedcity.net\/index.php?rest_route=\/wp\/v2\/pages\/5156\/revisions"}],"predecessor-version":[{"id":5158,"href":"https:\/\/www.tunedcity.net\/index.php?rest_route=\/wp\/v2\/pages\/5156\/revisions\/5158"}],"up":[{"embeddable":true,"href":"https:\/\/www.tunedcity.net\/index.php?rest_route=\/wp\/v2\/pages\/19"}],"wp:attachment":[{"href":"https:\/\/www.tunedcity.net\/index.php?rest_route=%2Fwp%2Fv2%2Fmedia&parent=5156"}],"wp:term":[{"taxonomy":"category","embeddable":true,"href":"https:\/\/www.tunedcity.net\/index.php?rest_route=%2Fwp%2Fv2%2Fcategories&post=5156"},{"taxonomy":"post_tag","embeddable":true,"href":"https:\/\/www.tunedcity.net\/index.php?rest_route=%2Fwp%2Fv2%2Ftags&post=5156"}],"curies":[{"name":"wp","href":"https:\/\/api.w.org\/{rel}","templated":true}]}}