{"id":501,"date":"2010-04-11T20:30:14","date_gmt":"2010-04-11T19:30:14","guid":{"rendered":"http:\/\/www.milchhof.net\/tc\/?page_id=501"},"modified":"2011-06-17T13:43:34","modified_gmt":"2011-06-17T11:43:34","slug":"lang_deevents-mai-2010lang_de-lang_enevents-may-2010lang_en","status":"publish","type":"page","link":"https:\/\/www.tunedcity.net\/?page_id=501","title":{"rendered":"Pre-Events may 2010"},"content":{"rendered":"<p><img loading=\"lazy\" decoding=\"async\" class=\"alignnone size-full wp-image-502\" title=\"tallinn_hangar\" src=\"http:\/\/www.tunedcity.net\/wp-content\/uploads\/2010\/04\/tallinn_hangar.jpg\" alt=\"\" width=\"514\" height=\"345\" srcset=\"https:\/\/www.tunedcity.net\/wp-content\/uploads\/2010\/04\/tallinn_hangar.jpg 709w, https:\/\/www.tunedcity.net\/wp-content\/uploads\/2010\/04\/tallinn_hangar-300x200.jpg 300w\" sizes=\"auto, (max-width: 514px) 100vw, 514px\" \/><\/p>\n<p>Tuned City Tallinn started with two workshop projects in the week 18.-22. may 2010, a series of artistic\/scientific research projects in the following week and a first public project presentation on may 29th 2010.<\/p>\n<p><!-- \t\t@page { margin: 2cm } \t\tP { margin-bottom: 0.21cm } --><\/p>\n<p>Program details:<\/p>\n<p><strong>1. PUBLIC WORKSHOPS<\/strong><br \/>\n<em>week 17-22 may 2010<br \/>\n<\/em><\/p>\n<p>workshop I <strong><br \/>\nSonic Surveys of Tallinn<\/strong><br \/>\n<em>exploring, location hunting, mapping and field recording of urban soundscapes<\/em><br \/>\nMay 18-22, 2010 \/\/ meeting place: <a title=\"http:\/\/www.uusmaailm.ee\" href=\"http:\/\/www.uusmaailm.ee\" target=\"_blank\">uue maailma seltsimaja<\/a>, corner of Koidu and Videviku streets, Tallinn<\/p>\n<p>workshop led by:<a href=\"https:\/\/www.tunedcity.net\/?page_id=282\"> John Grzinich<\/a>, <a href=\"https:\/\/www.tunedcity.net\/?page_id=22\">Derek Holzer<\/a>, <a href=\"https:\/\/www.tunedcity.net\/?page_id=800\">Patrick McGinley<\/a><br \/>\nregistration: jg[\u00e4t]maaheli.ee<\/p>\n<p>This interdisciplinary workshop (of artists, architects, urban planners, social geographers) concentrates on exploring working methods for mapping and documenting urban spaces and architectural structures of the city of Tallinn. The methods used will combine research and practical skills in surveying and recording the &#8220;sonic geographies&#8221; found throughout the city. As Tallinn has radically different zones, both architecturally and socially\u00a0 our research aims to reflect expose and reflect the variety of soundscapes to be found there.<\/p>\n<p>This would include the practical elements of an overall \u201cfield recording\u201d and \u201clistening\u201d workshop with an introduction to sound, soundscape and field recording techniques. The structure of the workshop divides the overall group of participants into several small scouting teams (3 groups of 4 or 5 people) that make excursions to different districts of the city. A range of locations could include the Soviet &#8216;plattenbau&#8217; districts like Lasnam\u00e4e and \u00d5ism\u00e4e, the park areas of Kadriorg and N\u00f5mme and the seaside districts of Pirita and Kopli (or whatever else can be introduced) for example.<\/p>\n<p>Mapping the possible overlays of sonic regions or even specific sounds will help define potential \u201csonic landmarks\u201d, as one of the main themes for the Tuned City conference to be held in July of 2011. Afterward we can pool the coordinates and recordings into a \u201cmap\u201d or Survey of Acoustic Geography of Tallinn.<\/p>\n<p>You can find some fotos on this project-page: <a title=\"http:\/\/maaheli.ee\/main\/archives\/1479\" href=\"http:\/\/maaheli.ee\/main\/archives\/1479\" target=\"_blank\">http:\/\/maaheli.ee\/main\/archives\/1479<\/a><\/p>\n<p>&#8212;<\/p>\n<p>Workshop II<br \/>\n<strong>Form and Sound<\/strong><br \/>\n<em>with students of the EKA, the Conservatory and students from Kuvataiteakatemia Helsinki and KUNO<\/em><br \/>\nMay 18-22, 2010<\/p>\n<p>workshop led by: Lukas K\u00fchne<\/p>\n<p>The idea is to carry out a multidisciplinary laboratory building bridges amongst the different arts and genders. The proposal of this idea is interactive, an adventure that has to do with phenomena of natural laws and the ultimate technology. Sound does not exist without material support: it requires sources in space in order to have some kind of form and it needs ears in order to be heard. Sound depends on the material and the form of sound sources. This workshop explores the relationship between the form that creates sound and the sounds that create form.<\/p>\n<p>This workshop project is meant to create artistic and scientific explorations of the unique acoustic situation of the old waterplane hangar and to find ways to preserve lively and illustrative<br \/>\ndocumentations of an outstanding spatial experience. The hangar will be changed\u00a0 into a maritim museum, this development process causes a certain responsibility for the monument. A scientific analysis of the given frequencies and wavelength, the characteristics of the reverberation and diffusion in the space of the 3 domes and an investigation of the direct and related phenomena should provide a profound explanation. In close collaboration an artistic reflection should interpret, force &#8211; translate and visualize this unique sonotop.<\/p>\n<p>(The artistic reflection could be build arround the topic of the echo, starting with the cultural history, the mythological background &#8211; the story about the nymph &#8216;echo&#8217; and &#8216;narcissus&#8217; as an explanation model of the dispartment of the acoustic and the visual world. Going over to a natural scientific and musically artistic exploration with the above mentioned research project, guided tours through the architecture and artistic performances. And ending with a metaphorical and poetic view on the topic of reflection. (as reaction on causation, repetition, return of history, echos from beyond &#8230;)<\/p>\n<p>here you can find a little video from the workshop: <a title=\"http:\/\/www.youtube.com\/watch?v=f7ft-I-3-A0\" href=\"http:\/\/www.youtube.com\/watch?v=f7ft-I-3-A0\" target=\"_blank\">http:\/\/www.youtube.com\/watch?v=f7ft-I-3-A0<\/a><\/p>\n<p><!-- \t\t@page { margin: 2cm } \t\tP { margin-bottom: 0.11cm; text-align: justify } \t\tP.western { font-family: \"Times New Roman\", serif; font-size: 12pt; font-style: normal } \t\tP.cjk { font-size: 12pt; font-style: normal } \t\tP.ctl { font-family: \"Times New Roman\", serif } -->&#8212;<\/p>\n<p><strong>2. ARTISTIC\/SCIENTIFIC RESEARCH PROJEKTS<\/strong><\/p>\n<p>In the week 24-28 of may 2010 the artists <a href=\"https:\/\/www.tunedcity.net\/?page_id=118\">Raviv Ganchrow<\/a> (NL), <a href=\"https:\/\/www.tunedcity.net\/?page_id=105\">Thomas Ankersmit<\/a> (D) and <a href=\"https:\/\/www.tunedcity.net\/?page_id=784\">Anthony Hall<\/a> (UK) will explore the old hydroplane hangar.<\/p>\n<p><strong>&#8212;<\/strong><\/p>\n<p><strong>3. PUBLIC PRESENTATION<\/strong><\/p>\n<p><strong> <\/strong>May 29 2010<strong><br \/>\n<\/strong><em> <\/em><strong>Steamboat Icebreaker &#8220;SUUR T\u00d5LL&#8221;<\/strong> and <strong>Seaplane Hangar<\/strong> &#8211; Lennusadama port,  (K\u00fcti Street) Tallinn<strong><br \/>\n<\/strong><a href=\"http:\/\/maps.google.de\/maps\/ms?f=q&amp;hl=de&amp;geocode=&amp;ie=UTF8&amp;t=h&amp;msa=0&amp;msid=116563638222038081391.000485c1dcaf682121d90&amp;ll=59.452116,24.738376&amp;spn=0.000804,0.002411&amp;z=19\" target=\"_blank\">&gt;&gt;&gt; see map<\/a><\/p>\n<p>The first public event introducing the <strong>&#8220;sonic landmarks tallinn&#8221;<\/strong> project in 2011 took place around the<a href=\"http:\/\/www.meremuuseum.ee\/?op=body&amp;id=84\" target=\"_blank\"> seaplane hangar<\/a> as  it serves as a great example for the deep relation of architecture and  sound and would illustrate in a nice way the main idea of tuned city &#8211;  to make the acoustic dimension of space and architecture perceptible.<\/p>\n<p>One lasting impression from the Berlin event was of the specific  acoustic qualities which each of the spaces used for the conference and  performances possessed &#8211; whether it was a room designed from the  acoustic perspective (such as the anechoic chamber at the Technical  University or the giant radio concert hall at the Nalepastrasse), an  improvised situation (such as the disused repair hall of the Wriezener  Bahnhof) or a temporary public situation (such as on Alexanderplatz).  These acoustic qualities provided each site which a specific identity  which defined that location in space, assisted or inhibited  communication and changed one\u2018s awareness of their surroundings and  illustrated in a great way the debated topics very plastically.<\/p>\n<p>In the same way as tuned city explores the different topics in direct  relation to the actual spaces this pre-event in the hangar will give a  taste of how the Tallinn event in 2011 will shape. In a mixture of  theory, artistic presentation and direct experience we will present the  results of the artistic\/scientific research and documentation project as  well as the results of the workshops to the audience. Some lectures  will introduce the concepts of aural architecture and acoustic  awareness.<\/p>\n<p>_<br \/>\nPROGRAM:<\/p>\n<p><em>start 3pm at<\/em><strong> <\/strong><em> <\/em><strong>Steamboat Icebreaker &#8220;SUUR T\u00d5LL&#8221;<\/strong> &#8211; Lennusadama port, (K\u00fcti Street) Tallinn<strong><br \/>\n<\/strong><a href=\"http:\/\/maps.google.de\/maps\/ms?f=q&amp;hl=de&amp;geocode=&amp;ie=UTF8&amp;t=h&amp;msa=0&amp;msid=116563638222038081391.000485c1dcaf682121d90&amp;ll=59.452116,24.738376&amp;spn=0.000804,0.002411&amp;z=19\" target=\"_blank\"><br \/>\n<\/a><\/p>\n<p><strong>Opening and welcome<\/strong> &#8211; Mikko Fritze, Director of Tallinn 2011, European Cultural Capital<\/p>\n<p><strong>Introduction to the Estonian Maritime Museum project<\/strong> &#8211; Ott Sarapuu (EE) (enquired)<br \/>\nHistory of the seaplane hangar, future plans and architectural vision.<\/p>\n<p><strong>Sonic Landmarks \u2013 tunedcity in Tallinn 2011<\/strong> &#8211; Tunedcity research group (int)<br \/>\nA preview of\u00a0 the program for Tallinn 2011 introducing the general idea behind tunedcity, the research network, the artist and projects planed for the european capital project Sonic Landmarks.<\/p>\n<p><strong>Sonic garden in the urban sphere<\/strong> &#8211; Valeria Merlini (I)<br \/>\nlecture: <a href=\"https:\/\/www.tunedcity.net\/?page_id=554\">Acoustics aspects of landscape architecture<\/a><\/p>\n<p><strong>Bent on Listening<\/strong> \u2013 Raviv Ganchrow (US\/IL\/NL)<br \/>\nlecture: <a href=\"https:\/\/www.tunedcity.net\/?page_id=538\">From the reflecting-arc diagrams of Marin Mersenne to the concave walls of acoustic defense<\/a><\/p>\n<p><strong>Spatial perception and directional sound<\/strong> \u2013 Thomas Ankersmit (NL\/D)<br \/>\nlecture: Spatial acoustics and their influence on our perception and communication<\/p>\n<p>_<\/p>\n<p><em>presentations by artist involved in the planing for 2011 at <\/em>seaplane hangar, Lennusadama port, (K\u00fcti Street) Tallinn<em>:<\/em><\/p>\n<p><strong>Raviv Ganchrow<\/strong> (US\/IL\/NL)<br \/>\nintallation\/demonstration: <a href=\"https:\/\/www.tunedcity.net\/?page_id=538\">Crescents<\/a><\/p>\n<p><strong>Thomas Ankersmit<\/strong> (NL\/D)<br \/>\nsite-specific performance inside the hydroplane hangar<\/p>\n<p><strong>Antony Hall<\/strong> (UK)<br \/>\npresentation<\/p>\n<p>_<br \/>\n<em>presentation of the workshop results:<\/em><\/p>\n<p><strong>Sonic Surveys of Tallinn <\/strong><br \/>\nWorkshop with MoKS (EE) &#8211; location hunting, mapping and field recording of urban soundscapes<br \/>\n&#8211; short performances and soundwalks<\/p>\n<p><strong>Form and Sound<\/strong><br \/>\nWorkshop by Lukas K\u00fchne (D) together with The Estonian academy of arts EKA, The Finnish Academy of Fine Arts in Helsinki and KUNO<br \/>\n&#8211; performances, demonstarations, soundwalks<\/p>\n<p>_<\/p>\n<p><a href=\"http:\/\/www.tunedcity.net\/wp-content\/uploads\/2010\/04\/tc_flyer.png\"><img loading=\"lazy\" decoding=\"async\" class=\"alignnone size-full wp-image-792\" title=\"tc_flyer\" src=\"http:\/\/www.tunedcity.net\/wp-content\/uploads\/2010\/04\/tc_flyer.png\" alt=\"\" width=\"109\" height=\"155\" srcset=\"https:\/\/www.tunedcity.net\/wp-content\/uploads\/2010\/04\/tc_flyer.png 420w, https:\/\/www.tunedcity.net\/wp-content\/uploads\/2010\/04\/tc_flyer-211x300.png 211w\" sizes=\"auto, (max-width: 109px) 100vw, 109px\" \/><\/a><br \/>\nyou can download the flyer here <a title=\"tc flyer\" href=\"http:\/\/www.tunedcity.net\/press\/tc_tallinn_2010_flyer.pdf\" target=\"_blank\">&gt;&gt;&gt;<\/a><\/p>\n","protected":false},"excerpt":{"rendered":"<p>Tuned City Tallinn started with two workshop projects in the week 18.-22. may 2010, a series of artistic\/scientific research projects in the following week and a first public project presentation on may 29th 2010. Program details: 1. PUBLIC WORKSHOPS week 17-22 may 2010 workshop I Sonic Surveys of Tallinn exploring, location hunting, mapping and field [&hellip;]<\/p>\n","protected":false},"author":1,"featured_media":0,"parent":496,"menu_order":7,"comment_status":"closed","ping_status":"closed","template":"","meta":{"footnotes":""},"categories":[1],"tags":[],"class_list":["post-501","page","type-page","status-publish","hentry","category-allgemein"],"_links":{"self":[{"href":"https:\/\/www.tunedcity.net\/index.php?rest_route=\/wp\/v2\/pages\/501","targetHints":{"allow":["GET"]}}],"collection":[{"href":"https:\/\/www.tunedcity.net\/index.php?rest_route=\/wp\/v2\/pages"}],"about":[{"href":"https:\/\/www.tunedcity.net\/index.php?rest_route=\/wp\/v2\/types\/page"}],"author":[{"embeddable":true,"href":"https:\/\/www.tunedcity.net\/index.php?rest_route=\/wp\/v2\/users\/1"}],"replies":[{"embeddable":true,"href":"https:\/\/www.tunedcity.net\/index.php?rest_route=%2Fwp%2Fv2%2Fcomments&post=501"}],"version-history":[{"count":33,"href":"https:\/\/www.tunedcity.net\/index.php?rest_route=\/wp\/v2\/pages\/501\/revisions"}],"predecessor-version":[{"id":506,"href":"https:\/\/www.tunedcity.net\/index.php?rest_route=\/wp\/v2\/pages\/501\/revisions\/506"}],"up":[{"embeddable":true,"href":"https:\/\/www.tunedcity.net\/index.php?rest_route=\/wp\/v2\/pages\/496"}],"wp:attachment":[{"href":"https:\/\/www.tunedcity.net\/index.php?rest_route=%2Fwp%2Fv2%2Fmedia&parent=501"}],"wp:term":[{"taxonomy":"category","embeddable":true,"href":"https:\/\/www.tunedcity.net\/index.php?rest_route=%2Fwp%2Fv2%2Fcategories&post=501"},{"taxonomy":"post_tag","embeddable":true,"href":"https:\/\/www.tunedcity.net\/index.php?rest_route=%2Fwp%2Fv2%2Ftags&post=501"}],"curies":[{"name":"wp","href":"https:\/\/api.w.org\/{rel}","templated":true}]}}