{"id":496,"date":"2010-04-11T19:22:25","date_gmt":"2010-04-11T18:22:25","guid":{"rendered":"http:\/\/www.milchhof.net\/tc\/?page_id=496"},"modified":"2013-01-22T21:39:04","modified_gmt":"2013-01-22T20:39:04","slug":"lang_detuned-city-tallinnlang_de-lang_entuned-city-tallinnlang_en","status":"publish","type":"page","link":"https:\/\/www.tunedcity.net\/?page_id=496","title":{"rendered":"Tuned City Tallinn 2010\/11"},"content":{"rendered":"<p>see this in <a href=\"http:\/\/www.tunedcity.net\/?lp_lang_pref=ee&amp;page_id=496\" target=\"_self\">estonian &gt;&gt;&gt;<\/a><\/p>\n<p><\/p>\n<p><strong>Tuned City Tallinn<br \/>\nSonic Landmarks &#8211; a sonic path through Tallinn<br \/>\n<\/strong><em>official program of the European Cultural Capital Tallinn 2011<\/em><strong><\/strong><\/p>\n<p><strong>4th &#8211; 10th JULY 2011 \/ TALLINN<\/strong><\/p>\n<p><em>\u201cMost people would probably say that architecture does not produce sound, it cannot be heard. But neither does it radiate light yet it can be seen. We see the light it reflects and thereby gain an impression of form and material. In the same way we hear the sounds it reflects and they, too, give us an impression of form and material\u201d<br \/>\n(Steen Eiler Rasmussen &#8211; Experiencing Architecture (1959)<\/em><\/p>\n<p>Hear Tallinn with new ears! Buildings and architecture are usually described in visual terms. But it is often our sense of hearing which assists us in experiencing and navigating through the spaces of urban cities.<br \/>\nThere is no sound without space and no space without a sound. In every day life we are surrounded by the sounds of diverse nature and various origins. Language, sounds of nature and civilisation \u2013 sound as a carrier of information or as a factor of disturbance permanently encircles our consciousness.<br \/>\nTuned City Tallinn will undertake an acoustic exploration of Tallinn. The goal will be to identify and explore the sonic landmarks of the city which define its identity, shape its communication and transform the perceptions of its visitors and inhabitants. A fascinating cross-section of international artists, performers, scientists and thinkers will be brought together to present their ideas about sound and space. In addition, the public will be invited to participate directly through a series of workshops and sound walks and experience diverse site-specific installations, performances and demonstrations.<br \/>\nA pre-event was taking place <a href=\"https:\/\/www.tunedcity.net\/?page_id=501\">during the month of May 2010<\/a>, introducing our project with a series of workshops, performances and lectures.<br \/>\nTuned City Tallinn builds on ideas developed during the first ever event of its kind, held in Berlin during the summer of 2008.<\/p>\n<p>Tuned City is part of the official program of the <a title=\"http:\/\/www.tallinn2011.ee\" href=\"http:\/\/www.tallinn2011.ee\" target=\"_blank\">European Cultural Capital Tallinn 2011<\/a> and is co-produced with <a title=\"http:\/\/www.moks.ee\/\" href=\"http:\/\/www.moks.ee\/\" target=\"_blank\">MoKs<\/a> &#8211; center for art and social practice and is supported by the Tallinn 2011 Foundation, Estonian Cultural Endowment, Hasartm\u00e4ngumaksu N\u00f5ukogu, Eesti Vabariigi Kultuuriministeerium and Goethe-Institut Tallinn. In cooperation with The Estonian Academy of Arts, Kunshogskoleutdanninger i Norden KUNO and The Estonian Maritime Museeum.<\/p>\n<p><\/p>\n<p>[lang_ee]<\/p>\n<p><strong>Tuned City Tallinn<br \/>\nSonic Landmarks &#8211; a sonic path through Tallinn<br \/>\n<\/strong><em>Euroopa kultuuripealinn Tallinn 2011 ametliku programmi osa<\/em><\/p>\n<p>4th &#8211; 10th JULY 2011 \/ TALLINN<\/p>\n<p><em>\u201cArvatavasti \u00fctleb enamik inimesi, et arhitektuur ei produtseeri heli, seda ei ole v\u00f5imalik kuulda. Samamoodi ei kiirga arhitektuur valgust, aga sellegipoolest on see n\u00e4htav. Me n\u00e4eme valgust, mida ehitised peegeldavad ning niiviisi saame mulje vormist ja materjalist. Samamoodi kuuleme helisid, mida arhitektuur peegeldab ja niisama annab see meile mulje vormist ja materjalist.\u201d<\/em><br \/>\n<em> (Steen Eiler Rasmussen &#8211; Experiencing Architecture (1959)<\/em><\/p>\n<p>Kuula Tallinna uute k\u00f5rvadega! Tavaliselt kirjeldatakse ehitisi ja arhitektuuri visuaalsete m\u00e4rks\u00f5nadega. Aga tihti on just meie kuulmismeel see, mis aitab meid (linna)ruumi kogemisel ja selles liikumisel. Ei ole heli ilma ruumita ega ruumi ilma helita. Igap\u00e4evaelus \u00fcmbritsevad meid eri loomu ja p\u00e4ritoluga helid, mis info kandja v\u00f5i m\u00fcrafaktorina ringlevad pidevalt meie teadvuses.<br \/>\n2011. aasta suvel, mil Tallinn on Euroopa kultuuripealinn, v\u00f5tab Tuned City ette Tallinna akustilise avastamise. Eesm\u00e4rk on uurida ja identifitseerida linnaruumi helimaastiku m\u00e4rke; neid, mis defineerivad linna identiteeti, vormivad kommunikatsioone ja kujundavad elanike ja k\u00fclastajate meeli. Selleks tuleb Tallinna kokku suur hulk rahvusvahelisi kunstnikke, esinejaid, teadlasi ja m\u00f5tlejaid, et esitleda oma ideesid heli ja ruumi kohta. Lisaks kaasatakse avalikkust, pakkudes v\u00f5imalusi  l\u00fc\u00fca kaasa mitmes t\u00f6\u00f6toas ja helijalutusk\u00e4ikudel ning kogeda kohaspetsiifilisi installatsioone, <em>performance<\/em>\u2019e ja esitlusi.<\/p>\n<p>Tuned City Tallinn on v\u00f5rsunud ideedest, mida arendati esimesel Tuned City s\u00fcndmusel Berliinis 2008. aasta suvel. Tuned City kuulub <a title=\"http:\/\/www.tallinn2011.ee\" href=\"http:\/\/www.tallinn2011.ee\" target=\"_blank\">Euroopa kultuuripealinn Tallinn 2011<\/a> programmi ja on valminud koost\u00f6\u00f6s Mooste Kunsti ja Sotsiaalpraktika Keskusega (<a title=\"http:\/\/www.moks.ee\/\" href=\"http:\/\/www.moks.ee\/\" target=\"_blank\">MoKS<\/a>). Tallinn 2011 esitletava &#8220;Tuned City Tallinna&#8221; toetajad on ka Eesti Kultuurkapital, hasartm\u00e4ngumaksu n\u00f5ukogu, kultuuriministeerium ja Goethe Instituut, Briti N\u00f5ukogu, EACEA (Kultuuriprogramm), Hollandi kuningriigi suursaatkond, Taani saatkond, Norra saatkond, Nordecon. Projekt valmib koost\u00f6\u00f6s Eesti Kunstiakadeemia, Kunshogskoleutdanninger i Norden KUNO, von Krahli, Eesti Meremuuseumi ja Uue Maailma Seltsiga.<\/p>\n<p>[\/lang_ee]<\/p>\n<p><img loading=\"lazy\" decoding=\"async\" class=\"alignnone size-full wp-image-2860\" title=\"tc_logo_0107\" src=\"http:\/\/www.tunedcity.net\/wp-content\/uploads\/2010\/04\/tc_logo_0107.gif\" alt=\"\" width=\"504\" height=\"652\" srcset=\"https:\/\/www.tunedcity.net\/wp-content\/uploads\/2010\/04\/tc_logo_0107.gif 504w, https:\/\/www.tunedcity.net\/wp-content\/uploads\/2010\/04\/tc_logo_0107-231x300.gif 231w\" sizes=\"auto, (max-width: 504px) 100vw, 504px\" \/><\/p>","protected":false},"excerpt":{"rendered":"<p>see this in estonian &gt;&gt;&gt; Tuned City Tallinn Sonic Landmarks &#8211; a sonic path through Tallinn official program of the European Cultural Capital Tallinn 2011 4th &#8211; 10th JULY 2011 \/ TALLINN \u201cMost people would probably say that architecture does not produce sound, it cannot be heard. But neither does it radiate light yet it [&hellip;]<\/p>\n","protected":false},"author":1,"featured_media":0,"parent":0,"menu_order":1,"comment_status":"closed","ping_status":"closed","template":"","meta":{"footnotes":""},"categories":[1],"tags":[],"class_list":["post-496","page","type-page","status-publish","hentry","category-allgemein"],"_links":{"self":[{"href":"https:\/\/www.tunedcity.net\/index.php?rest_route=\/wp\/v2\/pages\/496","targetHints":{"allow":["GET"]}}],"collection":[{"href":"https:\/\/www.tunedcity.net\/index.php?rest_route=\/wp\/v2\/pages"}],"about":[{"href":"https:\/\/www.tunedcity.net\/index.php?rest_route=\/wp\/v2\/types\/page"}],"author":[{"embeddable":true,"href":"https:\/\/www.tunedcity.net\/index.php?rest_route=\/wp\/v2\/users\/1"}],"replies":[{"embeddable":true,"href":"https:\/\/www.tunedcity.net\/index.php?rest_route=%2Fwp%2Fv2%2Fcomments&post=496"}],"version-history":[{"count":29,"href":"https:\/\/www.tunedcity.net\/index.php?rest_route=\/wp\/v2\/pages\/496\/revisions"}],"predecessor-version":[{"id":498,"href":"https:\/\/www.tunedcity.net\/index.php?rest_route=\/wp\/v2\/pages\/496\/revisions\/498"}],"wp:attachment":[{"href":"https:\/\/www.tunedcity.net\/index.php?rest_route=%2Fwp%2Fv2%2Fmedia&parent=496"}],"wp:term":[{"taxonomy":"category","embeddable":true,"href":"https:\/\/www.tunedcity.net\/index.php?rest_route=%2Fwp%2Fv2%2Fcategories&post=496"},{"taxonomy":"post_tag","embeddable":true,"href":"https:\/\/www.tunedcity.net\/index.php?rest_route=%2Fwp%2Fv2%2Ftags&post=496"}],"curies":[{"name":"wp","href":"https:\/\/api.w.org\/{rel}","templated":true}]}}