{"id":4503,"date":"2013-06-20T13:39:40","date_gmt":"2013-06-20T11:39:40","guid":{"rendered":"http:\/\/www.tunedcity.net\/?page_id=4503"},"modified":"2013-06-23T10:34:49","modified_gmt":"2013-06-23T08:34:49","slug":"lang_destudentische-ausstellungenlang_de-lang_enstudent-exhibitionslang_en","status":"publish","type":"page","link":"https:\/\/www.tunedcity.net\/?page_id=4503","title":{"rendered":"Student Exhibition"},"content":{"rendered":"<p><img loading=\"lazy\" decoding=\"async\" class=\"alignnone size-full wp-image-4553\" title=\"student\" src=\"http:\/\/www.tunedcity.net\/wp-content\/uploads\/2013\/06\/student.jpg\" alt=\"\" width=\"500\" height=\"333\" srcset=\"https:\/\/www.tunedcity.net\/wp-content\/uploads\/2013\/06\/student.jpg 500w, https:\/\/www.tunedcity.net\/wp-content\/uploads\/2013\/06\/student-300x199.jpg 300w\" sizes=\"auto, (max-width: 500px) 100vw, 500px\" \/><\/p>\n<p><strong>Student presentations<\/strong> @ <em>Galerie Rivoli<\/em> <a href=\"https:\/\/maps.google.de\/maps\/ms?msid=208404514466747753528.0004dcfc8f5d39e0f1274&amp;msa=0&amp;iwloc=0004dcfc9ef76bae1d552\" target=\"_blank\">map &gt;&gt;&gt;<\/a><br \/>\nopening June 27, 14:00h<\/p>\n<p>opening times: June 27, 14:00 \u2013 18:00h, June 29, 12:00 \u2013 19:00h<\/p>\n<p><\/p>\n<p>Working with Brussels art schools has been particularly important in the context of Tuned City Brussels. Sint Lucas Architectuur (\u201cResonances of a blind spot\u201d), Erasmus Hogeschool RITS\/Radio (sound atelier), Sint Lukas Transmedia (\u201cInner\/Outer\u201d) and La Cambre (ENSAV) option Espace Urbain (\u201cInou\u00efr Space Exploration\u201d) worked in parallel threads on semester projects in the first half of 2013. Four public workshops in relation to the festival topics were led by external tutors.<\/p>\n<p>Q-O2 hosted two international workshop groups from the Masters of Artistic Research program (MAR) from the Royal Academy of Art (KABK), The Hague, Netherlands and The Sound Art Class from The Braunschweig University of Art (HBK), Germany working on the topics \u2018Modes of Listening\u2019 and \u2018Interpretation of Noise\u2019.<\/p>\n<p>Results of the semester projects and the workshops will be shown at Galerie Rivoli &#8211; a very charming 70s building in the south of Brussels.<br \/>\n<\/p>\n<p><\/p>\n<p>[lang_nl]<\/p>\n<p>De samenwerking met Brusselse kunsthogescholen was bijzonder belangrijk in de context van Tuned City Brussels. Sint Lucas Architectuur (\u2018Resonances of a blind spot\u2019), Erasmus Hogeschool Rits | Radio (audio atelier), Sint Lukas Transmedia (\u2018Inner\/Outer\u2019) en La Cambre (Ensav) option Espace Urbain (\u2018Inou\u00efr Space Exploration\u2019) werkten parallel aan semesterprojecten in de eerste helft van 2013. Vier publieke workshops met betrekking tot de festivalonderwerpen werden geleid door externe docenten.<\/p>\n<p>De resultaten van de projecten en workshops die in het eerste semester plaatsvonden zullen getoond worden in Galerie Rivoli, een charmant gebouw uit de jaren zeventig in het zuiden van Brussel.<\/p>\n<p>[\/lang_nl]<\/p>\n<p>[lang_fr]<\/p>\n<p>La collaboration avec les \u00e9coles d\u2019art bruxelloises fut particuli\u00e8rement importante dans CollaborationS SA MenwerkingEN le contexte de Tuned City Brussels. Sint Lucas Architectuur (\u2018Resonances of a blind spot\u2019), Erasmus Hogeschool Rits | Radio (atelier son), Sint Lukas Transmedia (\u2018Inner\/Outer\u2019) et La Cambre (Ensav) option Espace Urbain (\u2018Inou\u00efr Space Exploration\u2019) ont travaill\u00e9 dans un sens parall\u00e8le via des projets semestriels durant la premi\u00e8re moiti\u00e9 de 2013. Quatre workshops publics en rapport avec les th\u00e8mes du festival ont \u00e9t\u00e9 conduits par des profs externes.<\/p>\n<p>Les r\u00e9sultats des projets et des ateliers qui ont eu lieu au cours du premier semestre seront pr\u00e9sent\u00e9s \u00e0 la Galerie Rivoli, un charmant immeuble des ann\u00e9es soixante-dix dans le sud de Bruxelles.<\/p>\n<p>[\/lang_fr]<\/p>\n<p><strong>Students RITS<\/strong><\/p>\n<p>S\u00e9verine Champeaux &#8211; Boxlife &#8211;<br \/>\nSofie De Schrijver &#8211; <a title=\"http:\/\/polanoise.tumblr.com\/\" href=\"http:\/\/polanoise.tumblr.com\/\" target=\"_blank\">Polanoise<\/a><br \/>\nEva De Roo and Maarten Coosemans &#8211; De Opera Zingt<br \/>\nLucas Derycke and Misha Koole &#8211; Achter De Stilte<br \/>\nJoke Sluydts &#8211; City Beat<\/p>\n<p><strong>Students Braunschweig University of Arts (D)<\/strong><\/p>\n<p>Sabine Sellig &#8211; <a href=\"https:\/\/www.tunedcity.net\/?page_id=4516\">Inter &#8211; S<\/a><br \/>\nStefanie Matjeka  &#8211; <a href=\"https:\/\/www.tunedcity.net\/?page_id=4542\">Liaison<\/a><br \/>\nManuel Silberbach &#8211; o.T.<\/p>\n<p><strong>Students Sint-Lucas Architectuur<\/strong><\/p>\n<p>Yazgi Demirbas &#8211; variations of acoustic hats<br \/>\nLouise Frateur &#8211; rooftops on bxl<br \/>\nLyssa Giots &#8211; arrange to build<br \/>\nCharlotte Legouhy &#8211; building with the void<br \/>\nLiesbet Neesen &#8211; try to make the invisible visible<br \/>\nLigia Papoi &#8211; the voice of the microcosmos<br \/>\nRina Pohlmann &#8211; boundary zones<br \/>\nBirgit Sterckx &#8211; film-travel experience into a house<\/p>\n<p><strong>Students St. Lukas Transmedia<\/strong><\/p>\n<p>Amanda Andersen &#8211; The Traveling Backrest<br \/>\nPetar Kufner &#8211; The void between visual and aural<\/p>\n<p><img loading=\"lazy\" decoding=\"async\" class=\"alignnone size-full wp-image-4510\" title=\"RVL-Logo_web\" src=\"http:\/\/www.tunedcity.net\/wp-content\/uploads\/2013\/06\/RVL-Logo_web1.jpg\" alt=\"\" width=\"454\" height=\"32\" srcset=\"https:\/\/www.tunedcity.net\/wp-content\/uploads\/2013\/06\/RVL-Logo_web1.jpg 567w, https:\/\/www.tunedcity.net\/wp-content\/uploads\/2013\/06\/RVL-Logo_web1-300x21.jpg 300w\" sizes=\"auto, (max-width: 454px) 100vw, 454px\" \/><\/p>","protected":false},"excerpt":{"rendered":"<p>Student presentations @ Galerie Rivoli map &gt;&gt;&gt; opening June 27, 14:00h opening times: June 27, 14:00 \u2013 18:00h, June 29, 12:00 \u2013 19:00h Working with Brussels art schools has been particularly important in the context of Tuned City Brussels. Sint Lucas Architectuur (\u201cResonances of a blind spot\u201d), Erasmus Hogeschool RITS\/Radio (sound atelier), Sint Lukas Transmedia [&hellip;]<\/p>\n","protected":false},"author":1,"featured_media":0,"parent":3217,"menu_order":60,"comment_status":"closed","ping_status":"closed","template":"","meta":{"footnotes":""},"categories":[1],"tags":[],"class_list":["post-4503","page","type-page","status-publish","hentry","category-allgemein"],"_links":{"self":[{"href":"https:\/\/www.tunedcity.net\/index.php?rest_route=\/wp\/v2\/pages\/4503","targetHints":{"allow":["GET"]}}],"collection":[{"href":"https:\/\/www.tunedcity.net\/index.php?rest_route=\/wp\/v2\/pages"}],"about":[{"href":"https:\/\/www.tunedcity.net\/index.php?rest_route=\/wp\/v2\/types\/page"}],"author":[{"embeddable":true,"href":"https:\/\/www.tunedcity.net\/index.php?rest_route=\/wp\/v2\/users\/1"}],"replies":[{"embeddable":true,"href":"https:\/\/www.tunedcity.net\/index.php?rest_route=%2Fwp%2Fv2%2Fcomments&post=4503"}],"version-history":[{"count":17,"href":"https:\/\/www.tunedcity.net\/index.php?rest_route=\/wp\/v2\/pages\/4503\/revisions"}],"predecessor-version":[{"id":4505,"href":"https:\/\/www.tunedcity.net\/index.php?rest_route=\/wp\/v2\/pages\/4503\/revisions\/4505"}],"up":[{"embeddable":true,"href":"https:\/\/www.tunedcity.net\/index.php?rest_route=\/wp\/v2\/pages\/3217"}],"wp:attachment":[{"href":"https:\/\/www.tunedcity.net\/index.php?rest_route=%2Fwp%2Fv2%2Fmedia&parent=4503"}],"wp:term":[{"taxonomy":"category","embeddable":true,"href":"https:\/\/www.tunedcity.net\/index.php?rest_route=%2Fwp%2Fv2%2Fcategories&post=4503"},{"taxonomy":"post_tag","embeddable":true,"href":"https:\/\/www.tunedcity.net\/index.php?rest_route=%2Fwp%2Fv2%2Ftags&post=4503"}],"curies":[{"name":"wp","href":"https:\/\/api.w.org\/{rel}","templated":true}]}}