{"id":4377,"date":"2013-06-16T20:35:03","date_gmt":"2013-06-16T18:35:03","guid":{"rendered":"http:\/\/www.tunedcity.net\/?page_id=4377"},"modified":"2013-06-17T15:10:11","modified_gmt":"2013-06-17T13:10:11","slug":"listening-back-and-forth-in-brussels","status":"publish","type":"page","link":"https:\/\/www.tunedcity.net\/?page_id=4377","title":{"rendered":"Listening Back and Forth in Brussels"},"content":{"rendered":"<p><a href=\"https:\/\/www.tunedcity.net\/?page_id=1315\">Felicity Ford<\/a> (UK) &amp; <a href=\"https:\/\/www.tunedcity.net\/?page_id=523\">Valeria Merlini<\/a> (IT)<\/p>\n<p><img loading=\"lazy\" decoding=\"async\" class=\"alignnone size-full wp-image-4034\" title=\"zazie\" src=\"http:\/\/www.tunedcity.net\/wp-content\/uploads\/2013\/05\/zazie.jpg\" alt=\"\" width=\"499\" height=\"332\" srcset=\"https:\/\/www.tunedcity.net\/wp-content\/uploads\/2013\/05\/zazie.jpg 1024w, https:\/\/www.tunedcity.net\/wp-content\/uploads\/2013\/05\/zazie-300x199.jpg 300w\" sizes=\"auto, (max-width: 499px) 100vw, 499px\" \/><\/p>\n<p>Brussels has a particular sonic identity. Felicity Ford and Valeria Merlini explored the sonorities of the city. They focused on both interior and exterior spaces, individual versus collective experiences and a range of possibilities to hear a city. Listening Back and Forth in Brussels is envisaged as a diffusion concert performance. It will offer the audience some sense of the aural character of the largest urban area in Belgium. The<br \/>\naudience is invited to spread out and relax for an optimal listening experience full of sometimes stunning, at times familiar or completely unexpected sonic impressions.<br \/>\n<\/p>\n<p><\/p>\n<p>[lang_nl]<\/p>\n<p>Brussels bezit een bijzonder klankbeeld. Felicity Ford en Valeria Merlini onderzochten het op allerlei manieren en trakteren het publiek tijdens Listening Back and Forth in Brussels op hun klankindrukken uit hetgrootste stedelijke gebied van Belgi\u00eb. Verwacht u alvast aan adembenemende, soms vertrouwde en dan weer onverwachte geluiden. [\/lang_nl]<\/p>\n<p>[lang_fr]<\/p>\n<p>Bruxelles poss\u00e8de une image sonore sp\u00e9ciale. Felicity Ford et Valeria Merlini l\u2019explorent de diff\u00e9rentes fa\u00e7ons et proposent lors de Listening Back and Forth in Brusselsleurs impressions sonores de la plus grande r\u00e9gion urbaine de Belgique. Attendez-vous \u00e0 des sons tant\u00f4t \u00e9poustouflants, tant\u00f4t familiers ou inattendus.[\/lang_fr]<\/p>","protected":false},"excerpt":{"rendered":"<p>(UK) &amp; (IT) Brussels has a particular sonic identity. Felicity Ford and Valeria Merlini explored the sonorities of the city. They focused on both interior and exterior spaces, individual versus collective experiences and a range of possibilities to hear a city. Listening Back and Forth in Brussels is envisaged as a diffusion concert performance. It [&hellip;]<\/p>\n","protected":false},"author":1,"featured_media":0,"parent":3568,"menu_order":0,"comment_status":"closed","ping_status":"closed","template":"","meta":{"footnotes":""},"categories":[1],"tags":[],"class_list":["post-4377","page","type-page","status-publish","hentry","category-allgemein"],"_links":{"self":[{"href":"https:\/\/www.tunedcity.net\/index.php?rest_route=\/wp\/v2\/pages\/4377","targetHints":{"allow":["GET"]}}],"collection":[{"href":"https:\/\/www.tunedcity.net\/index.php?rest_route=\/wp\/v2\/pages"}],"about":[{"href":"https:\/\/www.tunedcity.net\/index.php?rest_route=\/wp\/v2\/types\/page"}],"author":[{"embeddable":true,"href":"https:\/\/www.tunedcity.net\/index.php?rest_route=\/wp\/v2\/users\/1"}],"replies":[{"embeddable":true,"href":"https:\/\/www.tunedcity.net\/index.php?rest_route=%2Fwp%2Fv2%2Fcomments&post=4377"}],"version-history":[{"count":3,"href":"https:\/\/www.tunedcity.net\/index.php?rest_route=\/wp\/v2\/pages\/4377\/revisions"}],"predecessor-version":[{"id":4419,"href":"https:\/\/www.tunedcity.net\/index.php?rest_route=\/wp\/v2\/pages\/4377\/revisions\/4419"}],"up":[{"embeddable":true,"href":"https:\/\/www.tunedcity.net\/index.php?rest_route=\/wp\/v2\/pages\/3568"}],"wp:attachment":[{"href":"https:\/\/www.tunedcity.net\/index.php?rest_route=%2Fwp%2Fv2%2Fmedia&parent=4377"}],"wp:term":[{"taxonomy":"category","embeddable":true,"href":"https:\/\/www.tunedcity.net\/index.php?rest_route=%2Fwp%2Fv2%2Fcategories&post=4377"},{"taxonomy":"post_tag","embeddable":true,"href":"https:\/\/www.tunedcity.net\/index.php?rest_route=%2Fwp%2Fv2%2Ftags&post=4377"}],"curies":[{"name":"wp","href":"https:\/\/api.w.org\/{rel}","templated":true}]}}