{"id":423,"date":"2009-03-04T13:28:44","date_gmt":"2009-03-04T12:28:44","guid":{"rendered":"http:\/\/www.tunedcity.de\/?page_id=423"},"modified":"2022-01-07T09:53:34","modified_gmt":"2022-01-07T08:53:34","slug":"tunedcity-audio-documentation-01-05-june-2008","status":"publish","type":"page","link":"https:\/\/www.tunedcity.net\/?page_id=423","title":{"rendered":"tunedcity audio documentation 01.-05. June 2008"},"content":{"rendered":"<ul class=\"level1\">\n<li><a href=\"http:\/\/www.tunedcity.de\/\/?page_id=337\" title=\" Altmann, J\u00fcrgen \/ acoustic weapons\"> Altmann, J\u00fcrgen \/ acoustic weapons<\/a><\/li>\n<\/ul>\n<!--[if lt IE 9]><script>document.createElement('audio');<\/script><![endif]-->\n<audio class=\"wp-audio-shortcode\" id=\"audio-423-1\" preload=\"none\" style=\"width: 100%;\" controls=\"controls\"><source type=\"audio\/mpeg\" src=\"http:\/\/www.garage-g.de\/tunedcity\/audio\/altman.mp3?_=1\" \/><a href=\"http:\/\/www.garage-g.de\/tunedcity\/audio\/altman.mp3\">http:\/\/www.garage-g.de\/tunedcity\/audio\/altman.mp3<\/a><\/audio>\n<ul class=\"level1\">\n<li><a href=\"http:\/\/www.tunedcity.de\/\/?page_id=355\" title=\" Amphoux, Pascal \/ sonic effects and other criteria of public space \"> Amphoux, Pascal \/ sonic effects and other criteria of public space <\/a><\/li>\n<\/ul>\n<audio class=\"wp-audio-shortcode\" id=\"audio-423-2\" preload=\"none\" style=\"width: 100%;\" controls=\"controls\"><source type=\"audio\/mpeg\" src=\"http:\/\/www.garage-g.de\/tunedcity\/audio\/amphaux_trans.mp3?_=2\" \/><a href=\"http:\/\/www.garage-g.de\/tunedcity\/audio\/amphaux_trans.mp3\">http:\/\/www.garage-g.de\/tunedcity\/audio\/amphaux_trans.mp3<\/a><\/audio>\n<ul class=\"level1\">\n<li><a href=\"http:\/\/www.tunedcity.de\/\/?page_id=338\" title=\" Ankersmit, Thomas \/ spatial perception and directional sound\"> Ankersmit, Thomas \/ spatial perception and directional sound<\/a><\/li>\n<\/ul>\n<audio class=\"wp-audio-shortcode\" id=\"audio-423-3\" preload=\"none\" style=\"width: 100%;\" controls=\"controls\"><source type=\"audio\/mpeg\" src=\"http:\/\/www.garage-g.de\/tunedcity\/audio\/ankersmit.mp3?_=3\" \/><a href=\"http:\/\/www.garage-g.de\/tunedcity\/audio\/ankersmit.mp3\">http:\/\/www.garage-g.de\/tunedcity\/audio\/ankersmit.mp3<\/a><\/audio>\n<ul class=\"level1\">\n<li><a href=\"http:\/\/www.tunedcity.de\/\/?page_id=311\" title=\" Aubry, Gilles \/ the chant of the buidings - composing with field recordings\"> Aubry, Gilles \/ the chant of the buidings &#8211; composing with field recordings <\/a><\/li>\n<\/ul>\n<ul class=\"level1\">\n<li><a href=\"http:\/\/www.tunedcity.de\/\/?page_id=29\">Mark Bain<\/a> \/ <a href=\"http:\/\/www.tunedcity.de\/\/?page_id=111\">Arno Brandlhuber<\/a> (b&amp;k+ Arno Brandlhuber, Berlin) \/ <a href=\"http:\/\/www.tunedcity.de\/\/?page_id=191\"><strong>BUG<\/strong><\/a><\/li>\n<\/ul>\n<audio class=\"wp-audio-shortcode\" id=\"audio-423-4\" preload=\"none\" style=\"width: 100%;\" controls=\"controls\"><source type=\"audio\/mpeg\" src=\"http:\/\/www.garage-g.de\/tunedcity\/audio\/emde_bain.mp3?_=4\" \/><a href=\"http:\/\/www.garage-g.de\/tunedcity\/audio\/emde_bain.mp3\">http:\/\/www.garage-g.de\/tunedcity\/audio\/emde_bain.mp3<\/a><\/audio>\n<li><a href=\"http:\/\/www.tunedcity.de\/\/?page_id=340\" title=\" Behrendt, Frauke \/ Navigating Hybrid Spaces via Sound\">Behrendt, Frauke \/ Navigating Hybrid Spaces via Sound<\/a><\/li>\n<li><a href=\"http:\/\/www.tunedcity.de\/\/?page_id=350\" title=\" Blesser, Barry \/ spaces speak, are you listening?lang_en]\">Blesser, Barry \/ spaces speak, are you listening?<\/a><\/li>\n<audio class=\"wp-audio-shortcode\" id=\"audio-423-5\" preload=\"none\" style=\"width: 100%;\" controls=\"controls\"><source type=\"audio\/mpeg\" src=\"http:\/\/www.garage-g.de\/tunedcity\/audio\/blesser.mp3?_=5\" \/><a href=\"http:\/\/www.garage-g.de\/tunedcity\/audio\/blesser.mp3\">http:\/\/www.garage-g.de\/tunedcity\/audio\/blesser.mp3<\/a><\/audio>\n<ul class=\"level1\">\n<li><a href=\"http:\/\/www.tunedcity.de\/\/?page_id=350\" title=\" Blesser, Barry \/ spaces speak, are you listening?lang_en]\"><\/a><\/li>\n<\/ul>\n<ul class=\"level1\">\n<li><a href=\"http:\/\/www.tunedcity.de\/\/?page_id=353\" title=\" Feldmann, Joachim \/  scientific echo chamber and anechoic chamber\">Feldmann, Joachim \/  scientific echo chamber and anechoic chamber<\/a><\/li>\n<ul class=\"level1\">\n<li><a href=\"http:\/\/www.tunedcity.de\/\/?page_id=356\" title=\" Ganchrow, Raviv \/ phased space\">Ganchrow, Raviv \/ phased space<\/a><\/li>\n<\/ul>\n<audio class=\"wp-audio-shortcode\" id=\"audio-423-6\" preload=\"none\" style=\"width: 100%;\" controls=\"controls\"><source type=\"audio\/mpeg\" src=\"http:\/\/www.garage-g.de\/tunedcity\/audio\/raviv.mp3?_=6\" \/><a href=\"http:\/\/www.garage-g.de\/tunedcity\/audio\/raviv.mp3\">http:\/\/www.garage-g.de\/tunedcity\/audio\/raviv.mp3<\/a><\/audio>\n<ul class=\"level1\">\n<li><a href=\"http:\/\/www.tunedcity.de\/\/?page_id=351\" title=\" Garcia-Abril, Anton \/ building for sound \">Garcia-Abril, Anton \/ building for sound<\/a><\/li>\n<\/ul>\n<audio class=\"wp-audio-shortcode\" id=\"audio-423-7\" preload=\"none\" style=\"width: 100%;\" controls=\"controls\"><source type=\"audio\/mpeg\" src=\"http:\/\/www.garage-g.de\/tunedcity\/audio\/abril.mp3?_=7\" \/><a href=\"http:\/\/www.garage-g.de\/tunedcity\/audio\/abril.mp3\">http:\/\/www.garage-g.de\/tunedcity\/audio\/abril.mp3<\/a><\/audio>\n<ul class=\"level1\">\n<li><a href=\"http:\/\/www.tunedcity.de\/\/?page_id=354\" title=\" Hauser, Susanne \/ the eye, the ear and the big city\">Hauser, Susanne \/ the eye, the ear and the big city<\/a><\/li>\n<\/ul>\n<ul class=\"level1\">\n<li><a href=\"http:\/\/www.tunedcity.de\/\/?page_id=327\" title=\" Hepworth, Katie + Curgenven, Rob \/ TACIT:TACET: milan sound atlas  \">Hepworth, Katie + Curgenven, Rob \/ TACIT:TACET: milan sound atlas<\/a><\/li>\n<\/ul>\n<ul class=\"level1\">\n<li><a href=\"http:\/\/www.tunedcity.de\/\/?page_id=346\" title=\" Khazam, Rahma \/ Sounds like Architecture\">Khazam, Rahma \/ Sounds like Architecture<\/a><\/li>\n<\/ul>\n<audio class=\"wp-audio-shortcode\" id=\"audio-423-8\" preload=\"none\" style=\"width: 100%;\" controls=\"controls\"><source type=\"audio\/mpeg\" src=\"http:\/\/www.garage-g.de\/tunedcity\/audio\/kazahm.mp3?_=8\" \/><a href=\"http:\/\/www.garage-g.de\/tunedcity\/audio\/kazahm.mp3\">http:\/\/www.garage-g.de\/tunedcity\/audio\/kazahm.mp3<\/a><\/audio>\n<ul class=\"level1\">\n<li><a href=\"http:\/\/www.tunedcity.de\/\/?page_id=336\" title=\" Koelsch, Stefan \/ from the eardrum to the heart\">Koelsch, Stefan \/ from the eardrum to the heart<\/a><\/li>\n<\/ul>\n<audio class=\"wp-audio-shortcode\" id=\"audio-423-9\" preload=\"none\" style=\"width: 100%;\" controls=\"controls\"><source type=\"audio\/mpeg\" src=\"http:\/\/www.garage-g.de\/tunedcity\/audio\/koelsch_02.mp3?_=9\" \/><a href=\"http:\/\/www.garage-g.de\/tunedcity\/audio\/koelsch_02.mp3\">http:\/\/www.garage-g.de\/tunedcity\/audio\/koelsch_02.mp3<\/a><\/audio>\n<ul class=\"level1\">\n<li><a href=\"http:\/\/www.tunedcity.de\/\/?page_id=339\" title=\" Kursell, Julia \/ miniature space of the ear \">Kursell, Julia \/ miniature space of the ear<\/a><\/li>\n<\/ul>\n<audio class=\"wp-audio-shortcode\" id=\"audio-423-10\" preload=\"none\" style=\"width: 100%;\" controls=\"controls\"><source type=\"audio\/mpeg\" src=\"http:\/\/www.garage-g.de\/tunedcity\/audio\/kursell.mp3?_=10\" \/><a href=\"http:\/\/www.garage-g.de\/tunedcity\/audio\/kursell.mp3\">http:\/\/www.garage-g.de\/tunedcity\/audio\/kursell.mp3<\/a><\/audio>\n<ul class=\"level1\">\n<li><a href=\"http:\/\/www.tunedcity.de\/\/?page_id=352\" title=\" Leitner, Bernhard \/ presentation of the soundspace at TU \">Leitner, Bernhard \/ presentation of the soundspace at TU<\/a><\/li>\n<\/ul>\n<ul class=\"level1\">\n<li><em>panel with<\/em> <a href=\"http:\/\/www.tunedcity.de\/\/?page_id=128\">Bernhard Leitner<\/a>, <a href=\"http:\/\/www.tunedcity.de\/\/?page_id=108\">Sam Auinger<\/a>, <a href=\"http:\/\/www.tunedcity.de\/\/?page_id=129\">magma architecture<\/a><\/li>\n<\/ul>\n<audio class=\"wp-audio-shortcode\" id=\"audio-423-11\" preload=\"none\" style=\"width: 100%;\" controls=\"controls\"><source type=\"audio\/mpeg\" src=\"http:\/\/www.garage-g.de\/tunedcity\/audio\/salon.mp3?_=11\" \/><a href=\"http:\/\/www.garage-g.de\/tunedcity\/audio\/salon.mp3\">http:\/\/www.garage-g.de\/tunedcity\/audio\/salon.mp3<\/a><\/audio>\n<ul class=\"level1\">\n<li><a href=\"http:\/\/www.tunedcity.de\/\/?page_id=344\" title=\" Martinho, Cl\u00e1udia \/ counter tactics\">Martinho, Cl\u00e1udia \/ counter tactics<\/a><\/li>\n<\/ul>\n<audio class=\"wp-audio-shortcode\" id=\"audio-423-12\" preload=\"none\" style=\"width: 100%;\" controls=\"controls\"><source type=\"audio\/mpeg\" src=\"http:\/\/www.garage-g.de\/tunedcity\/audio\/martinho.mp3?_=12\" \/><a href=\"http:\/\/www.garage-g.de\/tunedcity\/audio\/martinho.mp3\">http:\/\/www.garage-g.de\/tunedcity\/audio\/martinho.mp3<\/a><\/audio>\n<ul class=\"level1\">\n<li><a href=\"http:\/\/www.tunedcity.de\/\/?page_id=306\" title=\" Noll, Udo \/ radio aporee ::: maps\">Noll, Udo \/ radio aporee ::: maps<\/a><\/li>\n<\/ul>\n<audio class=\"wp-audio-shortcode\" id=\"audio-423-13\" preload=\"none\" style=\"width: 100%;\" controls=\"controls\"><source type=\"audio\/mpeg\" src=\"http:\/\/www.garage-g.de\/tunedcity\/audio\/noll.mp3?_=13\" \/><a href=\"http:\/\/www.garage-g.de\/tunedcity\/audio\/noll.mp3\">http:\/\/www.garage-g.de\/tunedcity\/audio\/noll.mp3<\/a><\/audio>\n<ul class=\"level1\">\n<li><a href=\"http:\/\/www.tunedcity.de\/\/?page_id=357\" title=\" Papenburg, Jens Gerrit \/ Muzak. Zum H\u00f6ren des Nicht-H\u00f6rens\">Papenburg, Jens Gerrit \/ Muzak. Zum H\u00f6ren des Nicht-H\u00f6rens<\/a><\/li>\n<\/ul>\n<ul class=\"level1\">\n<li><a href=\"http:\/\/www.tunedcity.de\/\/?page_id=345\" title=\" Quiring, Bj\u00f6rn \/ The Foundational Sounds of Vitruvius\">Quiring, Bj\u00f6rn \/ The Foundational Sounds of Vitruvius<\/a><\/li>\n<\/ul>\n<ul class=\"level1\">\n<li><a href=\"http:\/\/www.tunedcity.de\/\/?page_id=347\" title=\" Rambow, Riklef \/ Rock\u2019n\u2019Roll ain\u2019t Noise Pollution\">Rambow, Riklef \/ Rock\u2019n\u2019Roll ain\u2019t Noise Pollution<\/a><\/li>\n<\/ul>\n<ul class=\"level1\">\n<li><a href=\"http:\/\/www.tunedcity.de\/\/?page_id=360\" title=\" raumlaborberlin \/ Eichbaumoper\">raumlaborberlin \/ Eichbaumoper<\/a><\/li>\n<\/ul>\n<ul class=\"level1\">\n<li><a href=\"http:\/\/www.tunedcity.de\/\/?page_id=363\" title=\" Sch\u00e4fer, Olaf + Walter, Urs \/ drafting with sound\">Sch\u00e4fer, Olaf + Walter, Urs \/ drafting with sound<\/a><\/li>\n<\/ul>\n<ul class=\"level1\">\n<li><a href=\"http:\/\/www.tunedcity.de\/\/?page_id=362\" title=\" Sikiaridi, Elisabeth \/ Morphologies or the Architectures of Iannis Xenakis \">Sikiaridi, Elisabeth \/ Morphologies or the Architectures of Iannis Xenakis<\/a><\/li>\n<\/ul>\n<ul class=\"level1\">\n<li><a href=\"http:\/\/www.tunedcity.de\/\/?page_id=380\" title=\" Sinclair, Peter + Duque, Alejandoro + Clauss, Julien \/ locus sonus\">Sinclair, Peter + Duque, Alejandoro + Clauss, Julien \/ locus sonus<\/a><\/li>\n<\/ul>\n<ul class=\"level1\">\n<li><a href=\"http:\/\/www.tunedcity.de\/\/?page_id=307\" title=\" Sonntag, Jan Peter E.R. \/ Arbeiten im raum\">Sonntag, Jan Peter E.R. \/ Arbeiten im raum<\/a><\/li>\n<\/ul>\n<ul class=\"level1\">\n<li><a href=\"http:\/\/www.tunedcity.de\/\/?page_id=348\" title=\" Steinke, Gerhard \/ the room is the robe of the musicsi\">Steinke, Gerhard \/ the room is the robe of the musicsi<\/a><\/li>\n<\/ul>\n<ul class=\"level1\">\n<li><a href=\"http:\/\/www.tunedcity.de\/\/?page_id=358\" title=\" tx - b\u00fcro f\u00fcr tempor\u00e4re architektur \/ wriezener freiraumlabor\">tx &#8211; b\u00fcro f\u00fcr tempor\u00e4re architektur \/ wriezener freiraumlabor<\/a><\/li>\n<\/ul>\n<ul class=\"level1\">\n<li><a href=\"http:\/\/www.tunedcity.de\/\/?page_id=310\" title=\" van der Heide, Edwin \/ field of overtones \">van der Heide, Edwin \/ field of overtones<\/a><\/li>\n<\/ul>\n<ul class=\"level1\">\n<li><a href=\"http:\/\/www.tunedcity.de\/\/?page_id=373\" title=\" Voogelar, Frans \/ beyond you-topia \">Voogelar, Frans \/ beyond you-topia<\/a><\/li>\n<\/ul>\n<ul class=\"level1\">\n<li><a href=\"http:\/\/www.tunedcity.de\/\/?page_id=361\" title=\" Watson, Chris \/ listenining to the city\">Watson, Chris \/ listenining to the city<\/a><\/li>\n<\/ul>\n<ul class=\"level1\">\n<li><a href=\"http:\/\/www.tunedcity.de\/\/?page_id=330\" title=\" Willecke, Barbara \/ Nauener Platz  \">Willecke, Barbara \/ Nauener Platz  <\/a><\/li>\n<\/ul>\n","protected":false},"excerpt":{"rendered":"<p>Altmann, J\u00fcrgen \/ acoustic weapons http:\/\/www.garage-g.de\/tunedcity\/audio\/altman.mp3 Amphoux, Pascal \/ sonic effects and other criteria of public space http:\/\/www.garage-g.de\/tunedcity\/audio\/amphaux_trans.mp3 Ankersmit, Thomas \/ spatial perception and directional sound http:\/\/www.garage-g.de\/tunedcity\/audio\/ankersmit.mp3 Aubry, Gilles \/ the chant of the buidings &#8211; composing with field recordings Mark Bain \/ Arno Brandlhuber (b&amp;k+ Arno Brandlhuber, Berlin) \/ BUG http:\/\/www.garage-g.de\/tunedcity\/audio\/emde_bain.mp3 Behrendt, Frauke \/ [&hellip;]<\/p>\n","protected":false},"author":1,"featured_media":0,"parent":330,"menu_order":0,"comment_status":"closed","ping_status":"closed","template":"","meta":{"footnotes":""},"categories":[1],"tags":[],"class_list":["post-423","page","type-page","status-publish","hentry","category-allgemein"],"_links":{"self":[{"href":"https:\/\/www.tunedcity.net\/index.php?rest_route=\/wp\/v2\/pages\/423","targetHints":{"allow":["GET"]}}],"collection":[{"href":"https:\/\/www.tunedcity.net\/index.php?rest_route=\/wp\/v2\/pages"}],"about":[{"href":"https:\/\/www.tunedcity.net\/index.php?rest_route=\/wp\/v2\/types\/page"}],"author":[{"embeddable":true,"href":"https:\/\/www.tunedcity.net\/index.php?rest_route=\/wp\/v2\/users\/1"}],"replies":[{"embeddable":true,"href":"https:\/\/www.tunedcity.net\/index.php?rest_route=%2Fwp%2Fv2%2Fcomments&post=423"}],"version-history":[{"count":3,"href":"https:\/\/www.tunedcity.net\/index.php?rest_route=\/wp\/v2\/pages\/423\/revisions"}],"predecessor-version":[{"id":6062,"href":"https:\/\/www.tunedcity.net\/index.php?rest_route=\/wp\/v2\/pages\/423\/revisions\/6062"}],"up":[{"embeddable":true,"href":"https:\/\/www.tunedcity.net\/index.php?rest_route=\/wp\/v2\/pages\/330"}],"wp:attachment":[{"href":"https:\/\/www.tunedcity.net\/index.php?rest_route=%2Fwp%2Fv2%2Fmedia&parent=423"}],"wp:term":[{"taxonomy":"category","embeddable":true,"href":"https:\/\/www.tunedcity.net\/index.php?rest_route=%2Fwp%2Fv2%2Fcategories&post=423"},{"taxonomy":"post_tag","embeddable":true,"href":"https:\/\/www.tunedcity.net\/index.php?rest_route=%2Fwp%2Fv2%2Ftags&post=423"}],"curies":[{"name":"wp","href":"https:\/\/api.w.org\/{rel}","templated":true}]}}