{"id":391,"date":"2008-06-21T16:46:47","date_gmt":"2008-06-21T15:46:47","guid":{"rendered":"http:\/\/www.tunedcity.de\/?page_id=391"},"modified":"2010-05-04T20:08:04","modified_gmt":"2010-05-04T19:08:04","slug":"sinclair-peter-ukf","status":"publish","type":"page","link":"https:\/\/www.tunedcity.net\/?page_id=391","title":{"rendered":"Sinclair, Peter (UK\/F)"},"content":{"rendered":"<p>Peter Sinclair is a digital media and sound artist. He is a tenured professor at Ecole Sup\u00e9rieure d&#8217;Art d&#8217;Aix-en-Provence where he has been responsible for the sound department since 1996.  He is also currently a member of the scientific council for research and studies at the DAP (fine arts departement of the Ministry for Culture) and director of the research project &#8220;Territoires \u00e9lectronique de la cr\u00e9ation plastique sonore&#8221; (the electronic territories of sound art) which is a collaboration between Ecole Sup\u00e9rieure d&#8217;Art d&#8217;Aix-en-Provence\/Locus Sonus and Universit\u00e9 de Provence &#8211; Aix\/Marseilles LAMES\/CNRS-MMSH.<\/p>\n<p>Peter Sinclair is known for his sound installations and othe cross-disciplinary works which  use sound as their principal medium. Excited by technology but handling it with critical irony, his work has moved from burlesque mechanics, through the misuse of computers to performance that parodises modern media language in transatlantic streamed-collaborations.<\/p>\n<p>Aside from his personal artistic productions Peter Sinclair participates in various collectives such as &#8220;PacLap&#8221; and &#8220;Daisy Chain&#8221; and he has been working with New York based artist GH Hovagimyan since 1996. Their collaborative works, which include Excercises in talking, a soapopera for laptops, heartbreak hotel, shooter and Rant rant back back rant, have been shown frequently in Europe and the US.<\/p>\n<p><\/p>\n<p><a href=\"http:\/\/nujus.net\/~petesinc\/\" title=\"peter sinclair\" target=\"_blank\">http:\/\/nujus.net\/~petesinc\/<\/a><\/p>\n<p>appearance at Tuned City<br \/>\n<a href=\"https:\/\/www.tunedcity.net\/?page_id=147\">sound and social communication \/ 03.07.08<\/a><\/p>\n<p><\/p>","protected":false},"excerpt":{"rendered":"<p>Peter Sinclair is a digital media and sound artist. He is a tenured professor at Ecole Sup\u00e9rieure d&#8217;Art d&#8217;Aix-en-Provence where he has been responsible for the sound department since 1996. He is also currently a member of the scientific council for research and studies at the DAP (fine arts departement of the Ministry for Culture) [&hellip;]<\/p>\n","protected":false},"author":1,"featured_media":0,"parent":19,"menu_order":0,"comment_status":"closed","ping_status":"closed","template":"","meta":{"footnotes":""},"categories":[1],"tags":[],"class_list":["post-391","page","type-page","status-publish","hentry","category-allgemein"],"_links":{"self":[{"href":"https:\/\/www.tunedcity.net\/index.php?rest_route=\/wp\/v2\/pages\/391","targetHints":{"allow":["GET"]}}],"collection":[{"href":"https:\/\/www.tunedcity.net\/index.php?rest_route=\/wp\/v2\/pages"}],"about":[{"href":"https:\/\/www.tunedcity.net\/index.php?rest_route=\/wp\/v2\/types\/page"}],"author":[{"embeddable":true,"href":"https:\/\/www.tunedcity.net\/index.php?rest_route=\/wp\/v2\/users\/1"}],"replies":[{"embeddable":true,"href":"https:\/\/www.tunedcity.net\/index.php?rest_route=%2Fwp%2Fv2%2Fcomments&post=391"}],"version-history":[{"count":1,"href":"https:\/\/www.tunedcity.net\/index.php?rest_route=\/wp\/v2\/pages\/391\/revisions"}],"predecessor-version":[{"id":701,"href":"https:\/\/www.tunedcity.net\/index.php?rest_route=\/wp\/v2\/pages\/391\/revisions\/701"}],"up":[{"embeddable":true,"href":"https:\/\/www.tunedcity.net\/index.php?rest_route=\/wp\/v2\/pages\/19"}],"wp:attachment":[{"href":"https:\/\/www.tunedcity.net\/index.php?rest_route=%2Fwp%2Fv2%2Fmedia&parent=391"}],"wp:term":[{"taxonomy":"category","embeddable":true,"href":"https:\/\/www.tunedcity.net\/index.php?rest_route=%2Fwp%2Fv2%2Fcategories&post=391"},{"taxonomy":"post_tag","embeddable":true,"href":"https:\/\/www.tunedcity.net\/index.php?rest_route=%2Fwp%2Fv2%2Ftags&post=391"}],"curies":[{"name":"wp","href":"https:\/\/api.w.org\/{rel}","templated":true}]}}