{"id":3907,"date":"2013-05-27T16:39:15","date_gmt":"2013-05-27T14:39:15","guid":{"rendered":"http:\/\/www.tunedcity.net\/?page_id=3907"},"modified":"2013-06-24T08:34:36","modified_gmt":"2013-06-24T06:34:36","slug":"performance","status":"publish","type":"page","link":"https:\/\/www.tunedcity.net\/?page_id=3907","title":{"rendered":"ma-ta-ta-bi"},"content":{"rendered":"<p>performance by <a href=\"https:\/\/www.tunedcity.net\/?page_id=187\">Akio Suzuki<\/a> (JP) &amp; <a href=\"https:\/\/www.tunedcity.net\/?page_id=3537\">Aki Onda<\/a> (US)<\/p>\n<p><img loading=\"lazy\" decoding=\"async\" class=\"alignnone size-full wp-image-4049\" title=\"akio-suzuki-aki-onda\" src=\"http:\/\/www.tunedcity.net\/wp-content\/uploads\/2013\/05\/akio-suzuki-aki-onda.jpg\" alt=\"\" width=\"491\" height=\"328\" srcset=\"https:\/\/www.tunedcity.net\/wp-content\/uploads\/2013\/05\/akio-suzuki-aki-onda.jpg 600w, https:\/\/www.tunedcity.net\/wp-content\/uploads\/2013\/05\/akio-suzuki-aki-onda-300x200.jpg 300w\" sizes=\"auto, (max-width: 491px) 100vw, 491px\" \/><\/p>\n<p>Extended duration performance in the round with legendary Japanese sound artist\/instrument builder Akio Suzuki and Aki Onda &#8211; an electronic musician\/composer\/visual artist best known for his Cassette Memories project.<br \/>\nThe sound equipment for this site-specific performance is set up in the middle of the space. This allows visitors to surround during the concert that will consist of very dense as well as sparse and quiet moments. The performers deal with the acoustics of the location as an essential part of the concert. Akio Suzuki and Aki Onda will play with the architecture by moving around in the space and changing the position of the sound sources they use. The performance is variable in length. Visitors can come and go depending on the time they would like to spend on this unique event.<\/p>\n<p><\/p>\n<p>[lang_nl]De geluidsmaterialen voor deze locatiegebonden performance staan centraal opgesteld zodat bezoekers vrij kunnen circuleren. De akoestiek van de plek vormt een essentieel onderdeel van het concert dat tussen uitbundig en rustig fluctueert. Hiervoor veranderen Akio Suzuki en Aki Onda de positie van de geluidsbronnen die ze voor deze performance uitgekozen hebben.[\/lang_nl]<\/p>\n<p>[lang_fr]Le mat\u00e9riel sonore pour cette performance sur site est dispos\u00e9 de mani\u00e8re centrale, ainsi les visiteurs peuvent circuler librement. L&#8217;acoustique des lieux constitue un \u00e9l\u00e9ment essentiel du concert qui fluctue entre exub\u00e9rance et s\u00e9r\u00e9nit\u00e9. Pour ce faire Akio Suzuki et Aki Onda changent la position des sources sonores retenues pour cette performance.[\/lang_fr]<\/p>\n<p>appearance at Tuned City<br \/>\n<a href=\"https:\/\/www.tunedcity.net\/?page_id=3568\">Brussels \/ Operative Atmospheres &#8211; 30. June 2013<\/a><\/p>","protected":false},"excerpt":{"rendered":"<p>performance by (JP) &amp; (US) Extended duration performance in the round with legendary Japanese sound artist\/instrument builder Akio Suzuki and Aki Onda &#8211; an electronic musician\/composer\/visual artist best known for his Cassette Memories project. The sound equipment for this site-specific performance is set up in the middle of the space. This allows visitors to surround [&hellip;]<\/p>\n","protected":false},"author":1,"featured_media":0,"parent":3568,"menu_order":0,"comment_status":"closed","ping_status":"closed","template":"","meta":{"footnotes":""},"categories":[1],"tags":[],"class_list":["post-3907","page","type-page","status-publish","hentry","category-allgemein"],"_links":{"self":[{"href":"https:\/\/www.tunedcity.net\/index.php?rest_route=\/wp\/v2\/pages\/3907","targetHints":{"allow":["GET"]}}],"collection":[{"href":"https:\/\/www.tunedcity.net\/index.php?rest_route=\/wp\/v2\/pages"}],"about":[{"href":"https:\/\/www.tunedcity.net\/index.php?rest_route=\/wp\/v2\/types\/page"}],"author":[{"embeddable":true,"href":"https:\/\/www.tunedcity.net\/index.php?rest_route=\/wp\/v2\/users\/1"}],"replies":[{"embeddable":true,"href":"https:\/\/www.tunedcity.net\/index.php?rest_route=%2Fwp%2Fv2%2Fcomments&post=3907"}],"version-history":[{"count":6,"href":"https:\/\/www.tunedcity.net\/index.php?rest_route=\/wp\/v2\/pages\/3907\/revisions"}],"predecessor-version":[{"id":4567,"href":"https:\/\/www.tunedcity.net\/index.php?rest_route=\/wp\/v2\/pages\/3907\/revisions\/4567"}],"up":[{"embeddable":true,"href":"https:\/\/www.tunedcity.net\/index.php?rest_route=\/wp\/v2\/pages\/3568"}],"wp:attachment":[{"href":"https:\/\/www.tunedcity.net\/index.php?rest_route=%2Fwp%2Fv2%2Fmedia&parent=3907"}],"wp:term":[{"taxonomy":"category","embeddable":true,"href":"https:\/\/www.tunedcity.net\/index.php?rest_route=%2Fwp%2Fv2%2Fcategories&post=3907"},{"taxonomy":"post_tag","embeddable":true,"href":"https:\/\/www.tunedcity.net\/index.php?rest_route=%2Fwp%2Fv2%2Ftags&post=3907"}],"curies":[{"name":"wp","href":"https:\/\/api.w.org\/{rel}","templated":true}]}}