{"id":3902,"date":"2013-05-27T16:34:37","date_gmt":"2013-05-27T14:34:37","guid":{"rendered":"http:\/\/www.tunedcity.net\/?page_id=3902"},"modified":"2013-06-11T15:45:25","modified_gmt":"2013-06-11T13:45:25","slug":"lies-and-other-truths","status":"publish","type":"page","link":"https:\/\/www.tunedcity.net\/?page_id=3902","title":{"rendered":"Eloquent Voice: Lies and Other Truths"},"content":{"rendered":"<p><a href=\"https:\/\/www.tunedcity.net\/?page_id=3548\">Zo\u00eb Irvine<\/a> (UK)<\/p>\n<p>This sound work is exploring oral history recordings from the BNA-BBOT archives, an online open-access database that has been facilitating inhabitants of Brussels to record and upload their conversations. Voice is a threshold phenomenon, oscillating between the bodily interior and exterior. It is spanning the emotional and the linguistic and extending from the individual to the social. In the work Lies and Other Truths, Zo\u00eb Irvine uses biometric voice analysis technology to examine the emotional content of the material voice in forensic detail. It is an experimental work placing the voice in a new light.<br \/>\nEloquent Voice has been kindly supported by DJCAD, University of Dundee.<\/p>\n<p><\/p>\n<p>[lang_nl]Dit werk verkent flarden mondelinge geschiedenis uit het archief van BNA-BBOT, een databank met gesprekken van Brusselaars. Met de stem als scharnier tussen de wereld binnen en buiten het lichaam, tussen het individuele en het collectieve, analyseert Zo\u00eb Irvine in Lies and Other Truths het wezen van het spraakvermogen tot in het kleinste detail.[\/lang_nl]<\/p>\n<p>[lang_fr]Cette \u0153uvre explore des bribes d&#8217;histoire orale des archives de BNA-BBOT, une base de donn\u00e9es de conversations de Bruxellois. La voix est la charni\u00e8re entre le monde \u00e0 l&#8217;int\u00e9rieur du corps et l&#8217;ext\u00e9rieur, entre l&#8217;individuel et le collectif. C&#8217;est ainsi que Zo\u00eb Irvine analyse dans Lies and Other Truths l&#8217;essence de la parole jusque dans le d\u00e9tail.[\/lang_fr]<\/p>\n<p>appearance at Tuned City<br \/>\n<a href=\"https:\/\/www.tunedcity.net\/?page_id=3578\">Brussels \/ Operative Atmospheres &#8211; 30. June 2013<\/a><\/p>","protected":false},"excerpt":{"rendered":"<p>(UK) This sound work is exploring oral history recordings from the BNA-BBOT archives, an online open-access database that has been facilitating inhabitants of Brussels to record and upload their conversations. Voice is a threshold phenomenon, oscillating between the bodily interior and exterior. It is spanning the emotional and the linguistic and extending from the individual [&hellip;]<\/p>\n","protected":false},"author":1,"featured_media":0,"parent":3578,"menu_order":0,"comment_status":"closed","ping_status":"closed","template":"","meta":{"footnotes":""},"categories":[1],"tags":[],"class_list":["post-3902","page","type-page","status-publish","hentry","category-allgemein"],"_links":{"self":[{"href":"https:\/\/www.tunedcity.net\/index.php?rest_route=\/wp\/v2\/pages\/3902","targetHints":{"allow":["GET"]}}],"collection":[{"href":"https:\/\/www.tunedcity.net\/index.php?rest_route=\/wp\/v2\/pages"}],"about":[{"href":"https:\/\/www.tunedcity.net\/index.php?rest_route=\/wp\/v2\/types\/page"}],"author":[{"embeddable":true,"href":"https:\/\/www.tunedcity.net\/index.php?rest_route=\/wp\/v2\/users\/1"}],"replies":[{"embeddable":true,"href":"https:\/\/www.tunedcity.net\/index.php?rest_route=%2Fwp%2Fv2%2Fcomments&post=3902"}],"version-history":[{"count":5,"href":"https:\/\/www.tunedcity.net\/index.php?rest_route=\/wp\/v2\/pages\/3902\/revisions"}],"predecessor-version":[{"id":3904,"href":"https:\/\/www.tunedcity.net\/index.php?rest_route=\/wp\/v2\/pages\/3902\/revisions\/3904"}],"up":[{"embeddable":true,"href":"https:\/\/www.tunedcity.net\/index.php?rest_route=\/wp\/v2\/pages\/3578"}],"wp:attachment":[{"href":"https:\/\/www.tunedcity.net\/index.php?rest_route=%2Fwp%2Fv2%2Fmedia&parent=3902"}],"wp:term":[{"taxonomy":"category","embeddable":true,"href":"https:\/\/www.tunedcity.net\/index.php?rest_route=%2Fwp%2Fv2%2Fcategories&post=3902"},{"taxonomy":"post_tag","embeddable":true,"href":"https:\/\/www.tunedcity.net\/index.php?rest_route=%2Fwp%2Fv2%2Ftags&post=3902"}],"curies":[{"name":"wp","href":"https:\/\/api.w.org\/{rel}","templated":true}]}}