{"id":3872,"date":"2013-05-27T12:46:56","date_gmt":"2013-05-27T10:46:56","guid":{"rendered":"http:\/\/www.tunedcity.net\/?page_id=3872"},"modified":"2013-06-04T12:42:35","modified_gmt":"2013-06-04T10:42:35","slug":"earworm","status":"publish","type":"page","link":"https:\/\/www.tunedcity.net\/?page_id=3872","title":{"rendered":"Earworm"},"content":{"rendered":"<p>lecture by <a href=\"https:\/\/www.tunedcity.net\/?page_id=3523\">Timothy Morton<\/a> (US)<\/p>\n<p><img loading=\"lazy\" decoding=\"async\" class=\"alignnone size-full wp-image-4125\" title=\"Large-Hearing-Aid-007\" src=\"http:\/\/www.tunedcity.net\/wp-content\/uploads\/2013\/05\/Large-Hearing-Aid-007.jpg\" alt=\"\" width=\"488\" height=\"292\" srcset=\"https:\/\/www.tunedcity.net\/wp-content\/uploads\/2013\/05\/Large-Hearing-Aid-007.jpg 460w, https:\/\/www.tunedcity.net\/wp-content\/uploads\/2013\/05\/Large-Hearing-Aid-007-300x180.jpg 300w\" sizes=\"auto, (max-width: 488px) 100vw, 488px\" \/><\/p>\n<p>We&#8217;ve all heard earworms, those irritating tunes or parts of tune that  seem to live rent free in our heads. Why do they do that? Answering that  it&#8217;s because they are so compelling begs the question. How and why are  they so compelling? In this talk I&#8217;m going to explore the strange, loopy  logical structure of earworms, and explain why it&#8217;s better not to try  to get rid of them, but rather to coexist with them and possibly embrace  them.<\/p>\n<p>A sentence has its own logical DNA, and is mind independent. It is a  kind of entity, an \u201cobject\u201d in the terminology used by Object-Oriented  Ontology. Likewise, a sentence has its own grammatical, syntactical and  sonic genome. In this sense, a sentence is like a virus. Viruses are  chronologically subsequent to bacteria, in evolutionary time. But they  are logically prior, since they encapsulate the strange loop that exists  between a physical system and a semiotic one.<\/p>\n<p>In the same way, what is called a riff (sruti, lick, chop) has its own  logical, semiotic and physical DNA. A sound, considered in this sense,  is like a virus\u2014which is why the term earworm is highly appropriate. We  could think of ideas as viral structures for which minds are vectors. In  the same way, earworms are spread by humans and other related vectors,  such as <acronym title=\"Motion Picture Experts Group Layer 3\">MP3<\/acronym> players. Riffs are logically prior to the tunes (and so on) in which they find themselves.<\/p>\n<p>This means that distinctions such as natural\/unnatural, sound\/noise and  so on fail when subjected to enough analytical or musical pressure. This  failure is not due to the fuzziness of (human) perception or  subjectivity, or the context in which sounds appear. This failure has to  do with the deep ontological structure of entities as such: they are  riven from within between what they are and how they appear, even to  themselves.<\/p>\n<p>It is better to think sounds as entities in their own right, coexisting  in an ecology of sonic hosts and parasites, in which the host\/parasite  distinction is neither thin nor rigid.  My talk examines the  implications of thinking this way. Ambient phenomena are an ideal way to  probe this thought.<\/p>\n<p><\/p>\n<p>[lang_nl]Iedereen heeft wel eens een oorworm, dat vervelende deuntje dat maar niet uit het hoofd verdwijnt. Hoe zit het verschijnsel in elkaar en waarom is het zo stringent? Timothy Morton verkent tijdens deze lezing de logische structuur van \u201cakoestische jeuk\u201d. Hij legt bovendien uit waarom men er zich beter niet van probeert te ontdoen.[\/lang_nl]<\/p>\n<p>[lang_fr]Nous avons tous parfois ce petit refrain en t\u00eate qui ne nous l\u00e2che pas de la journ\u00e9e. Quel est donc ce ph\u00e9nom\u00e8ne et pourquoi est-il aussi accaparant? \u00c0 travers cette lecture Timothy Morton part \u00e0 la d\u00e9couverte de la structure logique du \u201cfourmillement acoustique\u201d. Et il explique pourquoi il ne faut surtout pas essayer de s\u2019en d\u00e9barrasser.[\/lang_fr]<\/p>\n<p>appearance at Tuned City<br \/>\n<a href=\"https:\/\/www.tunedcity.net\/?page_id=3565#day3\">Brussels \/ Operative Atmospheres &#8211; 30. June 2013<\/a><\/p>","protected":false},"excerpt":{"rendered":"<p>lecture by (US) We&#8217;ve all heard earworms, those irritating tunes or parts of tune that seem to live rent free in our heads. Why do they do that? Answering that it&#8217;s because they are so compelling begs the question. How and why are they so compelling? In this talk I&#8217;m going to explore the strange, [&hellip;]<\/p>\n","protected":false},"author":1,"featured_media":0,"parent":3565,"menu_order":0,"comment_status":"closed","ping_status":"closed","template":"","meta":{"footnotes":""},"categories":[1],"tags":[],"class_list":["post-3872","page","type-page","status-publish","hentry","category-allgemein"],"_links":{"self":[{"href":"https:\/\/www.tunedcity.net\/index.php?rest_route=\/wp\/v2\/pages\/3872","targetHints":{"allow":["GET"]}}],"collection":[{"href":"https:\/\/www.tunedcity.net\/index.php?rest_route=\/wp\/v2\/pages"}],"about":[{"href":"https:\/\/www.tunedcity.net\/index.php?rest_route=\/wp\/v2\/types\/page"}],"author":[{"embeddable":true,"href":"https:\/\/www.tunedcity.net\/index.php?rest_route=\/wp\/v2\/users\/1"}],"replies":[{"embeddable":true,"href":"https:\/\/www.tunedcity.net\/index.php?rest_route=%2Fwp%2Fv2%2Fcomments&post=3872"}],"version-history":[{"count":6,"href":"https:\/\/www.tunedcity.net\/index.php?rest_route=\/wp\/v2\/pages\/3872\/revisions"}],"predecessor-version":[{"id":4227,"href":"https:\/\/www.tunedcity.net\/index.php?rest_route=\/wp\/v2\/pages\/3872\/revisions\/4227"}],"up":[{"embeddable":true,"href":"https:\/\/www.tunedcity.net\/index.php?rest_route=\/wp\/v2\/pages\/3565"}],"wp:attachment":[{"href":"https:\/\/www.tunedcity.net\/index.php?rest_route=%2Fwp%2Fv2%2Fmedia&parent=3872"}],"wp:term":[{"taxonomy":"category","embeddable":true,"href":"https:\/\/www.tunedcity.net\/index.php?rest_route=%2Fwp%2Fv2%2Fcategories&post=3872"},{"taxonomy":"post_tag","embeddable":true,"href":"https:\/\/www.tunedcity.net\/index.php?rest_route=%2Fwp%2Fv2%2Ftags&post=3872"}],"curies":[{"name":"wp","href":"https:\/\/api.w.org\/{rel}","templated":true}]}}