{"id":3868,"date":"2013-05-27T12:44:35","date_gmt":"2013-05-27T10:44:35","guid":{"rendered":"http:\/\/www.tunedcity.net\/?page_id=3868"},"modified":"2015-10-10T18:41:29","modified_gmt":"2015-10-10T16:41:29","slug":"aesthetic-of-atmospheres","status":"publish","type":"page","link":"https:\/\/www.tunedcity.net\/?page_id=3868","title":{"rendered":"Aesthetic of Atmospheres"},"content":{"rendered":"<p>keynote lecture by <a href=\"https:\/\/www.tunedcity.net\/?page_id=68\">Gernot B\u00f6hme<\/a> (D)<\/p>\n<p><img loading=\"lazy\" decoding=\"async\" class=\"alignnone size-full wp-image-4123\" title=\"atmosphere\" src=\"http:\/\/www.tunedcity.net\/wp-content\/uploads\/2013\/05\/atmosphere.jpg\" alt=\"\" width=\"498\" height=\"334\" srcset=\"https:\/\/www.tunedcity.net\/wp-content\/uploads\/2013\/05\/atmosphere.jpg 640w, https:\/\/www.tunedcity.net\/wp-content\/uploads\/2013\/05\/atmosphere-300x200.jpg 300w\" sizes=\"auto, (max-width: 498px) 100vw, 498px\" \/><\/p>\n<p>In this lecture about atmospheres, Gernot B\u00f6hme will lay out the cornerstones for the discussion of ephemeral qualities of place. Ecological aesthetics in the acoustic realm is not an embellishment of natural science-based ecology, but acquires its own m\u00e9tier, namely the recognition, the maintenance and the structuring of acoustic space. The question of what constitutes a human environment becomes a question inquiring the character of acoustic atmospheres. And here too it is a matter of overcoming the narrow natural science based approach which remains at best capable of grasping noise as a function of decibels, and to ask instead what type of acoustic character the spaces in which we live should have.<\/p>\n<p><\/p>\n<p>[lang_nl]In deze lezing bespreekt Gernot B\u00f6hme de efemere kwaliteiten van een plek. De ecologische esthetiek van akoestiek volgt eigen wetten die om een specifieke aanpak en benadering van de ons omringende ruimte vraagt. In plaats van stil te staan bij de traditionele natuurwetenschappelijke insteek, stelt hij de vraag naar welk karakter onze akoestische omgeving moet hebben centraal.[\/lang_nl]<\/p>\n<p>[lang_fr]Dans cette lecture Gernot B\u00f6hme \u00e9tudie les qualit\u00e9s \u00e9ph\u00e9m\u00e8res d&#8217;un lieu. L&#8217;esth\u00e9tisme \u00e9cologique de l&#8217;acoustique suit ses propres lois et requiert une approche sp\u00e9cifique de l\u2019espace qui nous entoure. Au lieu de s&#8217;arr\u00eater sur le volet traditionnel des sciences naturelles, il se demande quel caract\u00e8re notre environnement acoustique doit poss\u00e9der.[\/lang_fr]<\/p>\n<object type=\"application\/x-shockwave-flash\" data=\"http:\/\/www.tunedcity.net\/wp-content\/plugins\/audio-player\/player.swf\" width=\"290\" height=\"24\" id=\"audioplayer1\"><param name=\"movie\" value=\"http:\/\/www.tunedcity.net\/wp-content\/plugins\/audio-player\/player.swf\" \/><param name=\"FlashVars\" value=\"playerID=1&amp;bg=0xf8f8f8&amp;leftbg=0xeeeeee&amp;lefticon=0x666666&amp;rightbg=0xcccccc&amp;rightbghover=0x999999&amp;righticon=0x666666&amp;righticonhover=0xffffff&amp;text=0x666666&amp;slider=0x666666&amp;track=0xFFFFFF&amp;border=0x666666&amp;loader=0xCCCCCC&amp;soundFile=http%3A%2F%2Fwww.garage-g.de%2Ftunedcity%2Faudio%2Ftc_2013%2FTimothy%20Morton%20Gernot%20Boehme.mp3\" \/><param name=\"quality\" value=\"high\" \/><param name=\"menu\" value=\"false\" \/><param name=\"wmode\" value=\"transparent\" \/><\/object>\n<p>appearance at Tuned City<br \/>\n<a href=\"https:\/\/www.tunedcity.net\/?page_id=3565#day3\">Brussels \/ Operative Atmospheres &#8211; 30. June 2013<\/a><\/p>","protected":false},"excerpt":{"rendered":"<p>keynote lecture by (D) In this lecture about atmospheres, Gernot B\u00f6hme will lay out the cornerstones for the discussion of ephemeral qualities of place. Ecological aesthetics in the acoustic realm is not an embellishment of natural science-based ecology, but acquires its own m\u00e9tier, namely the recognition, the maintenance and the structuring of acoustic space. The [&hellip;]<\/p>\n","protected":false},"author":1,"featured_media":0,"parent":3565,"menu_order":0,"comment_status":"closed","ping_status":"closed","template":"","meta":{"footnotes":""},"categories":[1],"tags":[],"class_list":["post-3868","page","type-page","status-publish","hentry","category-allgemein"],"_links":{"self":[{"href":"https:\/\/www.tunedcity.net\/index.php?rest_route=\/wp\/v2\/pages\/3868","targetHints":{"allow":["GET"]}}],"collection":[{"href":"https:\/\/www.tunedcity.net\/index.php?rest_route=\/wp\/v2\/pages"}],"about":[{"href":"https:\/\/www.tunedcity.net\/index.php?rest_route=\/wp\/v2\/types\/page"}],"author":[{"embeddable":true,"href":"https:\/\/www.tunedcity.net\/index.php?rest_route=\/wp\/v2\/users\/1"}],"replies":[{"embeddable":true,"href":"https:\/\/www.tunedcity.net\/index.php?rest_route=%2Fwp%2Fv2%2Fcomments&post=3868"}],"version-history":[{"count":8,"href":"https:\/\/www.tunedcity.net\/index.php?rest_route=\/wp\/v2\/pages\/3868\/revisions"}],"predecessor-version":[{"id":4744,"href":"https:\/\/www.tunedcity.net\/index.php?rest_route=\/wp\/v2\/pages\/3868\/revisions\/4744"}],"up":[{"embeddable":true,"href":"https:\/\/www.tunedcity.net\/index.php?rest_route=\/wp\/v2\/pages\/3565"}],"wp:attachment":[{"href":"https:\/\/www.tunedcity.net\/index.php?rest_route=%2Fwp%2Fv2%2Fmedia&parent=3868"}],"wp:term":[{"taxonomy":"category","embeddable":true,"href":"https:\/\/www.tunedcity.net\/index.php?rest_route=%2Fwp%2Fv2%2Fcategories&post=3868"},{"taxonomy":"post_tag","embeddable":true,"href":"https:\/\/www.tunedcity.net\/index.php?rest_route=%2Fwp%2Fv2%2Ftags&post=3868"}],"curies":[{"name":"wp","href":"https:\/\/api.w.org\/{rel}","templated":true}]}}