{"id":3858,"date":"2013-05-27T12:32:52","date_gmt":"2013-05-27T10:32:52","guid":{"rendered":"http:\/\/www.tunedcity.net\/?page_id=3858"},"modified":"2013-06-15T14:39:35","modified_gmt":"2013-06-15T12:39:35","slug":"soundwalk-passacaglia","status":"publish","type":"page","link":"https:\/\/www.tunedcity.net\/?page_id=3858","title":{"rendered":"Soundwalk Passacaglia"},"content":{"rendered":"<p><a href=\"https:\/\/www.tunedcity.net\/?page_id=3501\">Guy De Bi\u00e8vre<\/a> (BE)<br \/>\nMeeting point: Maison du Peuple, start 12:30 and 18:00h<br \/>\n<em>limited places \u2013 registration required, see below!<\/em><\/p>\n<p><img loading=\"lazy\" decoding=\"async\" class=\"alignnone size-full wp-image-4130\" title=\"guy_walk\" src=\"http:\/\/www.tunedcity.net\/wp-content\/uploads\/2013\/05\/guy_walk.jpg\" alt=\"\" width=\"495\" height=\"275\" srcset=\"https:\/\/www.tunedcity.net\/wp-content\/uploads\/2013\/05\/guy_walk.jpg 567w, https:\/\/www.tunedcity.net\/wp-content\/uploads\/2013\/05\/guy_walk-300x166.jpg 300w\" sizes=\"auto, (max-width: 495px) 100vw, 495px\" \/><\/p>\n<p>The sound-walk Passacaglia is an attempt to cast the urban sound-walk into musical form(s) by playing with time and motif or repetition and other, more detailed musical parameters. Passacaglia is a serendipitous reference to the Spanish origin of the word \u201cstreetwalk\u201d and also \u201ca\u201d musical form that originated in the early seventeenth-century Spain and is still used by contemporary composers. It is usually of serious, slow character and often, but not always, based on a bass-ostinato and written in triple meter.<\/p>\n<p><\/p>\n<p>[lang_nl]De geluidswandeling Passacaglia vat het concept van geluidswandelen in een muzikale vorm samen door een spel van tijd, patroon en andere muzikale parameters. De titel Passacaglia verwijst naar de Spaanse oorsprong van het woord en de gelijknamige muzikale vorm die componisten sedert eeuwen boeit en doorgaans van een ernstig karakter getuigt.[\/lang_nl]<\/p>\n<p>[lang_fr]La promenade sonore Passacaglia r\u00e9sume le concept de la promenade sonore sous une forme musicale au travers d&#8217;une interaction du temps, d&#8217;une structure et de quelques autres param\u00e8tres musicaux. Le titre r\u00e9f\u00e8re \u00e0 l&#8217;origine espagnole du mot et \u00e0 la forme musicale souvent s\u00e9rieuse du m\u00eame nom qui passionne les compositeurs depuis des si\u00e8cles.[\/lang_fr]<\/p>\n<p>appearance at Tuned City<br \/>\n<a href=\"https:\/\/www.tunedcity.net\/?page_id=3578\">Brussels \/ Situational Listening &#8211; 29. June 2013<\/a><\/p>\n<p>[EVENT_REGIS_CATEGORY event_category_id=&#8221;006&#8243;]<\/p>","protected":false},"excerpt":{"rendered":"<p>(BE) Meeting point: Maison du Peuple, start 12:30 and 18:00h limited places \u2013 registration required, see below! The sound-walk Passacaglia is an attempt to cast the urban sound-walk into musical form(s) by playing with time and motif or repetition and other, more detailed musical parameters. Passacaglia is a serendipitous reference to the Spanish origin of [&hellip;]<\/p>\n","protected":false},"author":1,"featured_media":0,"parent":3578,"menu_order":0,"comment_status":"closed","ping_status":"closed","template":"","meta":{"footnotes":""},"categories":[1],"tags":[],"class_list":["post-3858","page","type-page","status-publish","hentry","category-allgemein"],"_links":{"self":[{"href":"https:\/\/www.tunedcity.net\/index.php?rest_route=\/wp\/v2\/pages\/3858","targetHints":{"allow":["GET"]}}],"collection":[{"href":"https:\/\/www.tunedcity.net\/index.php?rest_route=\/wp\/v2\/pages"}],"about":[{"href":"https:\/\/www.tunedcity.net\/index.php?rest_route=\/wp\/v2\/types\/page"}],"author":[{"embeddable":true,"href":"https:\/\/www.tunedcity.net\/index.php?rest_route=\/wp\/v2\/users\/1"}],"replies":[{"embeddable":true,"href":"https:\/\/www.tunedcity.net\/index.php?rest_route=%2Fwp%2Fv2%2Fcomments&post=3858"}],"version-history":[{"count":10,"href":"https:\/\/www.tunedcity.net\/index.php?rest_route=\/wp\/v2\/pages\/3858\/revisions"}],"predecessor-version":[{"id":4367,"href":"https:\/\/www.tunedcity.net\/index.php?rest_route=\/wp\/v2\/pages\/3858\/revisions\/4367"}],"up":[{"embeddable":true,"href":"https:\/\/www.tunedcity.net\/index.php?rest_route=\/wp\/v2\/pages\/3578"}],"wp:attachment":[{"href":"https:\/\/www.tunedcity.net\/index.php?rest_route=%2Fwp%2Fv2%2Fmedia&parent=3858"}],"wp:term":[{"taxonomy":"category","embeddable":true,"href":"https:\/\/www.tunedcity.net\/index.php?rest_route=%2Fwp%2Fv2%2Fcategories&post=3858"},{"taxonomy":"post_tag","embeddable":true,"href":"https:\/\/www.tunedcity.net\/index.php?rest_route=%2Fwp%2Fv2%2Ftags&post=3858"}],"curies":[{"name":"wp","href":"https:\/\/api.w.org\/{rel}","templated":true}]}}