{"id":3849,"date":"2013-05-27T12:22:26","date_gmt":"2013-05-27T10:22:26","guid":{"rendered":"http:\/\/www.tunedcity.net\/?page_id=3849"},"modified":"2013-06-04T23:36:34","modified_gmt":"2013-06-04T21:36:34","slug":"extended-transducers-and-low-tension-small-motors","status":"publish","type":"page","link":"https:\/\/www.tunedcity.net\/?page_id=3849","title":{"rendered":"Extended transducers and low tension small motors"},"content":{"rendered":"<p>installation by <a href=\"https:\/\/www.tunedcity.net\/?page_id=3512\">Pierre Berthet<\/a> (BE)<\/p>\n<p><img loading=\"lazy\" decoding=\"async\" class=\"alignnone size-full wp-image-4132\" title=\"berthet\" src=\"http:\/\/www.tunedcity.net\/wp-content\/uploads\/2013\/05\/berthet.jpg\" alt=\"\" width=\"498\" height=\"301\" srcset=\"https:\/\/www.tunedcity.net\/wp-content\/uploads\/2013\/05\/berthet.jpg 635w, https:\/\/www.tunedcity.net\/wp-content\/uploads\/2013\/05\/berthet-300x180.jpg 300w\" sizes=\"auto, (max-width: 498px) 100vw, 498px\" \/><\/p>\n<p>This site-specific sound installation explores various ways to shake, vibrate and resonate dead plants and metal cans, eventually linked through steel wires nets. The length of the wires and the location of the chosen materials are adapted to the dimension of the environment. Transducers and small motors are integrated in the construction. Their movements and sounds make the wires vibrate. When these sounds are modulated (pitch, timbre, volume or density) the combined organic materials and cans produce various resonances. The sound installation is suspended so that listeners can circulate and choose different listening perspectives. Thanks to Patrick Delges (Centre Henri Pousseur).<\/p>\n<p><\/p>\n<p>[lang_nl]Deze locatiegebonden klankinstallatie onderzoekt uiteenlopende manieren om afgestorven plantmateriaal en metalen blikes aan het schudden, trillen en resoneren te brengen. Transducers en kleine motoren brengen de met draden verbonden elementen in beweging tot er geluid ontstaat. De presentatie van het werk nodigt bezoekers uit om eronder door te wandelen en verschillende luisterperspectieven te kiezen.[\/lang_nl]<\/p>\n<p>[lang_fr]Cette installation sonore sur site \u00e9tudie les diff\u00e9rentes mani\u00e8res de faire vibrer et r\u00e9sonner du mat\u00e9riel v\u00e9g\u00e9tal mort et des canettes. Des transducteurs et de petits moteurs mettent en branle des \u00e9l\u00e9ments reli\u00e9s par des fils pour cr\u00e9er du son. Cette \u0153uvre invite les visiteurs \u00e0 passer sous elle et \u00e0 choisir diff\u00e9rentes perspectives d&#8217;\u00e9coute.[\/lang_fr]<\/p>\n<p>appearance at Tuned City<br \/>\n<a href=\"https:\/\/www.tunedcity.net\/?page_id=3578\">Brussels \/ Situational Listening &#8211; 29. June 2013<\/a><\/p>","protected":false},"excerpt":{"rendered":"<p>installation by (BE) This site-specific sound installation explores various ways to shake, vibrate and resonate dead plants and metal cans, eventually linked through steel wires nets. The length of the wires and the location of the chosen materials are adapted to the dimension of the environment. Transducers and small motors are integrated in the construction. [&hellip;]<\/p>\n","protected":false},"author":1,"featured_media":0,"parent":3578,"menu_order":0,"comment_status":"closed","ping_status":"closed","template":"","meta":{"footnotes":""},"categories":[1],"tags":[],"class_list":["post-3849","page","type-page","status-publish","hentry","category-allgemein"],"_links":{"self":[{"href":"https:\/\/www.tunedcity.net\/index.php?rest_route=\/wp\/v2\/pages\/3849","targetHints":{"allow":["GET"]}}],"collection":[{"href":"https:\/\/www.tunedcity.net\/index.php?rest_route=\/wp\/v2\/pages"}],"about":[{"href":"https:\/\/www.tunedcity.net\/index.php?rest_route=\/wp\/v2\/types\/page"}],"author":[{"embeddable":true,"href":"https:\/\/www.tunedcity.net\/index.php?rest_route=\/wp\/v2\/users\/1"}],"replies":[{"embeddable":true,"href":"https:\/\/www.tunedcity.net\/index.php?rest_route=%2Fwp%2Fv2%2Fcomments&post=3849"}],"version-history":[{"count":4,"href":"https:\/\/www.tunedcity.net\/index.php?rest_route=\/wp\/v2\/pages\/3849\/revisions"}],"predecessor-version":[{"id":4320,"href":"https:\/\/www.tunedcity.net\/index.php?rest_route=\/wp\/v2\/pages\/3849\/revisions\/4320"}],"up":[{"embeddable":true,"href":"https:\/\/www.tunedcity.net\/index.php?rest_route=\/wp\/v2\/pages\/3578"}],"wp:attachment":[{"href":"https:\/\/www.tunedcity.net\/index.php?rest_route=%2Fwp%2Fv2%2Fmedia&parent=3849"}],"wp:term":[{"taxonomy":"category","embeddable":true,"href":"https:\/\/www.tunedcity.net\/index.php?rest_route=%2Fwp%2Fv2%2Fcategories&post=3849"},{"taxonomy":"post_tag","embeddable":true,"href":"https:\/\/www.tunedcity.net\/index.php?rest_route=%2Fwp%2Fv2%2Ftags&post=3849"}],"curies":[{"name":"wp","href":"https:\/\/api.w.org\/{rel}","templated":true}]}}