{"id":3846,"date":"2013-05-27T12:20:14","date_gmt":"2013-05-27T10:20:14","guid":{"rendered":"http:\/\/www.tunedcity.net\/?page_id=3846"},"modified":"2013-06-04T23:34:46","modified_gmt":"2013-06-04T21:34:46","slug":"closer","status":"publish","type":"page","link":"https:\/\/www.tunedcity.net\/?page_id=3846","title":{"rendered":"Closer"},"content":{"rendered":"<p><a href=\"https:\/\/www.tunedcity.net\/?page_id=3301\">Roberta Gigante<\/a> (BE)<\/p>\n<p>This intervention is about discovering urban acoustics. It brings the audience to the space with which it coexists on a daily basis, but of which it has no knowledge. Thanks to the uniqueness and buzz of the chosen place, the transition from a real world to a completely transformed reality takes place. Brussels is a layered city with a particular topographical formation. Its hidden, chthonic dimensioning can lead to another end of urban experience in which the body of each takes the utopian place of actual sensors. The visitor will be invited to enter the place and be confronted with escaping so invisible images.<\/p>\n<p><\/p>\n<p>[lang_nl]Dit werk laat het ontdekken van stedelijke akoestiek toe, een topic waarover het publiek weinig weet. Dankzij het unieke karakter, de gelaagdheid en de drukte van de gekozen plek, illustreert Closer hoe een transformatie van een locatie kan overgaan in een getransformeerde realiteit. [\/lang_nl]<\/p>\n<p>[lang_fr]Cette \u0153uvre nous fait d\u00e9couvrir l&#8217;acoustique urbaine, un th\u00e8me que le public conna\u00eet peu. Gr\u00e2ce au caract\u00e8re unique, aux diff\u00e9rentes couches et \u00e0 la foule sur place, Closer illustre comment la transformation d&#8217;un lieu peut passer \u00e0 une r\u00e9alit\u00e9 transform\u00e9e.[\/lang_fr]<\/p>\n<p>appearance at Tuned City<br \/>\n<a href=\"https:\/\/www.tunedcity.net\/?page_id=3578\">Brussels \/ Situational Listening &#8211; 29. June 2013<\/a><\/p>","protected":false},"excerpt":{"rendered":"<p>(BE) This intervention is about discovering urban acoustics. It brings the audience to the space with which it coexists on a daily basis, but of which it has no knowledge. Thanks to the uniqueness and buzz of the chosen place, the transition from a real world to a completely transformed reality takes place. Brussels is [&hellip;]<\/p>\n","protected":false},"author":1,"featured_media":0,"parent":3578,"menu_order":0,"comment_status":"closed","ping_status":"closed","template":"","meta":{"footnotes":""},"categories":[1],"tags":[],"class_list":["post-3846","page","type-page","status-publish","hentry","category-allgemein"],"_links":{"self":[{"href":"https:\/\/www.tunedcity.net\/index.php?rest_route=\/wp\/v2\/pages\/3846","targetHints":{"allow":["GET"]}}],"collection":[{"href":"https:\/\/www.tunedcity.net\/index.php?rest_route=\/wp\/v2\/pages"}],"about":[{"href":"https:\/\/www.tunedcity.net\/index.php?rest_route=\/wp\/v2\/types\/page"}],"author":[{"embeddable":true,"href":"https:\/\/www.tunedcity.net\/index.php?rest_route=\/wp\/v2\/users\/1"}],"replies":[{"embeddable":true,"href":"https:\/\/www.tunedcity.net\/index.php?rest_route=%2Fwp%2Fv2%2Fcomments&post=3846"}],"version-history":[{"count":3,"href":"https:\/\/www.tunedcity.net\/index.php?rest_route=\/wp\/v2\/pages\/3846\/revisions"}],"predecessor-version":[{"id":3848,"href":"https:\/\/www.tunedcity.net\/index.php?rest_route=\/wp\/v2\/pages\/3846\/revisions\/3848"}],"up":[{"embeddable":true,"href":"https:\/\/www.tunedcity.net\/index.php?rest_route=\/wp\/v2\/pages\/3578"}],"wp:attachment":[{"href":"https:\/\/www.tunedcity.net\/index.php?rest_route=%2Fwp%2Fv2%2Fmedia&parent=3846"}],"wp:term":[{"taxonomy":"category","embeddable":true,"href":"https:\/\/www.tunedcity.net\/index.php?rest_route=%2Fwp%2Fv2%2Fcategories&post=3846"},{"taxonomy":"post_tag","embeddable":true,"href":"https:\/\/www.tunedcity.net\/index.php?rest_route=%2Fwp%2Fv2%2Ftags&post=3846"}],"curies":[{"name":"wp","href":"https:\/\/api.w.org\/{rel}","templated":true}]}}