{"id":3834,"date":"2013-05-27T12:06:02","date_gmt":"2013-05-27T10:06:02","guid":{"rendered":"http:\/\/www.tunedcity.net\/?page_id=3834"},"modified":"2013-06-27T11:39:51","modified_gmt":"2013-06-27T09:39:51","slug":"oto-date","status":"publish","type":"page","link":"https:\/\/www.tunedcity.net\/?page_id=3834","title":{"rendered":"Oto-date"},"content":{"rendered":"<p><a href=\"https:\/\/www.tunedcity.net\/?page_id=187\">Akio Suzuki<\/a> (JP)<br \/>\nvarious locations, to be visited any time: <a href=\"http:\/\/www.tunedcity.net\/wp-content\/uploads\/2013\/05\/map_akiosuzuki\u2014low.pdf\">description and map<\/a><\/p>\n<p>only 29. June 2013, 17:00h &#8211; guided tour by Akio Suzuki<br \/>\nstarting location at <em>Maison du Peuple<\/em> <a href=\"https:\/\/maps.google.de\/maps\/ms?msid=208404514466747753528.0004dcfc8f5d39e0f1274&amp;msa=0&amp;ll=50.81529,4.366808&amp;spn=0.017245,0.045447&amp;iwloc=0004dcfc9ef76bae1d552\" target=\"_blank\">map &gt;&gt;&gt;<\/a><\/p>\n<p><em>limited places \u2013 registration required, see below!<\/em><\/p>\n<p><img loading=\"lazy\" decoding=\"async\" class=\"alignnone size-full wp-image-4069\" title=\"tc_berlin_08_aki_suzuki\" src=\"http:\/\/www.tunedcity.net\/wp-content\/uploads\/2013\/05\/tc_berlin_08_aki_suzuki.jpg\" alt=\"\" width=\"494\" height=\"369\" \/><\/p>\n<p>Oto-date is probably the most telling example of sound-walks without any  electronic or technology. These itineraries meander fleetingly and  erratically through various urban centers such as Berlin, Paris, Turin  and now Brussels. Pausing every now and again, the walk marks out sites  interesting for their unusual acoustic or visual properties. Oto-date is  a Japanese word: the ideograms which compose it &#8211; \u201coto\u201d and \u201cdate\u201d &#8211;  respectively signify \u201clisten\u201d and \u201cpoint\u201d, hence \u201clistening point\u201d.  Tracing upon asphalt, stone or any solid support a circular sign  inscribed with two specular figures representing a pair of ears and two  human footprints, Akio Suzuki marks out the site of an experience that  promises to be literally \u201cexceptional\u201d.<br \/>\n<br \/>\n[lang_nl]Oto-date vormt het meeste sprekende voorbeeld van een geluidswandeling  zonder enige vorm van elektronica of technologie. Hiervoor zoekt Akio  Suzuki in steden naar locaties met een uitzonderlijk auditief of visueel  karakter. Een combinatie van voeten en oren op de grond toont het  publiek waar halt te houden voor een uitzonderlijke klankervaring.[\/lang_nl]<br \/>\n[lang_fr]Oto-date constitue le plus bel exemple d&#8217;une balade sonore sans  \u00e9lectronique ni technologie. Akio Suzuki cherche des endroits dans la  ville avec un caract\u00e8re auditif ou visuel exceptionnel. Une combinaison  de pieds et d&#8217;oreilles sur le sol indique au public o\u00f9 s&#8217;arr\u00eater pour  une exp\u00e9rience auditive extraordinaire.[\/lang_fr]<\/p>\n<p>appearance at Tuned City<br \/>\n<a href=\"https:\/\/www.tunedcity.net\/?page_id=3578\">Brussels \/ Situational Listening &#8211; 29. June 2013<\/a><\/p>\n<p>[EVENT_REGIS_CATEGORY event_category_id=&#8221;007&#8243;]<\/p>","protected":false},"excerpt":{"rendered":"<p>(JP) various locations, to be visited any time: description and map only 29. June 2013, 17:00h &#8211; guided tour by Akio Suzuki starting location at Maison du Peuple map &gt;&gt;&gt; limited places \u2013 registration required, see below! Oto-date is probably the most telling example of sound-walks without any electronic or technology. These itineraries meander fleetingly [&hellip;]<\/p>\n","protected":false},"author":1,"featured_media":0,"parent":3578,"menu_order":0,"comment_status":"closed","ping_status":"closed","template":"","meta":{"footnotes":""},"categories":[1],"tags":[],"class_list":["post-3834","page","type-page","status-publish","hentry","category-allgemein"],"_links":{"self":[{"href":"https:\/\/www.tunedcity.net\/index.php?rest_route=\/wp\/v2\/pages\/3834","targetHints":{"allow":["GET"]}}],"collection":[{"href":"https:\/\/www.tunedcity.net\/index.php?rest_route=\/wp\/v2\/pages"}],"about":[{"href":"https:\/\/www.tunedcity.net\/index.php?rest_route=\/wp\/v2\/types\/page"}],"author":[{"embeddable":true,"href":"https:\/\/www.tunedcity.net\/index.php?rest_route=\/wp\/v2\/users\/1"}],"replies":[{"embeddable":true,"href":"https:\/\/www.tunedcity.net\/index.php?rest_route=%2Fwp%2Fv2%2Fcomments&post=3834"}],"version-history":[{"count":17,"href":"https:\/\/www.tunedcity.net\/index.php?rest_route=\/wp\/v2\/pages\/3834\/revisions"}],"predecessor-version":[{"id":4278,"href":"https:\/\/www.tunedcity.net\/index.php?rest_route=\/wp\/v2\/pages\/3834\/revisions\/4278"}],"up":[{"embeddable":true,"href":"https:\/\/www.tunedcity.net\/index.php?rest_route=\/wp\/v2\/pages\/3578"}],"wp:attachment":[{"href":"https:\/\/www.tunedcity.net\/index.php?rest_route=%2Fwp%2Fv2%2Fmedia&parent=3834"}],"wp:term":[{"taxonomy":"category","embeddable":true,"href":"https:\/\/www.tunedcity.net\/index.php?rest_route=%2Fwp%2Fv2%2Fcategories&post=3834"},{"taxonomy":"post_tag","embeddable":true,"href":"https:\/\/www.tunedcity.net\/index.php?rest_route=%2Fwp%2Fv2%2Ftags&post=3834"}],"curies":[{"name":"wp","href":"https:\/\/api.w.org\/{rel}","templated":true}]}}