{"id":3831,"date":"2013-05-27T11:51:23","date_gmt":"2013-05-27T09:51:23","guid":{"rendered":"http:\/\/www.tunedcity.net\/?page_id=3831"},"modified":"2013-06-04T12:34:37","modified_gmt":"2013-06-04T10:34:37","slug":"the-art-of-sound-walks","status":"publish","type":"page","link":"https:\/\/www.tunedcity.net\/?page_id=3831","title":{"rendered":"The art of sound walks"},"content":{"rendered":"<p>lecture by <a href=\"https:\/\/www.tunedcity.net\/?page_id=3521\">Joost Fonteyne<\/a> (BE)<\/p>\n<p><img loading=\"lazy\" decoding=\"async\" class=\"alignnone size-full wp-image-4116\" title=\"soundwalk\" src=\"http:\/\/www.tunedcity.net\/wp-content\/uploads\/2013\/05\/soundwalk.jpg\" alt=\"\" width=\"490\" height=\"368\" srcset=\"https:\/\/www.tunedcity.net\/wp-content\/uploads\/2013\/05\/soundwalk.jpg 640w, https:\/\/www.tunedcity.net\/wp-content\/uploads\/2013\/05\/soundwalk-300x225.jpg 300w\" sizes=\"auto, (max-width: 490px) 100vw, 490px\" \/><\/p>\n<p>Joost Fonteyne talks about the art of sound walks. Sound Walks have a long tradition. Back in 1965, Max Neuhaus would take his audience outside in &#8216;LISTEN&#8217;, to listen to the city. Pioneer Hildegard Westerkamp described it as any excursion whose main purpose is listening to the environment. Does it still pay to organise sound walks if the practice of deep listening is as good as moribund? Are we, in fact, aware of the sounds around us? Or do the makers of sound walks invite us precisely to experience the often urban environment in a different way?<br \/>\n<\/p>\n<p><\/p>\n<p>[lang_nl]Joost Fonteyne spreekt over de kunst van het geluidswandelen. Loont het nog de moeite om geluidswandelingen te organiseren als de praktijk van &#8216;deep listening&#8217; op sterven na dood is? Zijn we ons nog bewust van het geluid van onze omgeving? Of worden we net uitgenodigd om de veelal stedelijke omgeving op een andere manier te beleven?<br \/>\n[\/lang_nl]<\/p>\n<p>[lang_fr]Joost Fonteyne parle de l&#8217;art de la promenade sonore. Vaut-il encore la peine de les organiser alors que la pratique de &#8216;deep listening&#8217; en est \u00e0 ses derniers sursauts? Est-ce que nous sommes encore conscients des bruits de notre environnement? Ou bien les cr\u00e9ateurs nous invitent-ils justement \u00e0 vivre l&#8217;entourage surtout citadin d&#8217;une autre mani\u00e8re? [\/lang_fr]<\/p>\n<p>appearance at Tuned City<br \/>\n <a href=\"https:\/\/www.tunedcity.net\/?page_id=3565#day2\">Brussels \/ Situational Listening &#8211; 29. June 2013<\/a><\/p>","protected":false},"excerpt":{"rendered":"<p>lecture by (BE) Joost Fonteyne talks about the art of sound walks. Sound Walks have a long tradition. Back in 1965, Max Neuhaus would take his audience outside in &#8216;LISTEN&#8217;, to listen to the city. Pioneer Hildegard Westerkamp described it as any excursion whose main purpose is listening to the environment. Does it still pay [&hellip;]<\/p>\n","protected":false},"author":1,"featured_media":0,"parent":3565,"menu_order":0,"comment_status":"closed","ping_status":"closed","template":"","meta":{"footnotes":""},"categories":[1],"tags":[],"class_list":["post-3831","page","type-page","status-publish","hentry","category-allgemein"],"_links":{"self":[{"href":"https:\/\/www.tunedcity.net\/index.php?rest_route=\/wp\/v2\/pages\/3831","targetHints":{"allow":["GET"]}}],"collection":[{"href":"https:\/\/www.tunedcity.net\/index.php?rest_route=\/wp\/v2\/pages"}],"about":[{"href":"https:\/\/www.tunedcity.net\/index.php?rest_route=\/wp\/v2\/types\/page"}],"author":[{"embeddable":true,"href":"https:\/\/www.tunedcity.net\/index.php?rest_route=\/wp\/v2\/users\/1"}],"replies":[{"embeddable":true,"href":"https:\/\/www.tunedcity.net\/index.php?rest_route=%2Fwp%2Fv2%2Fcomments&post=3831"}],"version-history":[{"count":5,"href":"https:\/\/www.tunedcity.net\/index.php?rest_route=\/wp\/v2\/pages\/3831\/revisions"}],"predecessor-version":[{"id":4213,"href":"https:\/\/www.tunedcity.net\/index.php?rest_route=\/wp\/v2\/pages\/3831\/revisions\/4213"}],"up":[{"embeddable":true,"href":"https:\/\/www.tunedcity.net\/index.php?rest_route=\/wp\/v2\/pages\/3565"}],"wp:attachment":[{"href":"https:\/\/www.tunedcity.net\/index.php?rest_route=%2Fwp%2Fv2%2Fmedia&parent=3831"}],"wp:term":[{"taxonomy":"category","embeddable":true,"href":"https:\/\/www.tunedcity.net\/index.php?rest_route=%2Fwp%2Fv2%2Fcategories&post=3831"},{"taxonomy":"post_tag","embeddable":true,"href":"https:\/\/www.tunedcity.net\/index.php?rest_route=%2Fwp%2Fv2%2Ftags&post=3831"}],"curies":[{"name":"wp","href":"https:\/\/api.w.org\/{rel}","templated":true}]}}