{"id":3826,"date":"2013-05-27T11:46:24","date_gmt":"2013-05-27T09:46:24","guid":{"rendered":"http:\/\/www.tunedcity.net\/?page_id=3826"},"modified":"2015-11-06T12:38:56","modified_gmt":"2015-11-06T11:38:56","slug":"moderation-and-micro-actions","status":"publish","type":"page","link":"https:\/\/www.tunedcity.net\/?page_id=3826","title":{"rendered":"Shared Space"},"content":{"rendered":"<p>lecture by <a href=\"https:\/\/www.tunedcity.net\/?page_id=44\">Brandon LaBelle<\/a> (US)<\/p>\n<p><img loading=\"lazy\" decoding=\"async\" class=\"alignnone size-full wp-image-4120\" title=\"stranger\" src=\"http:\/\/www.tunedcity.net\/wp-content\/uploads\/2013\/05\/stranger.jpg\" alt=\"\" width=\"490\" height=\"368\" srcset=\"https:\/\/www.tunedcity.net\/wp-content\/uploads\/2013\/05\/stranger.jpg 605w, https:\/\/www.tunedcity.net\/wp-content\/uploads\/2013\/05\/stranger-300x225.jpg 300w\" sizes=\"auto, (max-width: 490px) 100vw, 490px\" \/><br \/>\n<em>&#8220;Diary of a stranger&#8221; (\u00a9 Brandon LaBelle)<\/em><\/p>\n<p>Sound supports a dynamic relationality between self and surrounding, imparting generative instances of contact and belonging, along with interruption and negotiation. From echoes passing across a given space to vibrations underfoot, disturbances from the neighbor to recollections of disappeared voices, this intense relationality can be appreciated as exceeding the sightlines of the architectural imagination, and the limits of the single body, to support alternative notions of shared space \u2013 of meeting the other.<br \/>\nFollowing theories of distributed agency and disagreement, I&#8217;m interested to chart out this &#8220;acoustics of sharing&#8221; by way of over-hearing. At stake is a concern for the potentiality of sound to foster collectivity in the (un)making, and how this may suggest new modalities of &#8220;being public&#8221;.<br \/>\n<\/p>\n<p><\/p>\n<p>[lang_nl]Brandon LaBelle is naast gewaardeerd schrijver, ook actief als theoreticus en uitgever binnen het domein van de auditieve cultuur. Zelf heeft hij als kunstenaar bovendien een speciale interesse in projecten in de openbare ruimte en de rol van de artistieke productie of interventie in een sociale context. Hij gidst u vandaag als moderator door het programma en voorziet enkele micro-acties als intermezzi.[\/lang_nl]<\/p>\n<p>[lang_fr]Brandon LaBelle est un auteur appr\u00e9ci\u00e9, mais il est aussi th\u00e9oricien et \u00e9diteur dans le monde de la culture auditive. Il s&#8217;int\u00e9resse en particulier aux projets dans les lieux publics et au r\u00f4le de la production\/intervention artistique dans un contexte social. Il vous guide \u00e0 travers le programme avec quelques micro actions comme interm\u00e8des.[\/lang_fr]<\/p>\n<object type=\"application\/x-shockwave-flash\" data=\"http:\/\/www.tunedcity.net\/wp-content\/plugins\/audio-player\/player.swf\" width=\"290\" height=\"24\" id=\"audioplayer1\"><param name=\"movie\" value=\"http:\/\/www.tunedcity.net\/wp-content\/plugins\/audio-player\/player.swf\" \/><param name=\"FlashVars\" value=\"playerID=1&amp;bg=0xf8f8f8&amp;leftbg=0xeeeeee&amp;lefticon=0x666666&amp;rightbg=0xcccccc&amp;rightbghover=0x999999&amp;righticon=0x666666&amp;righticonhover=0xffffff&amp;text=0x666666&amp;slider=0x666666&amp;track=0xFFFFFF&amp;border=0x666666&amp;loader=0xCCCCCC&amp;soundFile=http%3A%2F%2Fwww.garage-g.de%2Ftunedcity%2Faudio%2Ftc_2013%2FShared%20Space%20Brandon%20LaBelle.mp3\" \/><param name=\"quality\" value=\"high\" \/><param name=\"menu\" value=\"false\" \/><param name=\"wmode\" value=\"transparent\" \/><\/object>\n<p>appearance at Tuned City<br \/>\n<a href=\"https:\/\/www.tunedcity.net\/?page_id=3565#day2\">Brussels \/ Situational Listening &#8211; 29. June 2013<\/a><\/p>","protected":false},"excerpt":{"rendered":"<p>lecture by (US) &#8220;Diary of a stranger&#8221; (\u00a9 Brandon LaBelle) Sound supports a dynamic relationality between self and surrounding, imparting generative instances of contact and belonging, along with interruption and negotiation. From echoes passing across a given space to vibrations underfoot, disturbances from the neighbor to recollections of disappeared voices, this intense relationality can be [&hellip;]<\/p>\n","protected":false},"author":1,"featured_media":0,"parent":3565,"menu_order":0,"comment_status":"closed","ping_status":"closed","template":"","meta":{"footnotes":""},"categories":[1],"tags":[],"class_list":["post-3826","page","type-page","status-publish","hentry","category-allgemein"],"_links":{"self":[{"href":"https:\/\/www.tunedcity.net\/index.php?rest_route=\/wp\/v2\/pages\/3826","targetHints":{"allow":["GET"]}}],"collection":[{"href":"https:\/\/www.tunedcity.net\/index.php?rest_route=\/wp\/v2\/pages"}],"about":[{"href":"https:\/\/www.tunedcity.net\/index.php?rest_route=\/wp\/v2\/types\/page"}],"author":[{"embeddable":true,"href":"https:\/\/www.tunedcity.net\/index.php?rest_route=\/wp\/v2\/users\/1"}],"replies":[{"embeddable":true,"href":"https:\/\/www.tunedcity.net\/index.php?rest_route=%2Fwp%2Fv2%2Fcomments&post=3826"}],"version-history":[{"count":10,"href":"https:\/\/www.tunedcity.net\/index.php?rest_route=\/wp\/v2\/pages\/3826\/revisions"}],"predecessor-version":[{"id":4772,"href":"https:\/\/www.tunedcity.net\/index.php?rest_route=\/wp\/v2\/pages\/3826\/revisions\/4772"}],"up":[{"embeddable":true,"href":"https:\/\/www.tunedcity.net\/index.php?rest_route=\/wp\/v2\/pages\/3565"}],"wp:attachment":[{"href":"https:\/\/www.tunedcity.net\/index.php?rest_route=%2Fwp%2Fv2%2Fmedia&parent=3826"}],"wp:term":[{"taxonomy":"category","embeddable":true,"href":"https:\/\/www.tunedcity.net\/index.php?rest_route=%2Fwp%2Fv2%2Fcategories&post=3826"},{"taxonomy":"post_tag","embeddable":true,"href":"https:\/\/www.tunedcity.net\/index.php?rest_route=%2Fwp%2Fv2%2Ftags&post=3826"}],"curies":[{"name":"wp","href":"https:\/\/api.w.org\/{rel}","templated":true}]}}