{"id":3821,"date":"2013-05-24T20:00:09","date_gmt":"2013-05-24T18:00:09","guid":{"rendered":"http:\/\/www.tunedcity.net\/?page_id=3821"},"modified":"2015-11-05T21:47:08","modified_gmt":"2015-11-05T20:47:08","slug":"walkscapes","status":"publish","type":"page","link":"https:\/\/www.tunedcity.net\/?page_id=3821","title":{"rendered":"Walkscapes"},"content":{"rendered":"<p>lecture by <a href=\"https:\/\/www.tunedcity.net\/?page_id=3484\">Francesco Careri<\/a> (I)<\/p>\n<p><img loading=\"lazy\" decoding=\"async\" class=\"alignnone size-full wp-image-4114\" title=\"walkscape\" src=\"http:\/\/www.tunedcity.net\/wp-content\/uploads\/2013\/05\/walkscape.jpg\" alt=\"\" width=\"500\" height=\"280\" srcset=\"https:\/\/www.tunedcity.net\/wp-content\/uploads\/2013\/05\/walkscape.jpg 567w, https:\/\/www.tunedcity.net\/wp-content\/uploads\/2013\/05\/walkscape-300x167.jpg 300w\" sizes=\"auto, (max-width: 500px) 100vw, 500px\" \/><\/p>\n<p>Walkscapes deals with strolling as an architecture of landscape. Walking is considered as an autonomous form of art and a primary act in the symbolic transformation of the territory. It is &#8211; as to speak &#8211; an aesthetic instrument of knowledge and a physical transformation of the \u201cnegotiated\u201d space that is converted into an urban intervention. From primitive nomadism to Dada and Surrealism, from the Lettrist to the Situationist International and from Minimalism to Land Art, this lecture revealing the notion of Walkscapes narrates the perception of landscape through a history of the traversed city. (http:\/\/www.walkinginplace.org\/converge\/iprh\/)<\/p>\n<p><\/p>\n<p>[lang_nl]Walkscapes behandelt wandelen als een autonome kunstvorm om een symbolisch gebied te transformeren. Uitermate geschikt als tool voor stedelijke interventie, onthult deze lezing de beleving van het landschap door middel van de doorkruiste stad. Francesco Careri ontleedt hiervoor enkele kunststromingen die lichamelijke beweging doorheen de ruimte als creatief gebaar gebruikten. (http:\/\/www.walkinginplace.org\/converge\/iprh\/)[\/lang_nl]<\/p>\n<p>[lang_fr]Walkscapes traite la promenade comme art autonome afin de transformer une zone symbolique. L&#8217;id\u00e9al pour une intervention urbaine, cette lecture d\u00e9voile comment vivre le paysage au travers d&#8217;une ville sillonn\u00e9e. Careri analyse pour cela quelques courants artistiques qui ont utilis\u00e9 l&#8217;exercice physique dans l&#8217;espace comme geste cr\u00e9atif. (http:\/\/www.walkinginplace.org\/converge\/iprh\/)[\/lang_fr]<\/p>\n<object type=\"application\/x-shockwave-flash\" data=\"http:\/\/www.tunedcity.net\/wp-content\/plugins\/audio-player\/player.swf\" width=\"290\" height=\"24\" id=\"audioplayer1\"><param name=\"movie\" value=\"http:\/\/www.tunedcity.net\/wp-content\/plugins\/audio-player\/player.swf\" \/><param name=\"FlashVars\" value=\"playerID=1&amp;bg=0xf8f8f8&amp;leftbg=0xeeeeee&amp;lefticon=0x666666&amp;rightbg=0xcccccc&amp;rightbghover=0x999999&amp;righticon=0x666666&amp;righticonhover=0xffffff&amp;text=0x666666&amp;slider=0x666666&amp;track=0xFFFFFF&amp;border=0x666666&amp;loader=0xCCCCCC&amp;soundFile=http%3A%2F%2Fwww.garage-g.de%2Ftunedcity%2Faudio%2Ftc_2013%2FWalkscapes%20Francesco%20Careri.mp3\" \/><param name=\"quality\" value=\"high\" \/><param name=\"menu\" value=\"false\" \/><param name=\"wmode\" value=\"transparent\" \/><\/object>\n<p>appearance at Tuned City<br \/>\n<a href=\"https:\/\/www.tunedcity.net\/?page_id=3565#day2\">Brussels \/ Situational Listening &#8211; 29. June 2013<\/a><\/p>","protected":false},"excerpt":{"rendered":"<p>lecture by (I) Walkscapes deals with strolling as an architecture of landscape. Walking is considered as an autonomous form of art and a primary act in the symbolic transformation of the territory. It is &#8211; as to speak &#8211; an aesthetic instrument of knowledge and a physical transformation of the \u201cnegotiated\u201d space that is converted [&hellip;]<\/p>\n","protected":false},"author":1,"featured_media":0,"parent":3565,"menu_order":0,"comment_status":"closed","ping_status":"closed","template":"","meta":{"footnotes":""},"categories":[1],"tags":[],"class_list":["post-3821","page","type-page","status-publish","hentry","category-allgemein"],"_links":{"self":[{"href":"https:\/\/www.tunedcity.net\/index.php?rest_route=\/wp\/v2\/pages\/3821","targetHints":{"allow":["GET"]}}],"collection":[{"href":"https:\/\/www.tunedcity.net\/index.php?rest_route=\/wp\/v2\/pages"}],"about":[{"href":"https:\/\/www.tunedcity.net\/index.php?rest_route=\/wp\/v2\/types\/page"}],"author":[{"embeddable":true,"href":"https:\/\/www.tunedcity.net\/index.php?rest_route=\/wp\/v2\/users\/1"}],"replies":[{"embeddable":true,"href":"https:\/\/www.tunedcity.net\/index.php?rest_route=%2Fwp%2Fv2%2Fcomments&post=3821"}],"version-history":[{"count":6,"href":"https:\/\/www.tunedcity.net\/index.php?rest_route=\/wp\/v2\/pages\/3821\/revisions"}],"predecessor-version":[{"id":4769,"href":"https:\/\/www.tunedcity.net\/index.php?rest_route=\/wp\/v2\/pages\/3821\/revisions\/4769"}],"up":[{"embeddable":true,"href":"https:\/\/www.tunedcity.net\/index.php?rest_route=\/wp\/v2\/pages\/3565"}],"wp:attachment":[{"href":"https:\/\/www.tunedcity.net\/index.php?rest_route=%2Fwp%2Fv2%2Fmedia&parent=3821"}],"wp:term":[{"taxonomy":"category","embeddable":true,"href":"https:\/\/www.tunedcity.net\/index.php?rest_route=%2Fwp%2Fv2%2Fcategories&post=3821"},{"taxonomy":"post_tag","embeddable":true,"href":"https:\/\/www.tunedcity.net\/index.php?rest_route=%2Fwp%2Fv2%2Ftags&post=3821"}],"curies":[{"name":"wp","href":"https:\/\/api.w.org\/{rel}","templated":true}]}}