{"id":3814,"date":"2013-05-24T19:53:10","date_gmt":"2013-05-24T17:53:10","guid":{"rendered":"http:\/\/www.tunedcity.net\/?page_id=3814"},"modified":"2013-06-04T12:36:23","modified_gmt":"2013-06-04T10:36:23","slug":"soundwalk","status":"publish","type":"page","link":"https:\/\/www.tunedcity.net\/?page_id=3814","title":{"rendered":"Sound::Walk"},"content":{"rendered":"<p>lecture by<strong> DOC-team<\/strong> <a href=\"https:\/\/www.tunedcity.net\/?page_id=3482\">Szilvia Kov\u00e1cs<\/a> (HU) &amp; <a href=\"https:\/\/www.tunedcity.net\/?page_id=3479\">Carina Lesky<\/a> (A) &amp; <a href=\"https:\/\/www.tunedcity.net\/?page_id=3476\">Anamarija Batista<\/a> (BiH)<\/p>\n<p><img loading=\"lazy\" decoding=\"async\" class=\"alignnone size-full wp-image-4118\" title=\"nakedcity\" src=\"http:\/\/www.tunedcity.net\/wp-content\/uploads\/2013\/05\/nakedcity.jpg\" alt=\"\" width=\"494\" height=\"340\" srcset=\"https:\/\/www.tunedcity.net\/wp-content\/uploads\/2013\/05\/nakedcity.jpg 700w, https:\/\/www.tunedcity.net\/wp-content\/uploads\/2013\/05\/nakedcity-300x206.jpg 300w\" sizes=\"auto, (max-width: 494px) 100vw, 494px\" \/><\/p>\n<p>The request for more diverse open public spaces supports the development of the walking culture and produces the need for more walking areas and pedestrian sites. It can be observed that \u201cwalking\u201d as a practice and an everyday experience is not just a way of movement, but also an active awareness of environment. In the 1960s the Situationist International introduced \u201cwalking\u201d as a method to change the city connecting it to the artistic practice. From their point of view, techniques such as the \u201cderive\u201d can stimulate, affect and alter urban structures. In this lecture DOC-team will focus on how the sound artistic practice connects to the practice of walking as well as to contemporary urban planning strategies.<br \/>\n<\/p>\n<p>[lang_nl]Er is alsmaar meer vraag naar wandelgebieden en voetgangerszones in de publieke ruimte. Wandelen omvat niet alleen dagdagelijkse beweging, maar ook een actieve bewustwording van de omgeving. Net zoals de situationisten met \u201cwandelen\u201d als artistieke praktijk de stad veranderden, belicht DOC-team hoe een integratie van geluidskunst zich tot wandelen en stadsplanning kan verhouden.[\/lang_nl]<\/p>\n<p>[lang_fr]Il y a une forte demande pour les lieux et zones de promenade. La promenade ne vise plus que l&#8217;exercice de tous les jours, c&#8217;est une prise de conscience active des lieux. Comme les situationistes qui avec la \u201cpromenade\u201d comme art ont chang\u00e9 la ville, DOC montre comment une int\u00e9gration de l&#8217;art sonore peut se rapporter \u00e0 la balade et \u00e0 l&#8217;urbanisme.[\/lang_fr]<\/p>\n<p>appearance at Tuned City<br \/>\n<a href=\"https:\/\/www.tunedcity.net\/?page_id=3565#day2\">Brussels \/ Situational Listening &#8211; 29. June 2013<\/a><\/p>","protected":false},"excerpt":{"rendered":"<p>lecture by DOC-team (HU) &amp; (A) &amp; (BiH) The request for more diverse open public spaces supports the development of the walking culture and produces the need for more walking areas and pedestrian sites. It can be observed that \u201cwalking\u201d as a practice and an everyday experience is not just a way of movement, but [&hellip;]<\/p>\n","protected":false},"author":1,"featured_media":0,"parent":3565,"menu_order":0,"comment_status":"closed","ping_status":"closed","template":"","meta":{"footnotes":""},"categories":[1],"tags":[],"class_list":["post-3814","page","type-page","status-publish","hentry","category-allgemein"],"_links":{"self":[{"href":"https:\/\/www.tunedcity.net\/index.php?rest_route=\/wp\/v2\/pages\/3814","targetHints":{"allow":["GET"]}}],"collection":[{"href":"https:\/\/www.tunedcity.net\/index.php?rest_route=\/wp\/v2\/pages"}],"about":[{"href":"https:\/\/www.tunedcity.net\/index.php?rest_route=\/wp\/v2\/types\/page"}],"author":[{"embeddable":true,"href":"https:\/\/www.tunedcity.net\/index.php?rest_route=\/wp\/v2\/users\/1"}],"replies":[{"embeddable":true,"href":"https:\/\/www.tunedcity.net\/index.php?rest_route=%2Fwp%2Fv2%2Fcomments&post=3814"}],"version-history":[{"count":9,"href":"https:\/\/www.tunedcity.net\/index.php?rest_route=\/wp\/v2\/pages\/3814\/revisions"}],"predecessor-version":[{"id":4216,"href":"https:\/\/www.tunedcity.net\/index.php?rest_route=\/wp\/v2\/pages\/3814\/revisions\/4216"}],"up":[{"embeddable":true,"href":"https:\/\/www.tunedcity.net\/index.php?rest_route=\/wp\/v2\/pages\/3565"}],"wp:attachment":[{"href":"https:\/\/www.tunedcity.net\/index.php?rest_route=%2Fwp%2Fv2%2Fmedia&parent=3814"}],"wp:term":[{"taxonomy":"category","embeddable":true,"href":"https:\/\/www.tunedcity.net\/index.php?rest_route=%2Fwp%2Fv2%2Fcategories&post=3814"},{"taxonomy":"post_tag","embeddable":true,"href":"https:\/\/www.tunedcity.net\/index.php?rest_route=%2Fwp%2Fv2%2Ftags&post=3814"}],"curies":[{"name":"wp","href":"https:\/\/api.w.org\/{rel}","templated":true}]}}