{"id":3809,"date":"2013-05-24T19:44:11","date_gmt":"2013-05-24T17:44:11","guid":{"rendered":"http:\/\/www.tunedcity.net\/?page_id=3809"},"modified":"2013-06-05T12:09:40","modified_gmt":"2013-06-05T10:09:40","slug":"workshop","status":"publish","type":"page","link":"https:\/\/www.tunedcity.net\/?page_id=3809","title":{"rendered":"Sounds like Home?"},"content":{"rendered":"<p>workshop by <a href=\"https:\/\/www.tunedcity.net\/?page_id=3380\">Stalker\/ON<\/a> (IT)<\/p>\n<p>this workshop is free, max 10 participants<br \/>\n<em> <\/em><em>June 26th &#8211; 28th <\/em>\u2013 please <a href=\"mailto:tc@tunedcity.de?subject=workshop%20registration\">register!<\/a><\/p>\n<p>Refugees\u2019 status is suspended in between acceptation and refuse, feeling of welcoming or rejected. Refugees\u2019 gaze on our cities can tell us a lot, not just on them but more on us, on the state of our public sphere. Refugees\u2019 every day life is shifting, in just one generation, in between the becoming familiar of the hosting land and the becoming imaginary of the land of birth.<br \/>\nAt the crossing of those two perceptions, we want to propose the \u201cSound like home?\u201d three days workshop with refugees, artists and anyone who is interested and a final public walk. The goal is to make visible and accessible the psychological and cultural gap experienced by refugees inhabiting European cities, and how this is becoming one of the most interesting and underrated emerging cultural visions of Europe, that should help us understanding how our cities are changing.<br \/>\nStalker will lead a participatory workshop giving to the partecipants the tools and strategies that employ direct unedited forms of cooperative documentation to raise a better self-awareness of their community and of their environment; stressing the idea that participation in the walks is an active way to experience the city. Whilst on the walk you are not passive being led by a guide but you become an essential element of the walk and an active participant in debates about the city underlining the cooperation of its users to generate collective values.<br \/>\nFollowing the practice of reciprocal learning, the strategies to approach the territory will be defined together with the partecipants at the beginning of the workshop giving to everyone the autonomy to build paths and program; key elements will be casual encounters and spontenous chances of possibility and opportunity which will be the contents of the final narration of the public walk.<br \/>\nThe preparatory workshop seeks to collectively explore the ongoing social and urban transformation of the urban space in the city of Brussels, facing and debating together the key words that are defining the today metropolitan areas, urban\/rural, us\/others, past\/future, citizens\/institution.<\/p>\n<p>The workshop will be mainly on field.<br \/>\nThe workshop will be mainly in English and French.<br \/>\nThe workshop is open to refugees and anyone interested in facing refugees issues, experiencing<br \/>\nthe proposed practice of crossing and debating on key words about the city of Brussels.<\/p>\n<p><\/p>\n<p>[lang_nl]Stalker\/ON dat opgericht werd in 1995, promoot interventies die gebaseerd zijn op de ruimtelijke praktijken van onderzoek, luisteren en verhouding en op creatieve interacties met de omgeving, diens inwoners en hun \u201ccollectief geheugen\u201d. Deze processen willen sociale en omgevingsverhoudingen genereren die zichzelf organiseren en mee ontwikkelen met de tijd. Het gevoelig en dynamisch in kaart brengen van gebieden en gemeenschappen die door deze processen gegenereerd worden is altijd makkelijk toegankelijk. De Brusselse workshop van het collectief Stalker\/ON organiseert een publieke wandeling in samenwerking met specifieke doelgroepen. [\/lang_nl]<\/p>\n<p>[lang_fr]Fond\u00e9 en 1995, Stalker\/ON stimule les interventions bas\u00e9es sur les pratiques spatiales de l&#8217;exploration, de l&#8217;\u00e9coute, des rapports cr\u00e9atifs avec l&#8217;environnement, ses habitants et leurs \u201carchives de la m\u00e9moire\u201d. Ces processus visent \u00e0 g\u00e9n\u00e9rer des relations sociales et environnementales qui sont auto-organis\u00e9es et qui \u00e9voluent au fil du temps. La mise en place sensitive et dynamique des territoires et des communaut\u00e9s est toujours d&#8217;un acc\u00e8s ais\u00e9. Le workshop bruxellois du collectif  Stalker\/ON organisera un trajet publique en collaboration avec des groupes cibles sp\u00e9cifiques.<br \/>\n[\/lang_fr]<\/p>","protected":false},"excerpt":{"rendered":"<p>workshop by (IT) this workshop is free, max 10 participants June 26th &#8211; 28th \u2013 please register! Refugees\u2019 status is suspended in between acceptation and refuse, feeling of welcoming or rejected. Refugees\u2019 gaze on our cities can tell us a lot, not just on them but more on us, on the state of our public [&hellip;]<\/p>\n","protected":false},"author":1,"featured_media":0,"parent":3574,"menu_order":0,"comment_status":"closed","ping_status":"closed","template":"","meta":{"footnotes":""},"categories":[1],"tags":[],"class_list":["post-3809","page","type-page","status-publish","hentry","category-allgemein"],"_links":{"self":[{"href":"https:\/\/www.tunedcity.net\/index.php?rest_route=\/wp\/v2\/pages\/3809","targetHints":{"allow":["GET"]}}],"collection":[{"href":"https:\/\/www.tunedcity.net\/index.php?rest_route=\/wp\/v2\/pages"}],"about":[{"href":"https:\/\/www.tunedcity.net\/index.php?rest_route=\/wp\/v2\/types\/page"}],"author":[{"embeddable":true,"href":"https:\/\/www.tunedcity.net\/index.php?rest_route=\/wp\/v2\/users\/1"}],"replies":[{"embeddable":true,"href":"https:\/\/www.tunedcity.net\/index.php?rest_route=%2Fwp%2Fv2%2Fcomments&post=3809"}],"version-history":[{"count":9,"href":"https:\/\/www.tunedcity.net\/index.php?rest_route=\/wp\/v2\/pages\/3809\/revisions"}],"predecessor-version":[{"id":4336,"href":"https:\/\/www.tunedcity.net\/index.php?rest_route=\/wp\/v2\/pages\/3809\/revisions\/4336"}],"up":[{"embeddable":true,"href":"https:\/\/www.tunedcity.net\/index.php?rest_route=\/wp\/v2\/pages\/3574"}],"wp:attachment":[{"href":"https:\/\/www.tunedcity.net\/index.php?rest_route=%2Fwp%2Fv2%2Fmedia&parent=3809"}],"wp:term":[{"taxonomy":"category","embeddable":true,"href":"https:\/\/www.tunedcity.net\/index.php?rest_route=%2Fwp%2Fv2%2Fcategories&post=3809"},{"taxonomy":"post_tag","embeddable":true,"href":"https:\/\/www.tunedcity.net\/index.php?rest_route=%2Fwp%2Fv2%2Ftags&post=3809"}],"curies":[{"name":"wp","href":"https:\/\/api.w.org\/{rel}","templated":true}]}}