{"id":3785,"date":"2013-05-24T19:19:25","date_gmt":"2013-05-24T17:19:25","guid":{"rendered":"http:\/\/www.tunedcity.net\/?page_id=3785"},"modified":"2013-05-30T21:48:08","modified_gmt":"2013-05-30T19:48:08","slug":"space-and-frequency-rhythm-lab","status":"publish","type":"page","link":"https:\/\/www.tunedcity.net\/?page_id=3785","title":{"rendered":"Space and Frequency &#8211; Rhythm Lab"},"content":{"rendered":"<p>workshop by <a href=\"https:\/\/www.tunedcity.net\/?page_id=1047\">Lukas K\u00fchne<\/a> (D) &amp; <a href=\"https:\/\/www.tunedcity.net\/?page_id=3363\">Robyn Schulkowsky<\/a> (US)<\/p>\n<p>this workshop is free, max 6-8 participants<br \/>\n<em> <\/em><em>27-28 June <\/em>\u2013 please <a href=\"mailto:tc@tunedcity.de?subject=workshop%20registration\">register!<\/a><\/p>\n<p><img loading=\"lazy\" decoding=\"async\" class=\"alignnone size-full wp-image-4018\" title=\"spaceandfreq\" src=\"http:\/\/www.tunedcity.net\/wp-content\/uploads\/2013\/05\/spaceandfreq.jpg\" alt=\"\" width=\"496\" height=\"329\" srcset=\"https:\/\/www.tunedcity.net\/wp-content\/uploads\/2013\/05\/spaceandfreq.jpg 709w, https:\/\/www.tunedcity.net\/wp-content\/uploads\/2013\/05\/spaceandfreq-300x198.jpg 300w\" sizes=\"auto, (max-width: 496px) 100vw, 496px\" \/><\/p>\n<p>This workshop is about lively, pure acoustic space investigation with physical sound sources. Unique sub bass marimba keys equipped with monumental sized resonators will be utilized as instruments. The area of the site-specific sound sculpture setting includes different locations at and around the Brussels North Railway Station. The overall aim of this lab is to explore the symbiotic relationship between sound and space in order to create an auditory-spatial-musical-construction that \u201creads and reflects\u201d the shape and content of the chosen site.<\/p>\n<p>workshop language: English<\/p>\n<p><\/p>\n<p><\/p>\n<p>[lang_nl]Deze workshop draait om levendig, puur akoestisch ruimteonderzoek met fysieke klankbronnen. Unieke subbass marimbatoetsen uitgerust met monumentale resonatoren worden als instrumenten gebruikt. Het gebied van de site specifieke klanksculptuursetting bestaat uit verschillende locaties in en rond het treinstation Brussel-Noord. Dit laboratorium wil de symbiotische verhouding tussen klank en ruimte verkennen om een auditieve-ruimtelijke-muzikale-constructie te cre\u00ebren die de vorm en de inhoud van de gekozen site \u201cleest en weerspiegelt\u201d.<\/p>\n<p>[\/lang_nl]<\/p>\n<p>[lang_fr]Ce workshop se concentre sur une investigation spatiale anim\u00e9e et purement acoustique. Des marimbas uniques aux tons tr\u00e8s bas et avec des r\u00e9sonateurs monumentaux serviront d&#8217;instruments. La zone pour les sculptures sonores adapt\u00e9es aux lieux sp\u00e9cifiques comprend diff\u00e9rents endroits dans et autour de la Gare du Nord de Bruxelles. L&#8217;objectif g\u00e9n\u00e9ral de ce laboratoire est d&#8217;explorer le rapport symbiotique entre le son et l&#8217;espace afin de cr\u00e9er une construction auditoire\u2013espace\u2013musique qui \u201clit et refl\u00e8te\u201d la forme et le contenu de l&#8217;endroit choisi.<\/p>\n<p>[\/lang_fr]<\/p>\n<p><a title=\"http:\/\/spaceandfrequency.de\/spaceandfrequency.pdf\" rel=\"nofollow\" href=\"http:\/\/spaceandfrequency.de\/spaceandfrequency.pdf\">http:\/\/spaceandfrequency.de\/spaceandfrequency.pdf<\/a><\/p>","protected":false},"excerpt":{"rendered":"<p>workshop by (D) &amp; (US) this workshop is free, max 6-8 participants 27-28 June \u2013 please register! This workshop is about lively, pure acoustic space investigation with physical sound sources. Unique sub bass marimba keys equipped with monumental sized resonators will be utilized as instruments. The area of the site-specific sound sculpture setting includes different [&hellip;]<\/p>\n","protected":false},"author":1,"featured_media":0,"parent":3574,"menu_order":0,"comment_status":"closed","ping_status":"closed","template":"","meta":{"footnotes":""},"categories":[1],"tags":[],"class_list":["post-3785","page","type-page","status-publish","hentry","category-allgemein"],"_links":{"self":[{"href":"https:\/\/www.tunedcity.net\/index.php?rest_route=\/wp\/v2\/pages\/3785","targetHints":{"allow":["GET"]}}],"collection":[{"href":"https:\/\/www.tunedcity.net\/index.php?rest_route=\/wp\/v2\/pages"}],"about":[{"href":"https:\/\/www.tunedcity.net\/index.php?rest_route=\/wp\/v2\/types\/page"}],"author":[{"embeddable":true,"href":"https:\/\/www.tunedcity.net\/index.php?rest_route=\/wp\/v2\/users\/1"}],"replies":[{"embeddable":true,"href":"https:\/\/www.tunedcity.net\/index.php?rest_route=%2Fwp%2Fv2%2Fcomments&post=3785"}],"version-history":[{"count":12,"href":"https:\/\/www.tunedcity.net\/index.php?rest_route=\/wp\/v2\/pages\/3785\/revisions"}],"predecessor-version":[{"id":4060,"href":"https:\/\/www.tunedcity.net\/index.php?rest_route=\/wp\/v2\/pages\/3785\/revisions\/4060"}],"up":[{"embeddable":true,"href":"https:\/\/www.tunedcity.net\/index.php?rest_route=\/wp\/v2\/pages\/3574"}],"wp:attachment":[{"href":"https:\/\/www.tunedcity.net\/index.php?rest_route=%2Fwp%2Fv2%2Fmedia&parent=3785"}],"wp:term":[{"taxonomy":"category","embeddable":true,"href":"https:\/\/www.tunedcity.net\/index.php?rest_route=%2Fwp%2Fv2%2Fcategories&post=3785"},{"taxonomy":"post_tag","embeddable":true,"href":"https:\/\/www.tunedcity.net\/index.php?rest_route=%2Fwp%2Fv2%2Ftags&post=3785"}],"curies":[{"name":"wp","href":"https:\/\/api.w.org\/{rel}","templated":true}]}}