{"id":3771,"date":"2013-05-24T19:02:51","date_gmt":"2013-05-24T17:02:51","guid":{"rendered":"http:\/\/www.tunedcity.net\/?page_id=3771"},"modified":"2013-06-04T13:05:46","modified_gmt":"2013-06-04T11:05:46","slug":"space-and-frequency-rhythm-lab","status":"publish","type":"page","link":"https:\/\/www.tunedcity.net\/?page_id=3771","title":{"rendered":"Space and Frequency &#8211; Rhythm Lab _ Performance"},"content":{"rendered":"<p><a href=\"https:\/\/www.tunedcity.net\/?page_id=1047\">Lukas K\u00fchne<\/a> (D) &amp; <a href=\"https:\/\/www.tunedcity.net\/?page_id=3363\">Robyn Schulkowsky<\/a> (US) and workshop participants<\/p>\n<p><img loading=\"lazy\" decoding=\"async\" class=\"alignnone size-full wp-image-4038\" title=\"spacefreq02\" src=\"http:\/\/www.tunedcity.net\/wp-content\/uploads\/2013\/05\/spacefreq02.png\" alt=\"\" width=\"498\" height=\"330\" srcset=\"https:\/\/www.tunedcity.net\/wp-content\/uploads\/2013\/05\/spacefreq02.png 800w, https:\/\/www.tunedcity.net\/wp-content\/uploads\/2013\/05\/spacefreq02-300x198.png 300w\" sizes=\"auto, (max-width: 498px) 100vw, 498px\" \/><\/p>\n<p>This performance will be a lively, pure acoustic space investigation with physical sound sources. Its format is exploratory with sensual and didactic interrelationships. Lukas K\u00fchne and Robyn Schulkowsky, together with workshop participants, utilize unique sub bass marimba keys equipped with monumental sizes resonators as instruments. Architectonically, spaces at and around the Brussels North Train Station will be explored and mapped out according to their tonality. Acoustically, these findings will be included in a transient urban musical-sonotop installation. The aim is to explore the symbiotic relationship between sound and space, between music and architecture. The result is an auditory-spatial-musical-construction that can read and reflect the shape and content of the mapped locations.<\/p>\n<p>for addition information on the workshop see <a href=\"https:\/\/www.tunedcity.net\/?page_id=3785\">Space and Frequency &#8211; Rhythm Lab<\/a>.<br \/>\n<\/p>\n<p><\/p>\n<p>[lang_nl]Deze performance belooft een bruisend en ruimtelijk klankonderzoek met akoestische klankbronnen. Lukas K\u00fchne en Robyn Schulkowsky, samen met workshop deelnemers, gebruiken hiervoor grote marimba-structuren waarmee ze verschillende ruimtes in en rond het Brusselse Noordstation op hun architecturale en akoestische karakter verkennen. Hun einddoel bestaat erin om een symbiose tussen ruimte en geluid tot stand te brengen.[\/lang_nl]<\/p>\n<p>[lang_fr]Cette performance promet d&#8217;\u00eatre une \u00e9tude p\u00e9tillante et spatiale des sons avec des sources sonores acoustiques. Lukas K\u00fchne et Robyn Schulkowsky, ensemble avec des participants du workshop, utilisent \u00e0 cet effet de grandes structures de marimbas avec lesquelles ils explorent les diff\u00e9rents espaces dans et autour de la Gare du Nord de Bruxelles pour y d\u00e9couvrir leur caract\u00e8re architectural et acoustique. Leur objectif final est de mettre en place une symbiose entre l&#8217;espace et le son. [\/lang_fr]<\/p>\n<p>appearance at Tuned City<br \/>\n<a href=\"https:\/\/www.tunedcity.net\/?page_id=3568\">Brussels \/ Relational Noise &#8211; 28. June 2013<\/a><\/p>","protected":false},"excerpt":{"rendered":"<p>(D) &amp; (US) and workshop participants This performance will be a lively, pure acoustic space investigation with physical sound sources. Its format is exploratory with sensual and didactic interrelationships. Lukas K\u00fchne and Robyn Schulkowsky, together with workshop participants, utilize unique sub bass marimba keys equipped with monumental sizes resonators as instruments. Architectonically, spaces at and [&hellip;]<\/p>\n","protected":false},"author":1,"featured_media":0,"parent":3568,"menu_order":0,"comment_status":"closed","ping_status":"closed","template":"","meta":{"footnotes":""},"categories":[1],"tags":[],"class_list":["post-3771","page","type-page","status-publish","hentry","category-allgemein"],"_links":{"self":[{"href":"https:\/\/www.tunedcity.net\/index.php?rest_route=\/wp\/v2\/pages\/3771","targetHints":{"allow":["GET"]}}],"collection":[{"href":"https:\/\/www.tunedcity.net\/index.php?rest_route=\/wp\/v2\/pages"}],"about":[{"href":"https:\/\/www.tunedcity.net\/index.php?rest_route=\/wp\/v2\/types\/page"}],"author":[{"embeddable":true,"href":"https:\/\/www.tunedcity.net\/index.php?rest_route=\/wp\/v2\/users\/1"}],"replies":[{"embeddable":true,"href":"https:\/\/www.tunedcity.net\/index.php?rest_route=%2Fwp%2Fv2%2Fcomments&post=3771"}],"version-history":[{"count":12,"href":"https:\/\/www.tunedcity.net\/index.php?rest_route=\/wp\/v2\/pages\/3771\/revisions"}],"predecessor-version":[{"id":4246,"href":"https:\/\/www.tunedcity.net\/index.php?rest_route=\/wp\/v2\/pages\/3771\/revisions\/4246"}],"up":[{"embeddable":true,"href":"https:\/\/www.tunedcity.net\/index.php?rest_route=\/wp\/v2\/pages\/3568"}],"wp:attachment":[{"href":"https:\/\/www.tunedcity.net\/index.php?rest_route=%2Fwp%2Fv2%2Fmedia&parent=3771"}],"wp:term":[{"taxonomy":"category","embeddable":true,"href":"https:\/\/www.tunedcity.net\/index.php?rest_route=%2Fwp%2Fv2%2Fcategories&post=3771"},{"taxonomy":"post_tag","embeddable":true,"href":"https:\/\/www.tunedcity.net\/index.php?rest_route=%2Fwp%2Fv2%2Ftags&post=3771"}],"curies":[{"name":"wp","href":"https:\/\/api.w.org\/{rel}","templated":true}]}}