{"id":3765,"date":"2013-05-24T18:54:15","date_gmt":"2013-05-24T16:54:15","guid":{"rendered":"http:\/\/www.tunedcity.net\/?page_id=3765"},"modified":"2013-06-04T13:10:34","modified_gmt":"2013-06-04T11:10:34","slug":"the-intonarumori","status":"publish","type":"page","link":"https:\/\/www.tunedcity.net\/?page_id=3765","title":{"rendered":"The Intonarumori"},"content":{"rendered":"<p>and other instruments by <a href=\"https:\/\/www.tunedcity.net\/?page_id=3467\">Wessel Westerveld (Der Wexel)<\/a> (NL)<br \/>\nand <a href=\"https:\/\/www.tunedcity.net\/?page_id=3471\">Yuri Landman<\/a> (NL)<\/p>\n<p><img loading=\"lazy\" decoding=\"async\" class=\"alignnone size-full wp-image-4040\" title=\"wexolatore\" src=\"http:\/\/www.tunedcity.net\/wp-content\/uploads\/2013\/05\/wexolatore.jpg\" alt=\"\" width=\"495\" height=\"328\" srcset=\"https:\/\/www.tunedcity.net\/wp-content\/uploads\/2013\/05\/wexolatore.jpg 850w, https:\/\/www.tunedcity.net\/wp-content\/uploads\/2013\/05\/wexolatore-300x199.jpg 300w\" sizes=\"auto, (max-width: 495px) 100vw, 495px\" \/><\/p>\n<p>The Intonarumori were a family of musical instruments invented in 1913 by the Italian Futurist painter and musical composer Luigi Russolo. They were acoustic noise generators that permitted to create and control different types of noises in dynamic as well as pitch. The invention of the Intonarumori reflected the ideas about the use of noises in music which Russolo expounded in his manifesto L&#8217;arte dei Rumori (The Art of Noise). Der Wexel reconstructed a few Intonarumori based on patents, information from museum depots and letters. As new sound machines in which the visual aspect &#8211; the object &#8211; is a major principle, they illustrate his research into sound and shape.<\/p>\n<p><\/p>\n<p>[lang_nl]In 1913 ontwikkelde de Italiaanse futuristische schilder en componist Luigi Russolo zijn Intonarumori. Met deze familie lawaaimachines kon hij diverse ruisgeluiden met een uiteenlopende dynamiek en toonhoogte opwekken en controleren. Der Wexel reconstrueerde enkele van deze Intonarumori. In zijn nieuwe geluidsmachines primeert het visuele aspect als uiting van zijn onderzoek naar klank en vorm.[\/lang_nl]<\/p>\n<p>[lang_fr]En 1913 le peintre futuriste et compositeur italien Luigi Russolo a con\u00e7u son Intonarumori. Avec cette famille de machines \u00e0 bruits il a su cr\u00e9er et contr\u00f4ler diff\u00e9rents parasitages avec une dynamique et une hauteur du ton vari\u00e9es. Der Wexel a reconstitu\u00e9 un nombre de ces Intonarumori. Dans ses nouvelles machines \u00e0 bruits il fait primer l&#8217;aspect visuel comme expression de sa recherche sur le son et la forme. [\/lang_fr]<\/p>\n<p>appearance at Tuned City<br \/>\n<a href=\"https:\/\/www.tunedcity.net\/?page_id=3568\">Brussels \/ Relational Noise &#8211; 28. June 2013<\/a><\/p>","protected":false},"excerpt":{"rendered":"<p>and other instruments by (NL) and (NL) The Intonarumori were a family of musical instruments invented in 1913 by the Italian Futurist painter and musical composer Luigi Russolo. They were acoustic noise generators that permitted to create and control different types of noises in dynamic as well as pitch. The invention of the Intonarumori reflected [&hellip;]<\/p>\n","protected":false},"author":1,"featured_media":0,"parent":3568,"menu_order":0,"comment_status":"closed","ping_status":"closed","template":"","meta":{"footnotes":""},"categories":[1],"tags":[],"class_list":["post-3765","page","type-page","status-publish","hentry","category-allgemein"],"_links":{"self":[{"href":"https:\/\/www.tunedcity.net\/index.php?rest_route=\/wp\/v2\/pages\/3765","targetHints":{"allow":["GET"]}}],"collection":[{"href":"https:\/\/www.tunedcity.net\/index.php?rest_route=\/wp\/v2\/pages"}],"about":[{"href":"https:\/\/www.tunedcity.net\/index.php?rest_route=\/wp\/v2\/types\/page"}],"author":[{"embeddable":true,"href":"https:\/\/www.tunedcity.net\/index.php?rest_route=\/wp\/v2\/users\/1"}],"replies":[{"embeddable":true,"href":"https:\/\/www.tunedcity.net\/index.php?rest_route=%2Fwp%2Fv2%2Fcomments&post=3765"}],"version-history":[{"count":7,"href":"https:\/\/www.tunedcity.net\/index.php?rest_route=\/wp\/v2\/pages\/3765\/revisions"}],"predecessor-version":[{"id":4251,"href":"https:\/\/www.tunedcity.net\/index.php?rest_route=\/wp\/v2\/pages\/3765\/revisions\/4251"}],"up":[{"embeddable":true,"href":"https:\/\/www.tunedcity.net\/index.php?rest_route=\/wp\/v2\/pages\/3568"}],"wp:attachment":[{"href":"https:\/\/www.tunedcity.net\/index.php?rest_route=%2Fwp%2Fv2%2Fmedia&parent=3765"}],"wp:term":[{"taxonomy":"category","embeddable":true,"href":"https:\/\/www.tunedcity.net\/index.php?rest_route=%2Fwp%2Fv2%2Fcategories&post=3765"},{"taxonomy":"post_tag","embeddable":true,"href":"https:\/\/www.tunedcity.net\/index.php?rest_route=%2Fwp%2Fv2%2Ftags&post=3765"}],"curies":[{"name":"wp","href":"https:\/\/api.w.org\/{rel}","templated":true}]}}