{"id":3760,"date":"2013-05-24T17:10:50","date_gmt":"2013-05-24T15:10:50","guid":{"rendered":"http:\/\/www.tunedcity.net\/?page_id=3760"},"modified":"2013-06-04T13:02:43","modified_gmt":"2013-06-04T11:02:43","slug":"shorts-listening-to-tuned-city-from-within-and-without","status":"publish","type":"page","link":"https:\/\/www.tunedcity.net\/?page_id=3760","title":{"rendered":"Shorts: Listening to Tuned City from within and without"},"content":{"rendered":"<p><a href=\"https:\/\/www.tunedcity.net\/?page_id=1315\">Felicity Ford<\/a> (UK) &amp; <a href=\"https:\/\/www.tunedcity.net\/?page_id=523\">Valeria Merlini<\/a> (IT)<\/p>\n<p><img loading=\"lazy\" decoding=\"async\" class=\"alignnone size-full wp-image-4034\" title=\"zazie\" src=\"http:\/\/www.tunedcity.net\/wp-content\/uploads\/2013\/05\/zazie.jpg\" alt=\"\" width=\"499\" height=\"332\" srcset=\"https:\/\/www.tunedcity.net\/wp-content\/uploads\/2013\/05\/zazie.jpg 1024w, https:\/\/www.tunedcity.net\/wp-content\/uploads\/2013\/05\/zazie-300x199.jpg 300w\" sizes=\"auto, (max-width: 499px) 100vw, 499px\" \/><\/p>\n<p><br \/>\nFelicity Ford and Valeria Merlini will be exploring the sonorities of the city. Based on their first workshop series in March, they produced a radio show with the theme \u201cListening to Brussels from within and without\u201d. Their second workshop series in June will be focusing on the sounds of the festival and how they intersect with previously documented sounds of the city itself. During the festival aural \u201crefreshers\u201d of the previous day are played at the start of each subsequent day.<\/p>\n<p>The shorts will last 7 &#8211; 13 minutes in length, and will be played daily as aural &#8216;echoes&#8217; from the day before. The shorts will be produced by participants on the Listening to Tuned City from within and without workshop, and will relate the new sounds introduced into Brussels by the festival with the existing soundscape of the city. Interior and exterior perspectives on Tuned City will come in the form of recordings made inside and outside buildings, and in the form of listeners and recordists both native to Brussels and just visiting for the festival.<br \/>\n<\/p>\n<p><\/p>\n<p>[lang_nl]<br \/>\nFelicity Ford en Valeria Merlini verkennen de sonoriteit van de stad. Gebaseerd op hun eerste reeks workshops in maart brachten ze een radioprogramma uit met het thema \u201cListening to Brussels from within and without (Luisteren naar Brussel van binnenin en buitenaf)\u201d. Hun tweede reeks workshops in juni focust op de klanken van het festival en hoe deze kruisen met eerder gedocumenteerde klanken van de stad. Tijdens het festival worden aan het begin van elke dag auditieve \u2018opfrissers\u2019 gespeeld van de vorige dag.<\/p>\n<p>Dagelijks zullen korte fragmenten met opnames van de vorige dag worden afgespeeld. Deze auditieve &#8216;echo&#8217;s&#8217; zullen worden gemaakt in samenwerking met workhops deelnemers en zullen een collage vormen van geluiden binnen en buiten gecombineerd met getuigenissen van bewoners en bezoekers.[\/lang_nl]<\/p>\n<p>[lang_fr]<br \/>\nFelicity Ford et Valeria Merlini exploreront les sonorit\u00e9s de la ville. \u00c0 partir de leur premi\u00e8re s\u00e9rie de workshops en mars elles ont r\u00e9alis\u00e9 un programme radio avec pour th\u00e8me \u201cListening to Brussels from within and without\u201d. Leur deuxi\u00e8me s\u00e9rie de workshops en juin se concentrera sur les sons du festival et sur la fa\u00e7on dont ils croisent les sons ant\u00e9rieurement document\u00e9s de la ville. Durant le festival des \u201cpense-b\u00eate\u201d auditifs de la veille seront jou\u00e9s au d\u00e9but de chaque journ\u00e9e.<\/p>\n<p>Chaque jour il y aura un moment de court r\u00e9sum\u00e9 enr\u00e9gistr\u00e9 du jour pr\u00e9c\u00e9dent. Ces &#8216;echos&#8217; sonores seront produit en collaboration avec les participants du workshop et seront un collage de perspectives d&#8217;espaces ext\u00e9rieures et int\u00e9rieures, combin\u00e9 avec des t\u00e9moignages des participants locals et visitants.[\/lang_fr]<\/p>\n<p>appearance at Tuned City<br \/>\n<a href=\"https:\/\/www.tunedcity.net\/?page_id=3568\">Brussels \/ daily symposium intro 28\u201330. June 2013<\/a><\/p>","protected":false},"excerpt":{"rendered":"<p>(UK) &amp; (IT) Felicity Ford and Valeria Merlini will be exploring the sonorities of the city. Based on their first workshop series in March, they produced a radio show with the theme \u201cListening to Brussels from within and without\u201d. Their second workshop series in June will be focusing on the sounds of the festival and [&hellip;]<\/p>\n","protected":false},"author":1,"featured_media":0,"parent":3568,"menu_order":0,"comment_status":"closed","ping_status":"closed","template":"","meta":{"footnotes":""},"categories":[1],"tags":[],"class_list":["post-3760","page","type-page","status-publish","hentry","category-allgemein"],"_links":{"self":[{"href":"https:\/\/www.tunedcity.net\/index.php?rest_route=\/wp\/v2\/pages\/3760","targetHints":{"allow":["GET"]}}],"collection":[{"href":"https:\/\/www.tunedcity.net\/index.php?rest_route=\/wp\/v2\/pages"}],"about":[{"href":"https:\/\/www.tunedcity.net\/index.php?rest_route=\/wp\/v2\/types\/page"}],"author":[{"embeddable":true,"href":"https:\/\/www.tunedcity.net\/index.php?rest_route=\/wp\/v2\/users\/1"}],"replies":[{"embeddable":true,"href":"https:\/\/www.tunedcity.net\/index.php?rest_route=%2Fwp%2Fv2%2Fcomments&post=3760"}],"version-history":[{"count":15,"href":"https:\/\/www.tunedcity.net\/index.php?rest_route=\/wp\/v2\/pages\/3760\/revisions"}],"predecessor-version":[{"id":3762,"href":"https:\/\/www.tunedcity.net\/index.php?rest_route=\/wp\/v2\/pages\/3760\/revisions\/3762"}],"up":[{"embeddable":true,"href":"https:\/\/www.tunedcity.net\/index.php?rest_route=\/wp\/v2\/pages\/3568"}],"wp:attachment":[{"href":"https:\/\/www.tunedcity.net\/index.php?rest_route=%2Fwp%2Fv2%2Fmedia&parent=3760"}],"wp:term":[{"taxonomy":"category","embeddable":true,"href":"https:\/\/www.tunedcity.net\/index.php?rest_route=%2Fwp%2Fv2%2Fcategories&post=3760"},{"taxonomy":"post_tag","embeddable":true,"href":"https:\/\/www.tunedcity.net\/index.php?rest_route=%2Fwp%2Fv2%2Ftags&post=3760"}],"curies":[{"name":"wp","href":"https:\/\/api.w.org\/{rel}","templated":true}]}}