{"id":3723,"date":"2013-05-24T16:32:36","date_gmt":"2013-05-24T14:32:36","guid":{"rendered":"http:\/\/www.tunedcity.net\/?page_id=3723"},"modified":"2015-10-11T17:33:01","modified_gmt":"2015-10-11T15:33:01","slug":"between-speeds-sirens-railway-shocks-street-noises-and-more-siren","status":"publish","type":"page","link":"https:\/\/www.tunedcity.net\/?page_id=3723","title":{"rendered":"Between Speeds: Sirens, railway shocks, street noises, and more sirens"},"content":{"rendered":"<p>lecture by <a href=\"https:\/\/www.tunedcity.net\/?page_id=3416\">Shelley Trower<\/a> (UK)<\/p>\n<p><img loading=\"lazy\" decoding=\"async\" class=\"alignnone size-full wp-image-4110\" title=\"vibrations\" src=\"http:\/\/www.tunedcity.net\/wp-content\/uploads\/2013\/05\/vibrations.jpg\" alt=\"\" width=\"496\" height=\"350\" srcset=\"https:\/\/www.tunedcity.net\/wp-content\/uploads\/2013\/05\/vibrations.jpg 567w, https:\/\/www.tunedcity.net\/wp-content\/uploads\/2013\/05\/vibrations-300x211.jpg 300w\" sizes=\"auto, (max-width: 496px) 100vw, 496px\" \/><\/p>\n<p> Nineteenth century science and technology brought vibration to consciousness in new ways, in the form of siren sounds, railway shocks, and the noises experienced on city streets. At certain speeds, people could now perceive vibration as both multiple (separate, individual impulses or shocks) and singular (like a &#8216;tone&#8217;). At a specific point of rapidity, the separate impulses are lost to consciousness, joining together into a singular tone, but there is a moment between speeds, when the multiple is perceived within the singular.<br \/>\nThis lecture considers how certain speeds of vibration exist on the edges of the sensory thresholds. It will present a selection of examples of how vibration became conscious in new ways: how physicists used the siren to demonstrate how separate vibrations become a singular tone; how spiritualists used auditory technologies to speed up spiritual vibrations thereby making them audible; how medical writers attempted to count the separate vibrations or &#8216;shocks&#8217; experienced on the railway, each of which was presumed to damage the nerves even when not consciously perceived. I will finish with some reflections on contemporary siren noises, especially those of the New York based &#8216;Rumbler&#8217;, and how these frequencies continue to exist on the thresholds of our auditory perception. <\/p>\n<p><\/p>\n<p>[lang_nl]Dankzij de negentiende eeuwse wetenschap en technologie ontstonden er nieuwe inzichten in het wezen van trilling. Bij bepaalde snelheden kunnen mensen trillingen op een zowel meervoudige als enkelvoudige manier waarnemen. In deze lezing wordt nagegaan hoe bepaalde snelheden van trillingen zich op de grenzen van de waarneming bevinden.[\/lang_nl]<\/p>\n<p>[lang_fr]Gr\u00e2ce \u00e0 la science et \u00e0 la technologie du dix-neuvi\u00e8me si\u00e8cle nous avons vu la naissance de nouvelles id\u00e9es sur l&#8217;essence des vibrations. \u00c0 certaines vitesses, l&#8217;homme peut percevoir les vibrations de mani\u00e8re multiple aussi bien que simple. Cette lecture \u00e9tudie de quelle fa\u00e7on certaines vitesses se positionnent sur les limites de la perception. [\/lang_fr]<\/p>\n<object type=\"application\/x-shockwave-flash\" data=\"http:\/\/www.tunedcity.net\/wp-content\/plugins\/audio-player\/player.swf\" width=\"290\" height=\"24\" id=\"audioplayer1\"><param name=\"movie\" value=\"http:\/\/www.tunedcity.net\/wp-content\/plugins\/audio-player\/player.swf\" \/><param name=\"FlashVars\" value=\"playerID=1&amp;bg=0xf8f8f8&amp;leftbg=0xeeeeee&amp;lefticon=0x666666&amp;rightbg=0xcccccc&amp;rightbghover=0x999999&amp;righticon=0x666666&amp;righticonhover=0xffffff&amp;text=0x666666&amp;slider=0x666666&amp;track=0xFFFFFF&amp;border=0x666666&amp;loader=0xCCCCCC&amp;soundFile=http%3A%2F%2Fwww.garage-g.de%2Ftunedcity%2Faudio%2Ftc_2013%2FBetween%20Speeds%20Shelley%20Trower.mp3\" \/><param name=\"quality\" value=\"high\" \/><param name=\"menu\" value=\"false\" \/><param name=\"wmode\" value=\"transparent\" \/><\/object>\n<p>appearance at Tuned City<br \/>\n<a href=\"https:\/\/www.tunedcity.net\/?page_id=3565#day1\">Brussels \/ Relational Noise &#8211; 28. June 2013<\/a><\/p>","protected":false},"excerpt":{"rendered":"<p>lecture by (UK) Nineteenth century science and technology brought vibration to consciousness in new ways, in the form of siren sounds, railway shocks, and the noises experienced on city streets. At certain speeds, people could now perceive vibration as both multiple (separate, individual impulses or shocks) and singular (like a &#8216;tone&#8217;). At a specific point [&hellip;]<\/p>\n","protected":false},"author":1,"featured_media":0,"parent":3565,"menu_order":0,"comment_status":"closed","ping_status":"closed","template":"","meta":{"footnotes":""},"categories":[1],"tags":[],"class_list":["post-3723","page","type-page","status-publish","hentry","category-allgemein"],"_links":{"self":[{"href":"https:\/\/www.tunedcity.net\/index.php?rest_route=\/wp\/v2\/pages\/3723","targetHints":{"allow":["GET"]}}],"collection":[{"href":"https:\/\/www.tunedcity.net\/index.php?rest_route=\/wp\/v2\/pages"}],"about":[{"href":"https:\/\/www.tunedcity.net\/index.php?rest_route=\/wp\/v2\/types\/page"}],"author":[{"embeddable":true,"href":"https:\/\/www.tunedcity.net\/index.php?rest_route=\/wp\/v2\/users\/1"}],"replies":[{"embeddable":true,"href":"https:\/\/www.tunedcity.net\/index.php?rest_route=%2Fwp%2Fv2%2Fcomments&post=3723"}],"version-history":[{"count":13,"href":"https:\/\/www.tunedcity.net\/index.php?rest_route=\/wp\/v2\/pages\/3723\/revisions"}],"predecessor-version":[{"id":4745,"href":"https:\/\/www.tunedcity.net\/index.php?rest_route=\/wp\/v2\/pages\/3723\/revisions\/4745"}],"up":[{"embeddable":true,"href":"https:\/\/www.tunedcity.net\/index.php?rest_route=\/wp\/v2\/pages\/3565"}],"wp:attachment":[{"href":"https:\/\/www.tunedcity.net\/index.php?rest_route=%2Fwp%2Fv2%2Fmedia&parent=3723"}],"wp:term":[{"taxonomy":"category","embeddable":true,"href":"https:\/\/www.tunedcity.net\/index.php?rest_route=%2Fwp%2Fv2%2Fcategories&post=3723"},{"taxonomy":"post_tag","embeddable":true,"href":"https:\/\/www.tunedcity.net\/index.php?rest_route=%2Fwp%2Fv2%2Ftags&post=3723"}],"curies":[{"name":"wp","href":"https:\/\/api.w.org\/{rel}","templated":true}]}}