{"id":3689,"date":"2013-05-24T16:10:41","date_gmt":"2013-05-24T14:10:41","guid":{"rendered":"http:\/\/www.tunedcity.net\/?page_id=3689"},"modified":"2015-10-06T13:16:26","modified_gmt":"2015-10-06T11:16:26","slug":"3689","status":"publish","type":"page","link":"https:\/\/www.tunedcity.net\/?page_id=3689","title":{"rendered":"Missing Persons"},"content":{"rendered":"<p>keynote lecture by <a href=\"https:\/\/www.tunedcity.net\/?page_id=3405\">Hillel Schwartz<\/a> (US)<\/p>\n<p><img loading=\"lazy\" decoding=\"async\" class=\"alignnone size-full wp-image-4105\" title=\"Laennec-Theobald_Chartran2\" src=\"http:\/\/www.tunedcity.net\/wp-content\/uploads\/2013\/05\/Laennec-Theobald_Chartran2.jpg\" alt=\"\" width=\"490\" height=\"440\" srcset=\"https:\/\/www.tunedcity.net\/wp-content\/uploads\/2013\/05\/Laennec-Theobald_Chartran2.jpg 567w, https:\/\/www.tunedcity.net\/wp-content\/uploads\/2013\/05\/Laennec-Theobald_Chartran2-300x269.jpg 300w\" sizes=\"auto, (max-width: 490px) 100vw, 490px\" \/><\/p>\n<p>History is as much an account of what is no longer around as an accounting for what is present. Not only is this particularly true with regard to sound, ephemeral as sounds can be. It is critical to the experience and ongoing redefinition of noise. Making sense of noise &#8211; tuning in to its frequency as well as its frequencies, its fractiousness as well as its fractions &#8211; demands more of us than sound meters or earbuds, oscilloscopes or advanced circuitry, ear cleaners or anechoic chambers. We must attend to what is masked, what is mourned and what is missing.<br \/>\n<br \/>\n[lang_nl]Geschiedenis omvat alles wat er niet meer is en tegelijk datgene wat nog aanwezig is. Dit geldt eveneens voor het efemere medium geluid waarbij het ervaren en herdefini\u00ebren van lawaai ook van belang is. Omdat het duiden van lawaai veel meer omvat dan het ingaan op begrippen zoals oordopjes of anecho\u00efsche kamers, is het volgens hem nodig om aandacht te besteden aan wat doorgaans gemaskeerd wordt.[\/lang_nl]<br \/>\n[lang_fr]L&#8217;histoire englobe tout ce qui n&#8217;est plus mais en m\u00eame temps tout ce qui est toujours. Ceci vaut \u00e9galement pour l&#8217;\u00e9ph\u00e9m\u00e8re m\u00e9dia du son qui met en exergue l&#8217;exp\u00e9rience et la red\u00e9finition du bruit. Comme l&#8217;explication du bruit comprend bien davantage que des termes comme &#8216;boules Qui\u00e8s&#8217; ou chambres an\u00e9cho\u00efques, il lui semble n\u00e9cessaire de s&#8217;int\u00e9resser \u00e0 ce qui est g\u00e9n\u00e9ralement masqu\u00e9. [\/lang_fr]<\/p>\n<object type=\"application\/x-shockwave-flash\" data=\"http:\/\/www.tunedcity.net\/wp-content\/plugins\/audio-player\/player.swf\" width=\"290\" height=\"24\" id=\"audioplayer1\"><param name=\"movie\" value=\"http:\/\/www.tunedcity.net\/wp-content\/plugins\/audio-player\/player.swf\" \/><param name=\"FlashVars\" value=\"playerID=1&amp;bg=0xf8f8f8&amp;leftbg=0xeeeeee&amp;lefticon=0x666666&amp;rightbg=0xcccccc&amp;rightbghover=0x999999&amp;righticon=0x666666&amp;righticonhover=0xffffff&amp;text=0x666666&amp;slider=0x666666&amp;track=0xFFFFFF&amp;border=0x666666&amp;loader=0xCCCCCC&amp;soundFile=http%3A%2F%2Fwww.garage-g.de%2Ftunedcity%2Faudio%2Ftc_2013%2FMissing%20Persons%20Hillel%20Schwartz.mp3\" \/><param name=\"quality\" value=\"high\" \/><param name=\"menu\" value=\"false\" \/><param name=\"wmode\" value=\"transparent\" \/><\/object>\n<p>appearance at Tuned City<br \/>\n<a href=\"https:\/\/www.tunedcity.net\/?page_id=3565#day1\">Brussels \/ Relational Noise &#8211; 28. June 2013<\/a><\/p>","protected":false},"excerpt":{"rendered":"<p>keynote lecture by (US) History is as much an account of what is no longer around as an accounting for what is present. Not only is this particularly true with regard to sound, ephemeral as sounds can be. It is critical to the experience and ongoing redefinition of noise. Making sense of noise &#8211; tuning [&hellip;]<\/p>\n","protected":false},"author":1,"featured_media":0,"parent":3565,"menu_order":0,"comment_status":"closed","ping_status":"closed","template":"","meta":{"footnotes":""},"categories":[1],"tags":[],"class_list":["post-3689","page","type-page","status-publish","hentry","category-allgemein"],"_links":{"self":[{"href":"https:\/\/www.tunedcity.net\/index.php?rest_route=\/wp\/v2\/pages\/3689","targetHints":{"allow":["GET"]}}],"collection":[{"href":"https:\/\/www.tunedcity.net\/index.php?rest_route=\/wp\/v2\/pages"}],"about":[{"href":"https:\/\/www.tunedcity.net\/index.php?rest_route=\/wp\/v2\/types\/page"}],"author":[{"embeddable":true,"href":"https:\/\/www.tunedcity.net\/index.php?rest_route=\/wp\/v2\/users\/1"}],"replies":[{"embeddable":true,"href":"https:\/\/www.tunedcity.net\/index.php?rest_route=%2Fwp%2Fv2%2Fcomments&post=3689"}],"version-history":[{"count":16,"href":"https:\/\/www.tunedcity.net\/index.php?rest_route=\/wp\/v2\/pages\/3689\/revisions"}],"predecessor-version":[{"id":3694,"href":"https:\/\/www.tunedcity.net\/index.php?rest_route=\/wp\/v2\/pages\/3689\/revisions\/3694"}],"up":[{"embeddable":true,"href":"https:\/\/www.tunedcity.net\/index.php?rest_route=\/wp\/v2\/pages\/3565"}],"wp:attachment":[{"href":"https:\/\/www.tunedcity.net\/index.php?rest_route=%2Fwp%2Fv2%2Fmedia&parent=3689"}],"wp:term":[{"taxonomy":"category","embeddable":true,"href":"https:\/\/www.tunedcity.net\/index.php?rest_route=%2Fwp%2Fv2%2Fcategories&post=3689"},{"taxonomy":"post_tag","embeddable":true,"href":"https:\/\/www.tunedcity.net\/index.php?rest_route=%2Fwp%2Fv2%2Ftags&post=3689"}],"curies":[{"name":"wp","href":"https:\/\/api.w.org\/{rel}","templated":true}]}}