{"id":3632,"date":"2013-05-23T15:44:11","date_gmt":"2013-05-23T13:44:11","guid":{"rendered":"http:\/\/www.tunedcity.net\/?page_id=3632"},"modified":"2013-06-16T20:24:05","modified_gmt":"2013-06-16T18:24:05","slug":"p-a-work-for-loudspeakers-and-solo-performer","status":"publish","type":"page","link":"https:\/\/www.tunedcity.net\/?page_id=3632","title":{"rendered":"Marina Rosenfeld: P.A. FOR SOLO PERFORMER"},"content":{"rendered":"<p><a href=\"https:\/\/www.tunedcity.net\/?page_id=3395\">Marina Rosenfeld<\/a> (US) &amp; <a href=\"https:\/\/www.tunedcity.net\/?page_id=3399\">Okkyung Lee<\/a> (KR)<\/p>\n<p><img loading=\"lazy\" decoding=\"async\" class=\"alignnone size-full wp-image-4031\" title=\"PA_blur_web\" src=\"http:\/\/www.tunedcity.net\/wp-content\/uploads\/2013\/05\/PA_blur_web.jpg\" alt=\"\" width=\"495\" height=\"334\" \/><br \/>\nphoto: William Lamson<\/p>\n<p>Marina Rosenfeld\u2019s P.A. for solo performer belongs to a series of installations, of idiosyncratic sculptural sound-systems she\u2019s called simply P.A., that Rosenfeld has mounted in disused and monumental sites since 2009. Equal parts tuned atmosphere and active performance, P.A. has featured an evolving suite of custom loudspeakers, and has been mounted in such places as New York\u2019s Park Avenue Armory and Liverpool\u2019s Renshaw Hall. Cumulatively, the work proposes a kind of alternative history of amplification in space, seeding architectural sites with distortion and reflection, and challenging fantasies of sonic intelligibility, publicness and broadcast. An album version of the project, titled P.A.\/HARD LOVE, featuring Lee and legendary Jamaican vocalist Annette Henry, a.k.a. Warrior Queen, was recently premiered at The Kitchen in New York and is forthcoming on Room40 in late summer 2013. <\/p>\n<p><\/p>\n<p>[lang_nl]Het werk P.A. voor luidsprekers en solo-performer werd reeds op uiteenlopende manieren en verschillende plekken gepresenteerd. Twee luidsprekerhoorns vormen de kern van het geheel waarbij er \u00e9\u00e9n draait en \u00e9\u00e9n niet beweegt. Een performer kan via deze weg electronics en stem uitsturen. Cellist Okkyung Lee gaat aan de slag met live en opgenomen klanken van Marina Rosenfeld.[\/lang_nl]<\/p>\n<p>[lang_fr]L&#8217;oeuvre P.A. pour enceintes et soliste fut d\u00e9j\u00e0 repr\u00e9sent\u00e9e de mani\u00e8res et \u00e0 des lieux divers. Deux enceintes en forme de corne sont l&#8217;\u00e9picentre, l&#8217;un tournant et l&#8217;autre restant immobile. Le soliste peut ainsi \u00e9mettre des sons \u00e9lectroniques et vocaux. Le violoncelliste Okkyung Lee utilise des sons en direct et record\u00e9s de Marina Rosenfeld.[\/lang_fr]<\/p>\n<p>appearance at Tuned City<br \/>\n<a href=\"https:\/\/www.tunedcity.net\/?page_id=3568\">Brussels \/ Opening Night &#8211; 27. June 2013<\/a><\/p>","protected":false},"excerpt":{"rendered":"<p>(US) &amp; (KR) photo: William Lamson Marina Rosenfeld\u2019s P.A. for solo performer belongs to a series of installations, of idiosyncratic sculptural sound-systems she\u2019s called simply P.A., that Rosenfeld has mounted in disused and monumental sites since 2009. Equal parts tuned atmosphere and active performance, P.A. has featured an evolving suite of custom loudspeakers, and has [&hellip;]<\/p>\n","protected":false},"author":1,"featured_media":0,"parent":3568,"menu_order":0,"comment_status":"closed","ping_status":"closed","template":"","meta":{"footnotes":""},"categories":[1],"tags":[],"class_list":["post-3632","page","type-page","status-publish","hentry","category-allgemein"],"_links":{"self":[{"href":"https:\/\/www.tunedcity.net\/index.php?rest_route=\/wp\/v2\/pages\/3632","targetHints":{"allow":["GET"]}}],"collection":[{"href":"https:\/\/www.tunedcity.net\/index.php?rest_route=\/wp\/v2\/pages"}],"about":[{"href":"https:\/\/www.tunedcity.net\/index.php?rest_route=\/wp\/v2\/types\/page"}],"author":[{"embeddable":true,"href":"https:\/\/www.tunedcity.net\/index.php?rest_route=\/wp\/v2\/users\/1"}],"replies":[{"embeddable":true,"href":"https:\/\/www.tunedcity.net\/index.php?rest_route=%2Fwp%2Fv2%2Fcomments&post=3632"}],"version-history":[{"count":22,"href":"https:\/\/www.tunedcity.net\/index.php?rest_route=\/wp\/v2\/pages\/3632\/revisions"}],"predecessor-version":[{"id":4374,"href":"https:\/\/www.tunedcity.net\/index.php?rest_route=\/wp\/v2\/pages\/3632\/revisions\/4374"}],"up":[{"embeddable":true,"href":"https:\/\/www.tunedcity.net\/index.php?rest_route=\/wp\/v2\/pages\/3568"}],"wp:attachment":[{"href":"https:\/\/www.tunedcity.net\/index.php?rest_route=%2Fwp%2Fv2%2Fmedia&parent=3632"}],"wp:term":[{"taxonomy":"category","embeddable":true,"href":"https:\/\/www.tunedcity.net\/index.php?rest_route=%2Fwp%2Fv2%2Fcategories&post=3632"},{"taxonomy":"post_tag","embeddable":true,"href":"https:\/\/www.tunedcity.net\/index.php?rest_route=%2Fwp%2Fv2%2Ftags&post=3632"}],"curies":[{"name":"wp","href":"https:\/\/api.w.org\/{rel}","templated":true}]}}