{"id":3626,"date":"2013-05-23T15:39:10","date_gmt":"2013-05-23T13:39:10","guid":{"rendered":"http:\/\/www.tunedcity.net\/?page_id=3626"},"modified":"2013-05-31T14:36:22","modified_gmt":"2013-05-31T12:36:22","slug":"drag-drop-a-social-choreography-an-urban-contemplation","status":"publish","type":"page","link":"https:\/\/www.tunedcity.net\/?page_id=3626","title":{"rendered":"Drag + Drop (a social choreography, an urban contemplation)"},"content":{"rendered":"<p>walk by <a href=\"https:\/\/www.tunedcity.net\/?page_id=3389\">David Helbich<\/a> (DE)<\/p>\n<p><img loading=\"lazy\" decoding=\"async\" class=\"alignnone size-full wp-image-4101\" title=\"helbich_walk\" src=\"http:\/\/www.tunedcity.net\/wp-content\/uploads\/2013\/05\/helbich_walk.jpg\" alt=\"\" width=\"495\" height=\"245\" srcset=\"https:\/\/www.tunedcity.net\/wp-content\/uploads\/2013\/05\/helbich_walk.jpg 551w, https:\/\/www.tunedcity.net\/wp-content\/uploads\/2013\/05\/helbich_walk-300x148.jpg 300w\" sizes=\"auto, (max-width: 495px) 100vw, 495px\" \/><\/p>\n<p>For Drag + Drop, David Helbich and guides will pick you up at the Kaaistudios and get you to the location of the next event. They bring you from one point to the other, an apparently simple task, but at the same time an open field for interventions. Together with the audience, they will collectively execute a narrow score that guides all attendees towards a structural experience of this very particular environment: the typical Brussels topography with its very quick rhythm of social and urban changes. The walk will be highly scored, but still inviting the chaotic. A space where individual experience hits the ground of a collective restriction: the city.<\/p>\n<p><\/p>\n<p>[lang_nl]Voor Drag + Drop pikken David Helbich en zijn gidsen u op aan de Kaaistudio&#8217;s voor een tocht naar het volgende evenement. Ze begeleiden u van het ene naar het andere punt: een ogenschijnlijk eenvoudige taak, maar tegelijkertijd een zee van mogelijkheden voor interventies. De wandeling volgt een strikte choreografie, maar laat ruimte voor chaos met de stad als maat.[\/lang_nl]<\/p>\n<p>[lang_fr]Pour Drag + Drop David Helbich et ses guides viennent vous prendre aux Kaaistudio&#8217;s pour vous accompagner vers le prochain \u00e9v\u00e9nement. Il vous guideront d&#8217;un point \u00e0 l&#8217;autre: une t\u00e2che apparemment simple, mais avec une flop\u00e9e de possibilit\u00e9s pour intervenir. Le trajet suit une chor\u00e9graphie stricte, mais tol\u00e8re le chaos de la ville.[\/lang_fr]<\/p>\n<p>appearance at Tuned City <a href=\"https:\/\/www.tunedcity.net\/?page_id=3578\">Opening Night &#8211; 27. June 2013<\/a><\/p>","protected":false},"excerpt":{"rendered":"<p>walk by (DE) For Drag + Drop, David Helbich and guides will pick you up at the Kaaistudios and get you to the location of the next event. They bring you from one point to the other, an apparently simple task, but at the same time an open field for interventions. Together with the audience, [&hellip;]<\/p>\n","protected":false},"author":1,"featured_media":0,"parent":3578,"menu_order":0,"comment_status":"closed","ping_status":"closed","template":"","meta":{"footnotes":""},"categories":[1],"tags":[],"class_list":["post-3626","page","type-page","status-publish","hentry","category-allgemein"],"_links":{"self":[{"href":"https:\/\/www.tunedcity.net\/index.php?rest_route=\/wp\/v2\/pages\/3626","targetHints":{"allow":["GET"]}}],"collection":[{"href":"https:\/\/www.tunedcity.net\/index.php?rest_route=\/wp\/v2\/pages"}],"about":[{"href":"https:\/\/www.tunedcity.net\/index.php?rest_route=\/wp\/v2\/types\/page"}],"author":[{"embeddable":true,"href":"https:\/\/www.tunedcity.net\/index.php?rest_route=\/wp\/v2\/users\/1"}],"replies":[{"embeddable":true,"href":"https:\/\/www.tunedcity.net\/index.php?rest_route=%2Fwp%2Fv2%2Fcomments&post=3626"}],"version-history":[{"count":10,"href":"https:\/\/www.tunedcity.net\/index.php?rest_route=\/wp\/v2\/pages\/3626\/revisions"}],"predecessor-version":[{"id":4072,"href":"https:\/\/www.tunedcity.net\/index.php?rest_route=\/wp\/v2\/pages\/3626\/revisions\/4072"}],"up":[{"embeddable":true,"href":"https:\/\/www.tunedcity.net\/index.php?rest_route=\/wp\/v2\/pages\/3578"}],"wp:attachment":[{"href":"https:\/\/www.tunedcity.net\/index.php?rest_route=%2Fwp%2Fv2%2Fmedia&parent=3626"}],"wp:term":[{"taxonomy":"category","embeddable":true,"href":"https:\/\/www.tunedcity.net\/index.php?rest_route=%2Fwp%2Fv2%2Fcategories&post=3626"},{"taxonomy":"post_tag","embeddable":true,"href":"https:\/\/www.tunedcity.net\/index.php?rest_route=%2Fwp%2Fv2%2Ftags&post=3626"}],"curies":[{"name":"wp","href":"https:\/\/api.w.org\/{rel}","templated":true}]}}