{"id":3608,"date":"2013-05-23T15:20:44","date_gmt":"2013-05-23T13:20:44","guid":{"rendered":"http:\/\/www.tunedcity.net\/?page_id=3608"},"modified":"2013-06-18T14:09:53","modified_gmt":"2013-06-18T12:09:53","slug":"listening-back-and-forth-in-brussels","status":"publish","type":"page","link":"https:\/\/www.tunedcity.net\/?page_id=3608","title":{"rendered":"Listening to Tuned City from within and without"},"content":{"rendered":"<p>workshop by <a href=\"https:\/\/www.tunedcity.net\/?page_id=523\">Valeria Merlini<\/a> (IT) &amp; <a href=\"https:\/\/www.tunedcity.net\/?page_id=1315\">Felicity Ford<\/a> (UK)<\/p>\n<p>this workshop is free, max 10 participants<br \/>\n<em> <\/em><em>start June 26th <\/em>\u2013 please <a href=\"mailto:tc@tunedcity.de?subject=workshop registration\">register!<\/a><\/p>\n<p><img loading=\"lazy\" decoding=\"async\" class=\"alignnone size-full wp-image-4052\" title=\"felicity\" src=\"http:\/\/www.tunedcity.net\/wp-content\/uploads\/2013\/05\/felicity.jpg\" alt=\"\" width=\"502\" height=\"333\" srcset=\"https:\/\/www.tunedcity.net\/wp-content\/uploads\/2013\/05\/felicity.jpg 640w, https:\/\/www.tunedcity.net\/wp-content\/uploads\/2013\/05\/felicity-300x199.jpg 300w\" sizes=\"auto, (max-width: 502px) 100vw, 502px\" \/><\/p>\n<p><\/p>\n<p>During the workshops in March, Felicity Ford and Valeria Merlini worked with students from R.I.T.S to explore the sonorities of Brussels in advance of the main Tuned City Festival. This workshop involved exploring the sites where Tuned City will take place, and practising a variety of listening techniques adapted from R Murray Schafer, Pauline Oliveros and CRESSON. The workshop emphasis lay on establishing an imaginative and appreciative <em>listening<\/em>-focussed investigation of the city, and the outcome was a series of experimental shorts, reflecting the students\u2019 engagement with experimental documentation techniques. This work celebrated some of the sounds of Brussels in advance of the festival in June. This first workshop in March also lead to the production of a radio show for framework:afield, which celebrates students\u2019 sonic discoveries of Brussels and conveys an ephemeral impression of the city in sound and which will air as part of the framework:afield broadcast schedule on Friday, 21st June, 01:00, Brussels, on Radio Campus 92.1fm.<\/p>\n<p><a href=\"http:\/\/www.frameworkradio.net\/2013\/06\/425-2013-06-16\/\">http:\/\/www.frameworkradio.net\/2013\/06\/425-2013-06-16\/ <\/a> <\/p>\n<object type=\"application\/x-shockwave-flash\" data=\"http:\/\/www.tunedcity.net\/wp-content\/plugins\/audio-player\/player.swf\" width=\"290\" height=\"24\" id=\"audioplayer1\"><param name=\"movie\" value=\"http:\/\/www.tunedcity.net\/wp-content\/plugins\/audio-player\/player.swf\" \/><param name=\"FlashVars\" value=\"playerID=1&amp;bg=0xf8f8f8&amp;leftbg=0xeeeeee&amp;lefticon=0x666666&amp;rightbg=0xcccccc&amp;rightbghover=0x999999&amp;righticon=0x666666&amp;righticonhover=0xffffff&amp;text=0x666666&amp;slider=0x666666&amp;track=0xFFFFFF&amp;border=0x666666&amp;loader=0xCCCCCC&amp;soundFile=http%3A%2F%2Fmedia.blubrry.com%2Fframework%2Fp%2Farchive.org%2Fdownload%2F2013.06.16FrameworkRadio%2Fframework-2013.06.16.mp3\" \/><param name=\"quality\" value=\"high\" \/><param name=\"menu\" value=\"false\" \/><param name=\"wmode\" value=\"transparent\" \/><\/object>\n<p>The second workshop series in June will be more focussed around the sounds of the festival, and how they intersect with the previously documented sounds of the city itself. This second series of workshops will be much more focussed on documenting Tuned City in real time, and turning radio shorts around overnight, in order to create aural &#8220;refreshers&#8221; of the previous day, to be played at the start of each subsequent day. The focus for these workshops will be on the practicalities of editing audio to create descriptions and documentation of sound art events.<\/p>\n<p>Experience: This workshop is most suitable for people with some previous field-recording experience; attendees will also need to have some basic editing skills.<\/p>\n<p><\/p>\n<p><\/p>\n<p>[lang_nl]Brussels bezit een bijzonder klankbeeld. Valeria Merlini en Felicity Ford onderzochten het op allerlei manieren en trakteren het publiek tijdens Listening Back and Forth in Brussels op hun klankindrukken uit het grootste stedelijke gebied van Belgi\u00eb. Verwacht u alvast aan adembenemende, soms vertrouwde en dan weer onverwachte geluiden.<\/p>\n<p><a href=\"http:\/\/www.frameworkradio.net\/2013\/06\/425-2013-06-16\/ \">http:\/\/www.frameworkradio.net\/2013\/06\/425-2013-06-16\/ <\/a> <\/p>\n<object type=\"application\/x-shockwave-flash\" data=\"http:\/\/www.tunedcity.net\/wp-content\/plugins\/audio-player\/player.swf\" width=\"290\" height=\"24\" id=\"audioplayer3\"><param name=\"movie\" value=\"http:\/\/www.tunedcity.net\/wp-content\/plugins\/audio-player\/player.swf\" \/><param name=\"FlashVars\" value=\"playerID=3&amp;bg=0xf8f8f8&amp;leftbg=0xeeeeee&amp;lefticon=0x666666&amp;rightbg=0xcccccc&amp;rightbghover=0x999999&amp;righticon=0x666666&amp;righticonhover=0xffffff&amp;text=0x666666&amp;slider=0x666666&amp;track=0xFFFFFF&amp;border=0x666666&amp;loader=0xCCCCCC&amp;soundFile=http%3A%2F%2Fmedia.blubrry.com%2Fframework%2Fp%2Farchive.org%2Fdownload%2F2013.06.16FrameworkRadio%2Fframework-2013.06.16.mp3\" \/><param name=\"quality\" value=\"high\" \/><param name=\"menu\" value=\"false\" \/><param name=\"wmode\" value=\"transparent\" \/><\/object>\n<p>[\/lang_nl]<\/p>\n<p>[lang_fr]Bruxelles poss\u00e8de une image sonore sp\u00e9ciale. Valeria Merlini et Felicity Ford l&#8217;explorent de diff\u00e9rentes fa\u00e7ons et proposent lors de Listening Back and Forth in Brussels leurs impressions sonores de la plus grande r\u00e9gion urbaine de Belgique. Attendez-vous \u00e0 des sons tant\u00f4t \u00e9poustouflants, tant\u00f4t familiers ou inattendus.<\/p>\n<p><a href=\"http:\/\/www.frameworkradio.net\/2013\/06\/425-2013-06-16\/ \">http:\/\/www.frameworkradio.net\/2013\/06\/425-2013-06-16\/ <\/a> <\/p>\n<p><object type=\"application\/x-shockwave-flash\" data=\"http:\/\/www.tunedcity.net\/wp-content\/plugins\/audio-player\/player.swf\" width=\"290\" height=\"24\" id=\"audioplayer4\"><param name=\"movie\" value=\"http:\/\/www.tunedcity.net\/wp-content\/plugins\/audio-player\/player.swf\" \/><param name=\"FlashVars\" value=\"playerID=4&amp;bg=0xf8f8f8&amp;leftbg=0xeeeeee&amp;lefticon=0x666666&amp;rightbg=0xcccccc&amp;rightbghover=0x999999&amp;righticon=0x666666&amp;righticonhover=0xffffff&amp;text=0x666666&amp;slider=0x666666&amp;track=0xFFFFFF&amp;border=0x666666&amp;loader=0xCCCCCC&amp;soundFile=http%3A%2F%2Fmedia.blubrry.com%2Fframework%2Fp%2Farchive.org%2Fdownload%2F2013.06.16FrameworkRadio%2Fframework-2013.06.16.mp3\" \/><param name=\"quality\" value=\"high\" \/><param name=\"menu\" value=\"false\" \/><param name=\"wmode\" value=\"transparent\" \/><\/object>[\/lang_fr]<\/p>","protected":false},"excerpt":{"rendered":"<p>workshop by (IT) &amp; (UK) this workshop is free, max 10 participants start June 26th \u2013 please register! During the workshops in March, Felicity Ford and Valeria Merlini worked with students from R.I.T.S to explore the sonorities of Brussels in advance of the main Tuned City Festival. This workshop involved exploring the sites where Tuned [&hellip;]<\/p>\n","protected":false},"author":1,"featured_media":0,"parent":3574,"menu_order":0,"comment_status":"closed","ping_status":"closed","template":"","meta":{"footnotes":""},"categories":[1],"tags":[],"class_list":["post-3608","page","type-page","status-publish","hentry","category-allgemein"],"_links":{"self":[{"href":"https:\/\/www.tunedcity.net\/index.php?rest_route=\/wp\/v2\/pages\/3608","targetHints":{"allow":["GET"]}}],"collection":[{"href":"https:\/\/www.tunedcity.net\/index.php?rest_route=\/wp\/v2\/pages"}],"about":[{"href":"https:\/\/www.tunedcity.net\/index.php?rest_route=\/wp\/v2\/types\/page"}],"author":[{"embeddable":true,"href":"https:\/\/www.tunedcity.net\/index.php?rest_route=\/wp\/v2\/users\/1"}],"replies":[{"embeddable":true,"href":"https:\/\/www.tunedcity.net\/index.php?rest_route=%2Fwp%2Fv2%2Fcomments&post=3608"}],"version-history":[{"count":41,"href":"https:\/\/www.tunedcity.net\/index.php?rest_route=\/wp\/v2\/pages\/3608\/revisions"}],"predecessor-version":[{"id":3710,"href":"https:\/\/www.tunedcity.net\/index.php?rest_route=\/wp\/v2\/pages\/3608\/revisions\/3710"}],"up":[{"embeddable":true,"href":"https:\/\/www.tunedcity.net\/index.php?rest_route=\/wp\/v2\/pages\/3574"}],"wp:attachment":[{"href":"https:\/\/www.tunedcity.net\/index.php?rest_route=%2Fwp%2Fv2%2Fmedia&parent=3608"}],"wp:term":[{"taxonomy":"category","embeddable":true,"href":"https:\/\/www.tunedcity.net\/index.php?rest_route=%2Fwp%2Fv2%2Fcategories&post=3608"},{"taxonomy":"post_tag","embeddable":true,"href":"https:\/\/www.tunedcity.net\/index.php?rest_route=%2Fwp%2Fv2%2Ftags&post=3608"}],"curies":[{"name":"wp","href":"https:\/\/api.w.org\/{rel}","templated":true}]}}