{"id":358,"date":"2008-06-08T21:50:44","date_gmt":"2008-06-08T20:50:44","guid":{"rendered":"http:\/\/www.tunedcity.de\/?page_id=358"},"modified":"2010-05-04T20:08:09","modified_gmt":"2010-05-04T19:08:09","slug":"lang_detx-buro-fur-temporare-architektur-wriezener-freiraumlaborlang_de-lang_entx-buro-fur-temporare-architektur-wriezener-freiraumlaborlang_en","status":"publish","type":"page","link":"https:\/\/www.tunedcity.net\/?page_id=358","title":{"rendered":"tx &#8211; b\u00fcro f\u00fcr tempor\u00e4re architektur \/ wriezener freiraumlabor"},"content":{"rendered":"<p>lecture by<a href=\"https:\/\/www.tunedcity.net\/?page_id=137\">tx &#8211; b\u00fcro f\u00fcr tempor\u00e4re architektur<\/a><\/p>\n<p>abstract soon<\/p>\n<p>appearance at Tuned City<br \/>\n<a href=\"https:\/\/www.tunedcity.net\/?page_id=153\">design of acoustic environments \/ 04.07.08<\/a><\/p>","protected":false},"excerpt":{"rendered":"<p>lecture by abstract soon appearance at Tuned City<\/p>\n","protected":false},"author":1,"featured_media":0,"parent":14,"menu_order":0,"comment_status":"closed","ping_status":"closed","template":"","meta":{"footnotes":""},"categories":[1],"tags":[],"class_list":["post-358","page","type-page","status-publish","hentry","category-allgemein"],"_links":{"self":[{"href":"https:\/\/www.tunedcity.net\/index.php?rest_route=\/wp\/v2\/pages\/358","targetHints":{"allow":["GET"]}}],"collection":[{"href":"https:\/\/www.tunedcity.net\/index.php?rest_route=\/wp\/v2\/pages"}],"about":[{"href":"https:\/\/www.tunedcity.net\/index.php?rest_route=\/wp\/v2\/types\/page"}],"author":[{"embeddable":true,"href":"https:\/\/www.tunedcity.net\/index.php?rest_route=\/wp\/v2\/users\/1"}],"replies":[{"embeddable":true,"href":"https:\/\/www.tunedcity.net\/index.php?rest_route=%2Fwp%2Fv2%2Fcomments&post=358"}],"version-history":[{"count":1,"href":"https:\/\/www.tunedcity.net\/index.php?rest_route=\/wp\/v2\/pages\/358\/revisions"}],"predecessor-version":[{"id":768,"href":"https:\/\/www.tunedcity.net\/index.php?rest_route=\/wp\/v2\/pages\/358\/revisions\/768"}],"up":[{"embeddable":true,"href":"https:\/\/www.tunedcity.net\/index.php?rest_route=\/wp\/v2\/pages\/14"}],"wp:attachment":[{"href":"https:\/\/www.tunedcity.net\/index.php?rest_route=%2Fwp%2Fv2%2Fmedia&parent=358"}],"wp:term":[{"taxonomy":"category","embeddable":true,"href":"https:\/\/www.tunedcity.net\/index.php?rest_route=%2Fwp%2Fv2%2Fcategories&post=358"},{"taxonomy":"post_tag","embeddable":true,"href":"https:\/\/www.tunedcity.net\/index.php?rest_route=%2Fwp%2Fv2%2Ftags&post=358"}],"curies":[{"name":"wp","href":"https:\/\/api.w.org\/{rel}","templated":true}]}}