{"id":3537,"date":"2013-05-21T14:25:59","date_gmt":"2013-05-21T12:25:59","guid":{"rendered":"http:\/\/www.tunedcity.net\/?page_id=3537"},"modified":"2013-06-24T08:35:20","modified_gmt":"2013-06-24T06:35:20","slug":"onda-aki-jp","status":"publish","type":"page","link":"https:\/\/www.tunedcity.net\/?page_id=3537","title":{"rendered":"Onda, Aki (US)"},"content":{"rendered":"<p><img loading=\"lazy\" decoding=\"async\" class=\"alignnone size-medium wp-image-3538\" title=\"AKI ONDA\" src=\"http:\/\/www.tunedcity.net\/wp-content\/uploads\/2013\/05\/ondo-222x300.jpg\" alt=\"\" width=\"222\" height=\"300\" srcset=\"https:\/\/www.tunedcity.net\/wp-content\/uploads\/2013\/05\/ondo-222x300.jpg 222w, https:\/\/www.tunedcity.net\/wp-content\/uploads\/2013\/05\/ondo.jpg 297w\" sizes=\"auto, (max-width: 222px) 100vw, 222px\" \/><\/p>\n<p><strong>Aki Onda<\/strong> is an electronic musician, composer, and visual artist. Aki was  born in Japan and currently resides in New York. He is particularly  known for his Cassette Memories project \u2013 works compiled from a \u201csound  diary\u201d of field-recordings collected by himself over a span of two  decades. Aki\u2019s musical instrument of choice is the cassette Walkman. Not  only does he capture field recordings with the Walkman, he also  physically manipulates multiple Walkmans with electronics in his  performances. In recent years, Aki often works in interdisciplinary  fields and collaborates with filmmakers, choreographers and visual  artists. He has collaborated with artists such as Michael Snow, Ken  Jacobs, Paul Clipson, Alan Licht, Loren Connors, Oren Ambarchi, No\u00ebl  Akchot\u00e9, Jean-Fran\u00e7ois Pauvros, Jac Berrocal, Lionel Marchetti, Linda  Sharrock, and Blixa Bargeld.<\/p>\n<p><a title=\"http:\/\/www.akionda.net\" rel=\"nofollow\" href=\"http:\/\/www.akionda.net\">www.akionda.net<\/a><\/p>\n<p>appearance at Tuned City<br \/>\n<a href=\"https:\/\/www.tunedcity.net\/?page_id=3907\">Brussels \/ ma-ta-ta-bi \/ 30. June 2013<\/a><\/p>\n","protected":false},"excerpt":{"rendered":"<p>Aki Onda is an electronic musician, composer, and visual artist. Aki was born in Japan and currently resides in New York. He is particularly known for his Cassette Memories project \u2013 works compiled from a \u201csound diary\u201d of field-recordings collected by himself over a span of two decades. Aki\u2019s musical instrument of choice is the [&hellip;]<\/p>\n","protected":false},"author":1,"featured_media":0,"parent":19,"menu_order":0,"comment_status":"closed","ping_status":"closed","template":"","meta":{"footnotes":""},"categories":[1],"tags":[],"class_list":["post-3537","page","type-page","status-publish","hentry","category-allgemein"],"_links":{"self":[{"href":"https:\/\/www.tunedcity.net\/index.php?rest_route=\/wp\/v2\/pages\/3537","targetHints":{"allow":["GET"]}}],"collection":[{"href":"https:\/\/www.tunedcity.net\/index.php?rest_route=\/wp\/v2\/pages"}],"about":[{"href":"https:\/\/www.tunedcity.net\/index.php?rest_route=\/wp\/v2\/types\/page"}],"author":[{"embeddable":true,"href":"https:\/\/www.tunedcity.net\/index.php?rest_route=\/wp\/v2\/users\/1"}],"replies":[{"embeddable":true,"href":"https:\/\/www.tunedcity.net\/index.php?rest_route=%2Fwp%2Fv2%2Fcomments&post=3537"}],"version-history":[{"count":5,"href":"https:\/\/www.tunedcity.net\/index.php?rest_route=\/wp\/v2\/pages\/3537\/revisions"}],"predecessor-version":[{"id":4569,"href":"https:\/\/www.tunedcity.net\/index.php?rest_route=\/wp\/v2\/pages\/3537\/revisions\/4569"}],"up":[{"embeddable":true,"href":"https:\/\/www.tunedcity.net\/index.php?rest_route=\/wp\/v2\/pages\/19"}],"wp:attachment":[{"href":"https:\/\/www.tunedcity.net\/index.php?rest_route=%2Fwp%2Fv2%2Fmedia&parent=3537"}],"wp:term":[{"taxonomy":"category","embeddable":true,"href":"https:\/\/www.tunedcity.net\/index.php?rest_route=%2Fwp%2Fv2%2Fcategories&post=3537"},{"taxonomy":"post_tag","embeddable":true,"href":"https:\/\/www.tunedcity.net\/index.php?rest_route=%2Fwp%2Fv2%2Ftags&post=3537"}],"curies":[{"name":"wp","href":"https:\/\/api.w.org\/{rel}","templated":true}]}}