{"id":3482,"date":"2013-05-21T12:43:15","date_gmt":"2013-05-21T10:43:15","guid":{"rendered":"http:\/\/www.tunedcity.net\/?page_id=3482"},"modified":"2013-06-04T12:38:32","modified_gmt":"2013-06-04T10:38:32","slug":"kovacs-szilvia-hu","status":"publish","type":"page","link":"https:\/\/www.tunedcity.net\/?page_id=3482","title":{"rendered":"Kov\u00e1cs, Szilvia (HU)"},"content":{"rendered":"<p><strong>Szilvia Kov\u00e1cs<\/strong>, Economist BA, Sociologist MA, was born in Gy\u00f6r  (Hungary). Her interests to social sciences, particularly to sociology  and regional studies were extended at Lor\u00e1nd E\u00f6tv\u00f6s University  (Budapest) and Istv\u00e1n Sz\u00e9chenyi University (Gy\u00f6r). She was a junior  researcher at the Institute for Sociology of the Hungarian Academy of  Sciences until 2012, focused especially on development of large urban  areas and urban sprawl. At the moment she is a PhD-student at the Vienna  Technical University. She is a recipient of a DOC-team Fellowship of  the Austrian Academy of Sciences and concentrates on the topic: \u00bbThe  Artist as Urban Planner &#8211; A Social Science Research\u00ab (2012-2015). She is  married and has a daughter.<\/p>\n<p><a title=\"http:\/\/urbanartresearch.wordpress.com\/\" rel=\"nofollow\" href=\"http:\/\/urbanartresearch.wordpress.com\/\">http:\/\/urbanartresearch.wordpress.com\/<\/a><\/p>\n<p>appearance at Tuned City<br \/>\n<a href=\"https:\/\/www.tunedcity.net\/?page_id=3814\">Brussels \/ Sound::Walk \/ 29. June 2013<\/a><\/p>\n","protected":false},"excerpt":{"rendered":"<p>Szilvia Kov\u00e1cs, Economist BA, Sociologist MA, was born in Gy\u00f6r (Hungary). Her interests to social sciences, particularly to sociology and regional studies were extended at Lor\u00e1nd E\u00f6tv\u00f6s University (Budapest) and Istv\u00e1n Sz\u00e9chenyi University (Gy\u00f6r). She was a junior researcher at the Institute for Sociology of the Hungarian Academy of Sciences until 2012, focused especially on [&hellip;]<\/p>\n","protected":false},"author":1,"featured_media":0,"parent":19,"menu_order":0,"comment_status":"closed","ping_status":"closed","template":"","meta":{"footnotes":""},"categories":[1],"tags":[],"class_list":["post-3482","page","type-page","status-publish","hentry","category-allgemein"],"_links":{"self":[{"href":"https:\/\/www.tunedcity.net\/index.php?rest_route=\/wp\/v2\/pages\/3482","targetHints":{"allow":["GET"]}}],"collection":[{"href":"https:\/\/www.tunedcity.net\/index.php?rest_route=\/wp\/v2\/pages"}],"about":[{"href":"https:\/\/www.tunedcity.net\/index.php?rest_route=\/wp\/v2\/types\/page"}],"author":[{"embeddable":true,"href":"https:\/\/www.tunedcity.net\/index.php?rest_route=\/wp\/v2\/users\/1"}],"replies":[{"embeddable":true,"href":"https:\/\/www.tunedcity.net\/index.php?rest_route=%2Fwp%2Fv2%2Fcomments&post=3482"}],"version-history":[{"count":4,"href":"https:\/\/www.tunedcity.net\/index.php?rest_route=\/wp\/v2\/pages\/3482\/revisions"}],"predecessor-version":[{"id":4219,"href":"https:\/\/www.tunedcity.net\/index.php?rest_route=\/wp\/v2\/pages\/3482\/revisions\/4219"}],"up":[{"embeddable":true,"href":"https:\/\/www.tunedcity.net\/index.php?rest_route=\/wp\/v2\/pages\/19"}],"wp:attachment":[{"href":"https:\/\/www.tunedcity.net\/index.php?rest_route=%2Fwp%2Fv2%2Fmedia&parent=3482"}],"wp:term":[{"taxonomy":"category","embeddable":true,"href":"https:\/\/www.tunedcity.net\/index.php?rest_route=%2Fwp%2Fv2%2Fcategories&post=3482"},{"taxonomy":"post_tag","embeddable":true,"href":"https:\/\/www.tunedcity.net\/index.php?rest_route=%2Fwp%2Fv2%2Ftags&post=3482"}],"curies":[{"name":"wp","href":"https:\/\/api.w.org\/{rel}","templated":true}]}}