{"id":3321,"date":"2013-01-30T23:01:30","date_gmt":"2013-01-30T21:01:30","guid":{"rendered":"http:\/\/www.tunedcity.net\/?page_id=3321"},"modified":"2014-09-22T11:16:33","modified_gmt":"2014-09-22T09:16:33","slug":"team-contact","status":"publish","type":"page","link":"https:\/\/www.tunedcity.net\/?page_id=3321","title":{"rendered":"team &#038; contact"},"content":{"rendered":"<p><em><br \/>\n<\/em><\/p>\n<p><em>TC office in Berlin:<br \/>\n<\/em><strong>Tuned City<\/strong><br \/>\nKastanienallee 73<br \/>\n10435 Berlin<br \/>\nT: +49 (0)30 44052612 \/ F: +49 (0)30 44357415<br \/>\n<a href=\"mailto:%20tc@tunedcity.de\">tc@tunedcity.de<\/a><em> <\/em><\/p>\n<p><em> <\/em><\/p>\n<p><em>office of our Partner in <\/em><em>Brussels<\/em><em>:<\/em><strong><br \/>\nQ-O2<\/strong><br \/>\nKoolmijnenkaai 30-34<br \/>\nB-1080 Brussels<br \/>\nT: +32 (0)2 245 48 24 \/ F: +32 (0)2 245 48 24<a href=\"mailto:%20info@q-o2.be\"><br \/>\ninfo@q-o2.be<\/a><\/p>\n<p>&#8211;<\/p>\n<p><em>artistic direction:<\/em><br \/>\n<strong>Carsten Stabenow <\/strong><\/p>\n<p><em>program:<\/em><br \/>\n<strong>Julia Eckhardt <\/strong><em>(Q-O2)<\/em><strong>, Carsten Stabenow <\/strong><em>(tuned city)<\/em><strong>, Raviv Ganchrow<\/strong><\/p>\n<p><em>production:<br \/>\n<\/em><strong>Julia Eckhardt <\/strong><em>(Q-O2)<\/em><strong>, Ann Goossens <\/strong><em>(Q-O2)<\/em><\/p>\n<p><em>communication &amp; press:<br \/>\n<\/em><strong>Eveline Heylen, Rik Hegewald<\/strong><\/p>\n<p><em>technical coordination:<\/em><br \/>\n<strong>Ludo Engels, Jeroen Vandesande, Roel Heremans<\/strong><\/p>\n<p><em>graphic design (print):<br \/>\n<\/em><strong>Maaike Beuten (garage64)<\/strong><\/p>\n<p><em>printing:<br \/>\n<\/em><strong>Newgoff <\/strong>(Ghent)<\/p>\n<p>&#8211;<\/p>\n<p><em>Tuned City Brussels is made possible with the support of:<br \/>\n<\/em><strong>Vlaams Minister voor Brusselse Aangelegenheden, <\/strong><strong>Vlaamse Gemeenschapscommissie, <\/strong><strong>Goethe-Institut Brussels, <\/strong><strong>Stad Brussel \u2013 Ville de Bruxelles, <\/strong><strong>Dienst cultuur Gemeente Sint Gillis \u2013 Service and <\/strong><strong>Polish Institute \u2013 Service<\/strong><\/p>\n<p><em> Tuned City Brussels is realised in cooperation with:<br \/>\n<\/em><strong>Sint Lucas Architectuur<\/strong>,\u00a0<strong>Erasmus Hogeschool RITS\/Radio,\u00a0Sint Lukas Transmedia,\u00a0La Cambre (ENSAV) option Espace Urbain\u00a0a.pass,\u00a0Citizenne,\u00a0BNA-BBOT,\u00a0Kaaitheater,\u00a0Beursschouwburg,\u00a0Ateliers Claus,\u00a0WIELS,\u00a0STUK<\/strong><\/p>\n<p><em>thanks to our additional hosts: <\/em><br \/>\n<strong>Facult\u00e9 Universitaire Saint-Louis, Station Brussel-Noord \/ Gare Bruxelles-Nord, Rivoli Gallery, Begraafplaats van Elsene, Toogenblik, Black Buddah, GC De Linde<\/strong><\/p>\n<p><em>thanks for input, thoughts, discussions, engagement\u00a0and help to: <\/em><br \/>\n<strong>Dieter van Dam, Aernoudt Jacobs, Els Viaene, Mira Sanders, Annelies De Smet, Raymond Balau, C\u00e9dric No\u00ebl, Johan Vandermaelen, Anton De Coster, Caroline Claus, Roeland Dudal, Flavien Gilli\u00e9, Guy De Bi\u00e8vre, Tom Goris, Olivier Bastin, Hans Eelens<\/strong> and many more generous helpers, supporters, text editors <strong>Joanna Bailie &amp; Henri van de Leemput<\/strong>, all the participants and the whole team.<\/p>\n","protected":false},"excerpt":{"rendered":"<p>TC office in Berlin: Tuned City Kastanienallee 73 10435 Berlin T: +49 (0)30 44052612 \/ F: +49 (0)30 44357415 tc@tunedcity.de office of our Partner in Brussels: Q-O2 Koolmijnenkaai 30-34 B-1080 Brussels T: +32 (0)2 245 48 24 \/ F: +32 (0)2 245 48 24 info@q-o2.be &#8211; artistic direction: Carsten Stabenow program: Julia Eckhardt (Q-O2), Carsten [&hellip;]<\/p>\n","protected":false},"author":1,"featured_media":0,"parent":3217,"menu_order":100,"comment_status":"closed","ping_status":"closed","template":"","meta":{"footnotes":""},"categories":[1],"tags":[],"class_list":["post-3321","page","type-page","status-publish","hentry","category-allgemein"],"_links":{"self":[{"href":"https:\/\/www.tunedcity.net\/index.php?rest_route=\/wp\/v2\/pages\/3321","targetHints":{"allow":["GET"]}}],"collection":[{"href":"https:\/\/www.tunedcity.net\/index.php?rest_route=\/wp\/v2\/pages"}],"about":[{"href":"https:\/\/www.tunedcity.net\/index.php?rest_route=\/wp\/v2\/types\/page"}],"author":[{"embeddable":true,"href":"https:\/\/www.tunedcity.net\/index.php?rest_route=\/wp\/v2\/users\/1"}],"replies":[{"embeddable":true,"href":"https:\/\/www.tunedcity.net\/index.php?rest_route=%2Fwp%2Fv2%2Fcomments&post=3321"}],"version-history":[{"count":12,"href":"https:\/\/www.tunedcity.net\/index.php?rest_route=\/wp\/v2\/pages\/3321\/revisions"}],"predecessor-version":[{"id":3323,"href":"https:\/\/www.tunedcity.net\/index.php?rest_route=\/wp\/v2\/pages\/3321\/revisions\/3323"}],"up":[{"embeddable":true,"href":"https:\/\/www.tunedcity.net\/index.php?rest_route=\/wp\/v2\/pages\/3217"}],"wp:attachment":[{"href":"https:\/\/www.tunedcity.net\/index.php?rest_route=%2Fwp%2Fv2%2Fmedia&parent=3321"}],"wp:term":[{"taxonomy":"category","embeddable":true,"href":"https:\/\/www.tunedcity.net\/index.php?rest_route=%2Fwp%2Fv2%2Fcategories&post=3321"},{"taxonomy":"post_tag","embeddable":true,"href":"https:\/\/www.tunedcity.net\/index.php?rest_route=%2Fwp%2Fv2%2Ftags&post=3321"}],"curies":[{"name":"wp","href":"https:\/\/api.w.org\/{rel}","templated":true}]}}