{"id":3217,"date":"2013-01-22T21:18:13","date_gmt":"2013-01-22T20:18:13","guid":{"rendered":"http:\/\/www.tunedcity.net\/?page_id=3217"},"modified":"2013-06-18T13:50:20","modified_gmt":"2013-06-18T11:50:20","slug":"lang_detuned-city-brussel-2013lang_de-lang_entuned-city-brussels-2013lang_en","status":"publish","type":"page","link":"https:\/\/www.tunedcity.net\/?page_id=3217","title":{"rendered":"Tuned City Brussels 2013"},"content":{"rendered":"<div id=\"_mcePaste\"><em><img loading=\"lazy\" decoding=\"async\" class=\"alignnone size-full wp-image-3280\" title=\"Pink.noise.b.w\" src=\"http:\/\/www.tunedcity.net\/wp-content\/uploads\/2013\/01\/Pink.noise_.b.w.png\" alt=\"\" width=\"502\" height=\"502\" srcset=\"https:\/\/www.tunedcity.net\/wp-content\/uploads\/2013\/01\/Pink.noise_.b.w.png 512w, https:\/\/www.tunedcity.net\/wp-content\/uploads\/2013\/01\/Pink.noise_.b.w-150x150.png 150w, https:\/\/www.tunedcity.net\/wp-content\/uploads\/2013\/01\/Pink.noise_.b.w-300x300.png 300w\" sizes=\"auto, (max-width: 502px) 100vw, 502px\" \/><\/p>\n<p><\/em><em> <\/em><em> <\/em><em> <\/em><em> <\/em><em>\u201cJust as noise is what we make of certain sounds. the meanings we assign to noise are no less consequential than the meanings we assign to other sounds. Noise may be unwanted or incomprehensible sound; it is never insignificant sound.\u201d Hillel Schwartz in \u201cMaking Noise\u201d, Zone Books 2012<\/em><\/p>\n<p><em> <\/em><em> <\/em><em>\u201cObviously we need to be able to rest from sound just as we do from  visual stimulation, we need aural as well as visual privacy, but  silencing our public environment is the acoustic equivalent of painting  it black. Certainly just as our eyes are for seeing, our ears are for  hearing.\u201d \u00a0Max Neuhaus \u201cSound Design\u201d In Zeitgleich: the Symposium, the  Seminar, the Exhibition. Vienna: Triton, 1994.<\/em><\/p>\n<\/div>\n<div><em><br \/>\n<\/em><\/div>\n<p><\/p>\n<p><\/p>\n<p>Brussels proves to be a very dense multi-layered city characterised by  abrupt shifts in urban structure, architecture and the social  environment. This patchwork provides an urban modality that resists a  general grasp of the city while providing room for individualised  appropriations. The abundance of juxtapositions in the every-day  surroundings create a productive resonance with its passersby in a  manner where the city manifests as a vibrant, open-ended, multiplicity.  How can one grasp the nature of these relational oscillations and what  modes of resonance give shape to the particular Brussels vibe?<br \/>\nOver  the course of the four day festival, Tuned City Brussels probes such  urban frequencies through concerts, walks, installations and  interventions in situ while at the same time focusing the theoretical  framework around three core notions: &#8216;Relational Noise&#8217;, &#8216;Situational  Listening&#8217; and &#8216;Operative Ambience&#8217;. A different theme will be explored  each day in a corresponding &#8216;zone&#8217; in the city, towards which the  festival relocates.<br \/>\nThe project has had a long preparation phase in exchange with locals and organisations <span>(<a href=\"http:\/\/www.tunedcity.net\/?page_id=3233\">see PRE-EVENTS<\/a>)<\/span>.  Several lectures, artistic presentations, residencies and workshops  have been leading up to this four day festival. Particularly important  was the collaboration with the art schools\u00a0<span> <a href=\"http:\/\/www.architectuur.sintlucas.wenk.be\/\" target=\"_blank\">Sint Lucas Architectuur<\/a>,\u00a0<a href=\"http:\/\/www.rits.be\/\" target=\"_blank\">Erasmus Hogeschool RITS\/Radio<\/a>, <a href=\"http:\/\/transmedians.be\" target=\"_blank\">Sint Lukas Transmedia<\/a>, <a href=\"http:\/\/www.apass.be\/\" target=\"_blank\">a.pass<\/a> and <\/span><a href=\"http:\/\/www.lacambre.be\/\" target=\"_blank\">La Cambre <\/a><span>(ENSAV) <\/span><span>option Espace Urbain<\/span>.<\/p>\n<p>The  first Tuned City project was realised in Berlin in 2008, with  subsequent editions in Tallinn and N\u00fcrnberg. For the current edition <a href=\"http:\/\/www.q-o2.be\" target=\"_blank\">Q-O2<\/a> workspace for experimental music and sound art has invited Tuned City  to collaboratively research the context of Brussels.<\/p>\n<p><br \/>\n[lang_nl]<\/p>\n<p>Brussel is een gelaagde stad die opvalt door abrupte verschuivingen in de stedelijke structuur, de architectuur en het sociale weefsel. Dit lappendeken maakt het soms moeilijk om impressies van de stad onder \u00e9\u00e9n noemer te vangen. Ondanks dit karakter &#8211; of net daardoor \u2013 biedt Brussel ruimte om de stad op een persoonlijke manier eigen te maken. Alerte voorbijgangers merken dan ook beslist haar uitbundige alledaagse omgeving als een rijke bron van leven, openheid en afwisseling met een dito geluid op. Te weten komen hoe men de aard van dit klankbeeld kan vatten en uit welke componenten het bestaat vormt de uitdaging voor Tuned City Brussels.<br \/>\nIn de loop van een vierdaags festival onderzoekt Tuned City Brussels via concerten, wandelingen, installaties en locatiegebonden interventies in de artistieke praktijk hoe Brussel klinkt. Een bijpassend theoretisch kader ontvouwt zich langs de drie kernbegrippen &#8216;Relational Noise&#8217;, &#8216;Situational Listening&#8217; en &#8216;Operative Ambience&#8217;. Elke dag wordt een ander thema verkend in een corresponderende \u2018zone\u2019 in de stad waarnaar het festival zich verplaatst.<br \/>\nHet project kende een lange voorbereidingsfase boordevol interactie met lokale bewoners en organisaties. Verschillende lezingen, artistieke presentaties, residenties en workshops gingen aan het initiatief vooraf. In dit kader was de samenwerking met de kunsthogescholen <span><a href=\"http:\/\/www.architectuur.sintlucas.wenk.be\/\" target=\"_blank\">Sint Lucas Architectuur<\/a>,\u00a0<a href=\"http:\/\/www.rits.be\/\" target=\"_blank\">Erasmus Hogeschool RITS\/Radio<\/a>, <a href=\"http:\/\/transmedians.be\" target=\"_blank\">Sint Lukas Transmedia<\/a>, <a href=\"http:\/\/www.apass.be\/\" target=\"_blank\">a.pass<\/a> and <\/span><a href=\"http:\/\/www.lacambre.be\/\" target=\"_blank\">La Cambre <\/a>\/Espace Urbain bijzonder belangrijk.<br \/>\nHet eerste Tuned City project werd gerealiseerd in Berlijn in 2008. Daarna volgden edities in Tallinn en N\u00fcrnberg. Voor de huidige editie nodigde <a href=\"http:\/\/www.q-o2.be\" target=\"_blank\">Q-O2<\/a>, werkplaats voor experimentele muziek en klankkunst, Tuned City uit om de context van Brussel gezamenlijk te onderzoeken.<\/p>\n<p>[\/lang_nl]<br \/>\n[lang_fr]<\/p>\n<p>Bruxelles s&#8217;av\u00e8re \u00eatre une ville tr\u00e8s dense et aux couches multiples, qui se caract\u00e9rise par des changements abrupts dans la structure urbaine, l&#8217;architecture et l&#8217;environnement social. Ce patchwork offre une modalit\u00e9 urbaine qui r\u00e9siste aux impressions g\u00e9n\u00e9ralisantes de la ville tout en fournissant de l&#8217;espace pour des appropriations individualis\u00e9es. L&#8217;abondance des juxtapositions dans les environnements de tous les jours cr\u00e9e une r\u00e9sonance productive avec le passant de sorte que la ville se manifeste comme une multiplicit\u00e9 vibrante et sans fin. Comment saisir la nature de ces oscillations relationnelles et quels modes de r\u00e9sonance fa\u00e7onnent la vibration particuli\u00e8re de Bruxelles?<br \/>\nAu fil des quatre journ\u00e9es du festival, Tuned City Brussels sondera de telles fr\u00e9quences citadines au travers de concerts, de promenades, d&#8217;installations et d&#8217;interventions sur place tout en s&#8217;int\u00e9ressant simultan\u00e9ment au cadre th\u00e9orique qui s&#8217;articule autour de trois notions de base: \u201cle Bruit Relationnel\u201d, \u201cl&#8217;\u00c9coute Situationnelle\u201d et \u201cl&#8217;Ambiance Op\u00e9rative\u201d. Un th\u00e8me diff\u00e9rent sera explor\u00e9 chaque jour dans une &#8216;zone&#8217; correspondante de la ville, vers laquelle le festival se d\u00e9placera.<br \/>\nLe projet a connu une longue phase de pr\u00e9paration en interaction avec des riverains et des organisations locales. Bon nombre de lectures, de pr\u00e9sentations artistiques, de s\u00e9jours sur place et d&#8217;ateliers de travail ont pr\u00e9c\u00e9d\u00e9 ce festival de quatre jours. Notons tout particuli\u00e8rement la collaboration avec les \u00e9coles artistiques <span><a href=\"http:\/\/www.architectuur.sintlucas.wenk.be\/\" target=\"_blank\">Sint Lucas Architectuur<\/a>,\u00a0<a href=\"http:\/\/www.rits.be\/\" target=\"_blank\">Erasmus Hogeschool RITS\/Radio<\/a>, <a href=\"http:\/\/transmedians.be\" target=\"_blank\">Sint Lukas Transmedia<\/a>, <a href=\"http:\/\/www.apass.be\/\" target=\"_blank\">a.pass<\/a> et <\/span><a href=\"http:\/\/www.lacambre.be\/\" target=\"_blank\">La Cambre <\/a>\/Espace Urbain.<\/p>\n<p>Le premier projet Tuned City fut r\u00e9alis\u00e9 \u00e0 Berlin en 2008, avec des \u00e9ditions ult\u00e9rieures \u00e0 Tallinn et N\u00fcrnberg. Pour la pr\u00e9sente \u00e9dition, <a href=\"http:\/\/www.q-o2.be\" target=\"_blank\">Q-O2<\/a> laboratoire de musique exp\u00e9rimentale et d\u2019art sonore a invit\u00e9 Tuned City pour \u00e9tudier conjointement le contexte de Bruxelles.<\/p>\n<p>[\/lang_fr]<\/p>\n<p><em>tuned city brussels is made possible with the support of:<\/em><br \/>\nVlaamse Minister bevoegd voor Brussel<br \/>\nVlaamse Gemeenschapscommissie<br \/>\nGoethe-Institut Brussels<br \/>\nStad Brussel | Ville de Bruxelles<br \/>\nDienst cultuur van Sint-Gillis | Service de la Culture de Saint-Gilles<br \/>\nPolish Institute | Cultural Service of the Embassy<br \/>\nof the Republic of Poland<\/p>\n<p><em>tuned city brussels is realised in cooperation with<\/em><br \/>\nSint-Lucas Architectuur<br \/>\nErasmus Hogeschool Rits | Radio<br \/>\nSint-Lukas | Transmedia<br \/>\nLa Cambre, ensav | Espace Urbain<br \/>\na.pass<br \/>\nCitizenne<br \/>\nBessst (Brussel, erfgoed en stilte)<br \/>\nBna-bbot<br \/>\nKaaitheater<br \/>\nBeursschouwburg<br \/>\nAteliers Claus<br \/>\nWiels<br \/>\nStuk<\/p>\n<p><img loading=\"lazy\" decoding=\"async\" class=\"alignnone size-full wp-image-4477\" title=\"logos_brx_04\" src=\"http:\/\/www.tunedcity.net\/wp-content\/uploads\/2013\/01\/logos_brx_04.gif\" alt=\"\" width=\"504\" height=\"851\" srcset=\"https:\/\/www.tunedcity.net\/wp-content\/uploads\/2013\/01\/logos_brx_04.gif 504w, https:\/\/www.tunedcity.net\/wp-content\/uploads\/2013\/01\/logos_brx_04-177x300.gif 177w\" sizes=\"auto, (max-width: 504px) 100vw, 504px\" \/><\/p>","protected":false},"excerpt":{"rendered":"<p>\u201cJust as noise is what we make of certain sounds. the meanings we assign to noise are no less consequential than the meanings we assign to other sounds. Noise may be unwanted or incomprehensible sound; it is never insignificant sound.\u201d Hillel Schwartz in \u201cMaking Noise\u201d, Zone Books 2012 \u201cObviously we need to be able to [&hellip;]<\/p>\n","protected":false},"author":1,"featured_media":0,"parent":0,"menu_order":0,"comment_status":"closed","ping_status":"closed","template":"","meta":{"footnotes":""},"categories":[1],"tags":[],"class_list":["post-3217","page","type-page","status-publish","hentry","category-allgemein"],"_links":{"self":[{"href":"https:\/\/www.tunedcity.net\/index.php?rest_route=\/wp\/v2\/pages\/3217","targetHints":{"allow":["GET"]}}],"collection":[{"href":"https:\/\/www.tunedcity.net\/index.php?rest_route=\/wp\/v2\/pages"}],"about":[{"href":"https:\/\/www.tunedcity.net\/index.php?rest_route=\/wp\/v2\/types\/page"}],"author":[{"embeddable":true,"href":"https:\/\/www.tunedcity.net\/index.php?rest_route=\/wp\/v2\/users\/1"}],"replies":[{"embeddable":true,"href":"https:\/\/www.tunedcity.net\/index.php?rest_route=%2Fwp%2Fv2%2Fcomments&post=3217"}],"version-history":[{"count":13,"href":"https:\/\/www.tunedcity.net\/index.php?rest_route=\/wp\/v2\/pages\/3217\/revisions"}],"predecessor-version":[{"id":3225,"href":"https:\/\/www.tunedcity.net\/index.php?rest_route=\/wp\/v2\/pages\/3217\/revisions\/3225"}],"wp:attachment":[{"href":"https:\/\/www.tunedcity.net\/index.php?rest_route=%2Fwp%2Fv2%2Fmedia&parent=3217"}],"wp:term":[{"taxonomy":"category","embeddable":true,"href":"https:\/\/www.tunedcity.net\/index.php?rest_route=%2Fwp%2Fv2%2Fcategories&post=3217"},{"taxonomy":"post_tag","embeddable":true,"href":"https:\/\/www.tunedcity.net\/index.php?rest_route=%2Fwp%2Fv2%2Ftags&post=3217"}],"curies":[{"name":"wp","href":"https:\/\/api.w.org\/{rel}","templated":true}]}}