{"id":307,"date":"2008-05-31T23:37:59","date_gmt":"2008-05-31T22:37:59","guid":{"rendered":"http:\/\/www.tunedcity.de\/?page_id=307"},"modified":"2010-05-04T20:08:09","modified_gmt":"2010-05-04T19:08:09","slug":"lang_dearbeiten-im-raumlang_de-lang_enarbeiten-im-raumlang_en","status":"publish","type":"page","link":"https:\/\/www.tunedcity.net\/?page_id=307","title":{"rendered":"Sonntag, Jan Peter E.R. \/ Arbeiten im raum"},"content":{"rendered":"<p><img decoding=\"async\" src=\"http:\/\/www.tunedcity.net\/wp-content\/uploads\/2008\/05\/jp_sonntag.jpg\" alt=\"jp sonntag\" \/><br \/>\n<strong><br \/>\n<\/strong>Vortrag von <a href=\"https:\/\/www.tunedcity.net\/?page_id=299\">Jan Peter E.R. Sonntag<\/a><strong><br \/>\n<\/strong><br \/>\nSeit der Renaissance dominiert in unserer westlichen Kultur der Sehsinn und mit der Geometrisierung der Welt das Primat eines euklidischen Raumes, der selbst in der Verschriftlichung der Musik seinen Niederschlag gefunden hat. Als gegen Mitte des letzten Jahrhunderts in der Folge einer parametrischen Kompositionsauffassung sowie auch diesem entgegengesetzten Extensionsstrategien der Raum in der Musik wieder eine gr\u00f6\u00dfere Rolle bekam, ging es meist wie in Stockhausens Kugelauditorium in Osaka 1970 oder der Akusmatik um die Richtungen aus dem der Schall \u00fcber viele Lautsprecher gelenkt wird. Jan-Peter Sonntag hat seit Ende der 1980er Jahre einerseits die R\u00e4umlichkeit des Klanges als amorpher K\u00f6rper, durch den man sich bewegen kann, im Verh\u00e4ltnis zu denkbaren Raum-Modellen interessiert sowie sp\u00e4ter R\u00e4ume, die durch psychoakustisch mehrdeutige Ph\u00e4nomene erst im Kopf entstehen und so m\u00f6glich unser visuellen Wahrnehmung doch diametral entgegen wirken. Anhand seiner fr\u00fchen &#8220;raum-Arbeiten&#8221; mit hochfrequenten Sinuston-Interferrenzfeldern sowie Architekturen aus stehenden Druckwellen auf der einen Seite und den 1993 erstmalig produzierten scheinbar endlosen Volumenbewegungen wird er akustische Wahrnehmungsr\u00e4ume vorstellen, die sich anders konstituieren als durch Richtungen in einem metrisierten K\u00f6rper, der durch seine Fl\u00e4chen bestimmt ist. Auch auf den eigenen K\u00f6rper als akustischem Rezeptionsraum wird er eingehen, denn h\u00f6ren tun wir nie allein \u00fcber das System der Ohren und \u00fcberhaupt erst im Gehirn.<\/p>\n<p>appearance at Tuned City<br \/>\n<a href=\"https:\/\/www.tunedcity.net\/?page_id=160\">sonic derive \/ 05.07.08<\/a><\/p>\n<p><\/p>","protected":false},"excerpt":{"rendered":"<p>Vortrag von Seit der Renaissance dominiert in unserer westlichen Kultur der Sehsinn und mit der Geometrisierung der Welt das Primat eines euklidischen Raumes, der selbst in der Verschriftlichung der Musik seinen Niederschlag gefunden hat. Als gegen Mitte des letzten Jahrhunderts in der Folge einer parametrischen Kompositionsauffassung sowie auch diesem entgegengesetzten Extensionsstrategien der Raum in der [&hellip;]<\/p>\n","protected":false},"author":1,"featured_media":0,"parent":14,"menu_order":0,"comment_status":"closed","ping_status":"closed","template":"","meta":{"footnotes":""},"categories":[1],"tags":[],"class_list":["post-307","page","type-page","status-publish","hentry","category-allgemein"],"_links":{"self":[{"href":"https:\/\/www.tunedcity.net\/index.php?rest_route=\/wp\/v2\/pages\/307","targetHints":{"allow":["GET"]}}],"collection":[{"href":"https:\/\/www.tunedcity.net\/index.php?rest_route=\/wp\/v2\/pages"}],"about":[{"href":"https:\/\/www.tunedcity.net\/index.php?rest_route=\/wp\/v2\/types\/page"}],"author":[{"embeddable":true,"href":"https:\/\/www.tunedcity.net\/index.php?rest_route=\/wp\/v2\/users\/1"}],"replies":[{"embeddable":true,"href":"https:\/\/www.tunedcity.net\/index.php?rest_route=%2Fwp%2Fv2%2Fcomments&post=307"}],"version-history":[{"count":1,"href":"https:\/\/www.tunedcity.net\/index.php?rest_route=\/wp\/v2\/pages\/307\/revisions"}],"predecessor-version":[{"id":766,"href":"https:\/\/www.tunedcity.net\/index.php?rest_route=\/wp\/v2\/pages\/307\/revisions\/766"}],"up":[{"embeddable":true,"href":"https:\/\/www.tunedcity.net\/index.php?rest_route=\/wp\/v2\/pages\/14"}],"wp:attachment":[{"href":"https:\/\/www.tunedcity.net\/index.php?rest_route=%2Fwp%2Fv2%2Fmedia&parent=307"}],"wp:term":[{"taxonomy":"category","embeddable":true,"href":"https:\/\/www.tunedcity.net\/index.php?rest_route=%2Fwp%2Fv2%2Fcategories&post=307"},{"taxonomy":"post_tag","embeddable":true,"href":"https:\/\/www.tunedcity.net\/index.php?rest_route=%2Fwp%2Fv2%2Ftags&post=307"}],"curies":[{"name":"wp","href":"https:\/\/api.w.org\/{rel}","templated":true}]}}