{"id":22,"date":"2007-12-18T17:09:28","date_gmt":"2007-12-18T16:09:28","guid":{"rendered":"http:\/\/www.tunedcity.de\/tunedcity\/?page_id=22"},"modified":"2011-04-04T15:16:08","modified_gmt":"2011-04-04T14:16:08","slug":"lang_deteamlang_de-lang_enteamlang_en","status":"publish","type":"page","link":"https:\/\/www.tunedcity.net\/?page_id=22","title":{"rendered":"team"},"content":{"rendered":"<p><\/p>\n<p><\/p>\n<p><em>festival director: <\/em><br \/>\nCarsten Stabenow<\/p>\n<p><em>programme- and production team:<\/em><br \/>\nAnke Eckardt, Derek Holzer, Anne Kockelkorn, Gesine Pagels, Carsten Seiffarth, Carsten Stabenow, Florian Wachinger<\/p>\n<p><em>intern:<\/em><br \/>\nSusanne Bernstein<\/p>\n<p><em>editors Tuned City reader:<\/em><br \/>\nDoris Kleilein, Anne Kockelkorn<\/p>\n<p><em>technical realisation:<\/em><br \/>\nRobert Dahlke, Christian Malejka, Benjamin Sch\u00e4like<\/p>\n<p><em>press:<\/em><br \/>\nAutopilot, Guido M\u00f6bius, Tim Tetzner<\/p>\n<p><em>design:<\/em><br \/>\nMichael Rudolph, Andreas T\u00f6pfer, milchhof<br \/>\n&#8211;<br \/>\n&#8211;<br \/>\n&#8211;<br \/>\n&#8211;<br \/>\n<strong>Carsten Stabenow<\/strong>, communication designer, and <strong>Gesine Pagels<\/strong>, comparatist, founded the media art festival garage in Stralsund in 1997, which they organised and produced as artistic directors until 2005.  Carsten Stabenow works as independant curator and producer of events in the contexts of new media and sound art and realises as a member of Staalplaat Soundsystem internationally his own projects and sound installations. Gesine Pagels works as a dramaturg for a theatre agency in Berlin.<br \/>\n<a title=\"http:\/\/www.garage-g.de\" href=\"http:\/\/www.garage-g.de\" target=\"_blank\">http:\/\/www.garage-g.de<\/a><\/p>\n<p><strong>Carsten Seiffarth<\/strong> is musicologist, founder and artistic director of the sound art gallery singuhr &#8211; hoergalerie Berlin and one of the artistic directors of the media art laboratory TESLA Berlin. As an independant cuator and producer he initiates and produces internationally exhibitions and projects in the sound art context.  <a title=\"http:\/\/www.singuhr.de\" href=\"http:\/\/www.singuhr.de\" target=\"_blank\">http:\/\/www.singuhr.de<\/a><br \/>\n<a title=\"http:\/\/www.tesla-berlin.de\" href=\"http:\/\/www.tesla-berlin.de\" target=\"_blank\">http:\/\/www.tesla-berlin.de<\/a><\/p>\n<p><strong>Derek Holzer<\/strong> [USA 1972] is a sound artist with a background in radio, webstreaming and environmental recording. His work focuses on capturing and transforming small, unnoticed sounds from various natural and urban locations, networked collaboration strategies, experiments in improvisational sound, self-made electronics and on the use of free software such as Pure Data.<br \/>\n<a title=\"http:\/\/www.umatic.nl\/info_derek.html\" href=\"http:\/\/www.umatic.nl\/info_derek.html\" target=\"_blank\">http:\/\/www.umatic.nl\/info_derek.html<\/a><\/p>\n<p><strong>Anke Eckardt<\/strong>, trained sound engineer, worked as technical director for the sounddepartement of the Podewil Berlin and as productionmanager a.o. for the &#8220;Musikzone&#8221; of the Volksb\u00fchne am Rosa-Luxemburg-Platz Berlin and the festival club transmediale. Together with Tim Tetzner, Guido Moebius and Julia Naunin she founded the production platform &#8220;One&#8221; in order to realise her own projects.<br \/>\n<strong><br \/>\nAnne Kockelkorn<\/strong> is architect and freelance author in Berlin. Studied music at the UdK Berlin and architecture in Paris (EAPB Paris-Belleville) and at the Arts Academy Berlin-Wei\u00dfensee. Collaboration with artists in an international context. Since 2006 author for the Bauwelt, since 2007 member of the editorial board Archplus.<br \/>\n<a title=\"http:\/\/www.archplus.net\" href=\"http:\/\/www.archplus.net\" target=\"_blank\">http:\/\/www.archplus.net<\/a><\/p>","protected":false},"excerpt":{"rendered":"<p>festival director: Carsten Stabenow programme- and production team: Anke Eckardt, Derek Holzer, Anne Kockelkorn, Gesine Pagels, Carsten Seiffarth, Carsten Stabenow, Florian Wachinger intern: Susanne Bernstein editors Tuned City reader: Doris Kleilein, Anne Kockelkorn technical realisation: Robert Dahlke, Christian Malejka, Benjamin Sch\u00e4like press: Autopilot, Guido M\u00f6bius, Tim Tetzner design: Michael Rudolph, Andreas T\u00f6pfer, milchhof &#8211; &#8211; [&hellip;]<\/p>\n","protected":false},"author":1,"featured_media":0,"parent":12,"menu_order":9,"comment_status":"closed","ping_status":"closed","template":"","meta":{"footnotes":""},"categories":[1],"tags":[],"class_list":["post-22","page","type-page","status-publish","hentry","category-allgemein"],"_links":{"self":[{"href":"https:\/\/www.tunedcity.net\/index.php?rest_route=\/wp\/v2\/pages\/22","targetHints":{"allow":["GET"]}}],"collection":[{"href":"https:\/\/www.tunedcity.net\/index.php?rest_route=\/wp\/v2\/pages"}],"about":[{"href":"https:\/\/www.tunedcity.net\/index.php?rest_route=\/wp\/v2\/types\/page"}],"author":[{"embeddable":true,"href":"https:\/\/www.tunedcity.net\/index.php?rest_route=\/wp\/v2\/users\/1"}],"replies":[{"embeddable":true,"href":"https:\/\/www.tunedcity.net\/index.php?rest_route=%2Fwp%2Fv2%2Fcomments&post=22"}],"version-history":[{"count":4,"href":"https:\/\/www.tunedcity.net\/index.php?rest_route=\/wp\/v2\/pages\/22\/revisions"}],"predecessor-version":[{"id":998,"href":"https:\/\/www.tunedcity.net\/index.php?rest_route=\/wp\/v2\/pages\/22\/revisions\/998"}],"up":[{"embeddable":true,"href":"https:\/\/www.tunedcity.net\/index.php?rest_route=\/wp\/v2\/pages\/12"}],"wp:attachment":[{"href":"https:\/\/www.tunedcity.net\/index.php?rest_route=%2Fwp%2Fv2%2Fmedia&parent=22"}],"wp:term":[{"taxonomy":"category","embeddable":true,"href":"https:\/\/www.tunedcity.net\/index.php?rest_route=%2Fwp%2Fv2%2Fcategories&post=22"},{"taxonomy":"post_tag","embeddable":true,"href":"https:\/\/www.tunedcity.net\/index.php?rest_route=%2Fwp%2Fv2%2Ftags&post=22"}],"curies":[{"name":"wp","href":"https:\/\/api.w.org\/{rel}","templated":true}]}}