{"id":213,"date":"2008-05-17T20:16:59","date_gmt":"2008-05-17T19:16:59","guid":{"rendered":"http:\/\/www.tunedcity.de\/?page_id=213"},"modified":"2010-05-04T20:08:02","modified_gmt":"2010-05-04T19:08:02","slug":"hauser-susanne-d","status":"publish","type":"page","link":"https:\/\/www.tunedcity.net\/?page_id=213","title":{"rendered":"Hauser, Susanne (D)"},"content":{"rendered":"<p><img loading=\"lazy\" decoding=\"async\" src=\"http:\/\/www.tunedcity.net\/wp-content\/uploads\/2008\/05\/hauser1.jpg\" alt=\"hauser\" height=\"154\" width=\"320\" \/><\/p>\n<p> <strong>Susanne Hauser<\/strong> is a professor for art history and cultural studies at the Faculty of Architecture of the University of the Arts Berlin.<\/p>\n<p>1983\u201388: researcher at the Technical University of Berlin, working on semiotics. 1989: PhD thesis about literary views of the city; 1988\u201395: Employed at the B\u00fcro f\u00fcr Organisationsberatung in Berlin. 1995\u201396: Fellow at the Wissenschaftskolleg zu Berlin (Institute for Advanced Study). 1999: Habilitation thesis in cultural studies on the transformation of old industrial sites. Teaches cultural studies and architecture in Berlin, Innsbruck, Kassel and Stockholm; guest lecturer in Washington D.C. and Paris.<\/p>\n<p>Recent publications: Metamorphosen des Abfalls: Konzepte f\u00fcr alte Industrieareale (Frankfurt am Main and New York, 2001); Spielsituationen: \u00dcber das Entwerfen von St\u00e4dten und H\u00e4usern (Cologne, 2003); \u00c4sthetik der Agglomeration, Wuppertal (with Christa Kamleithner, 2006).<\/p>\n<p><\/p>\n<p>appearance at Tuned City<br \/>\n<a href=\"https:\/\/www.tunedcity.net\/?page_id=146\">urban space and sonic experience \/ 03.07.08<\/a><\/p>\n<p><\/p>","protected":false},"excerpt":{"rendered":"<p>Susanne Hauser is a professor for art history and cultural studies at the Faculty of Architecture of the University of the Arts Berlin. 1983\u201388: researcher at the Technical University of Berlin, working on semiotics. 1989: PhD thesis about literary views of the city; 1988\u201395: Employed at the B\u00fcro f\u00fcr Organisationsberatung in Berlin. 1995\u201396: Fellow at [&hellip;]<\/p>\n","protected":false},"author":1,"featured_media":0,"parent":19,"menu_order":0,"comment_status":"closed","ping_status":"closed","template":"","meta":{"footnotes":""},"categories":[1],"tags":[],"class_list":["post-213","page","type-page","status-publish","hentry","category-allgemein"],"_links":{"self":[{"href":"https:\/\/www.tunedcity.net\/index.php?rest_route=\/wp\/v2\/pages\/213","targetHints":{"allow":["GET"]}}],"collection":[{"href":"https:\/\/www.tunedcity.net\/index.php?rest_route=\/wp\/v2\/pages"}],"about":[{"href":"https:\/\/www.tunedcity.net\/index.php?rest_route=\/wp\/v2\/types\/page"}],"author":[{"embeddable":true,"href":"https:\/\/www.tunedcity.net\/index.php?rest_route=\/wp\/v2\/users\/1"}],"replies":[{"embeddable":true,"href":"https:\/\/www.tunedcity.net\/index.php?rest_route=%2Fwp%2Fv2%2Fcomments&post=213"}],"version-history":[{"count":1,"href":"https:\/\/www.tunedcity.net\/index.php?rest_route=\/wp\/v2\/pages\/213\/revisions"}],"predecessor-version":[{"id":660,"href":"https:\/\/www.tunedcity.net\/index.php?rest_route=\/wp\/v2\/pages\/213\/revisions\/660"}],"up":[{"embeddable":true,"href":"https:\/\/www.tunedcity.net\/index.php?rest_route=\/wp\/v2\/pages\/19"}],"wp:attachment":[{"href":"https:\/\/www.tunedcity.net\/index.php?rest_route=%2Fwp%2Fv2%2Fmedia&parent=213"}],"wp:term":[{"taxonomy":"category","embeddable":true,"href":"https:\/\/www.tunedcity.net\/index.php?rest_route=%2Fwp%2Fv2%2Fcategories&post=213"},{"taxonomy":"post_tag","embeddable":true,"href":"https:\/\/www.tunedcity.net\/index.php?rest_route=%2Fwp%2Fv2%2Ftags&post=213"}],"curies":[{"name":"wp","href":"https:\/\/api.w.org\/{rel}","templated":true}]}}