{"id":184,"date":"2008-05-14T12:59:57","date_gmt":"2008-05-14T11:59:57","guid":{"rendered":"http:\/\/www.tunedcity.de\/?page_id=184"},"modified":"2010-05-04T20:08:03","modified_gmt":"2010-05-04T19:08:03","slug":"kamleithner-christa-ad","status":"publish","type":"page","link":"https:\/\/www.tunedcity.net\/?page_id=184","title":{"rendered":"Kamleithner, Christa (A\/D)"},"content":{"rendered":"<p><img decoding=\"async\" src=\"http:\/\/www.tunedcity.net\/wp-content\/uploads\/2008\/05\/kamleitner.gif\" alt=\"kamleithner\" \/><\/p>\n<p><\/p>\n<p><strong>Christa Kamleithner<\/strong> studied architecture and philosophy in Vienna. From 2000-04, she was author and editor for d\u00e9rive &#8211; Zeitschrift f\u00fcr Stadtforschung (journal for urbanism) and from 2001-2006 board member of the Autrian Society for Architecture. In 2003, she worked for the EU research project &#8220;Urban Catalyst&#8221;. From 2004-05 she was research project assistant at the TU Graz and worked for the Ladenburger Kolleg Zwischenstadt. Since 2006, she has been research assistant at the University of the Arts Berlin, Faculty of Art and Cultural History in the degree programme Architecture. Since 2007, Christa Kamleithner has been assistant lecturer at the Center for Metropolitan Studies at the TU Berlin. Recent publications: \u00c4sthetik der Agglomeration (with Susanne Hauser), Wuppertal: M\u00fcller + Busmann 2006; Schwerpunkt d\u00e9rive 31, 2008: Gouvernementalit\u00e4t. Her research investigates theory of the social space, architecture as a medium, history of urbanism and new planning methods.<\/p>\n<p>appearance at Tuned City<br \/>\n<a href=\"https:\/\/www.tunedcity.net\/?page_id=146\">urban space and sonic experience \/ 02.07.08<\/a><\/p>\n<p><\/p>","protected":false},"excerpt":{"rendered":"<p>Christa Kamleithner studied architecture and philosophy in Vienna. From 2000-04, she was author and editor for d\u00e9rive &#8211; Zeitschrift f\u00fcr Stadtforschung (journal for urbanism) and from 2001-2006 board member of the Autrian Society for Architecture. In 2003, she worked for the EU research project &#8220;Urban Catalyst&#8221;. From 2004-05 she was research project assistant at the [&hellip;]<\/p>\n","protected":false},"author":1,"featured_media":0,"parent":19,"menu_order":0,"comment_status":"closed","ping_status":"closed","template":"","meta":{"footnotes":""},"categories":[1],"tags":[],"class_list":["post-184","page","type-page","status-publish","hentry","category-allgemein"],"_links":{"self":[{"href":"https:\/\/www.tunedcity.net\/index.php?rest_route=\/wp\/v2\/pages\/184","targetHints":{"allow":["GET"]}}],"collection":[{"href":"https:\/\/www.tunedcity.net\/index.php?rest_route=\/wp\/v2\/pages"}],"about":[{"href":"https:\/\/www.tunedcity.net\/index.php?rest_route=\/wp\/v2\/types\/page"}],"author":[{"embeddable":true,"href":"https:\/\/www.tunedcity.net\/index.php?rest_route=\/wp\/v2\/users\/1"}],"replies":[{"embeddable":true,"href":"https:\/\/www.tunedcity.net\/index.php?rest_route=%2Fwp%2Fv2%2Fcomments&post=184"}],"version-history":[{"count":1,"href":"https:\/\/www.tunedcity.net\/index.php?rest_route=\/wp\/v2\/pages\/184\/revisions"}],"predecessor-version":[{"id":668,"href":"https:\/\/www.tunedcity.net\/index.php?rest_route=\/wp\/v2\/pages\/184\/revisions\/668"}],"up":[{"embeddable":true,"href":"https:\/\/www.tunedcity.net\/index.php?rest_route=\/wp\/v2\/pages\/19"}],"wp:attachment":[{"href":"https:\/\/www.tunedcity.net\/index.php?rest_route=%2Fwp%2Fv2%2Fmedia&parent=184"}],"wp:term":[{"taxonomy":"category","embeddable":true,"href":"https:\/\/www.tunedcity.net\/index.php?rest_route=%2Fwp%2Fv2%2Fcategories&post=184"},{"taxonomy":"post_tag","embeddable":true,"href":"https:\/\/www.tunedcity.net\/index.php?rest_route=%2Fwp%2Fv2%2Ftags&post=184"}],"curies":[{"name":"wp","href":"https:\/\/api.w.org\/{rel}","templated":true}]}}