{"id":18,"date":"2007-12-18T13:48:54","date_gmt":"2007-12-18T12:48:54","guid":{"rendered":"http:\/\/www.tunedcity.de\/?page_id=18"},"modified":"2010-05-04T20:08:10","modified_gmt":"2010-05-04T19:08:10","slug":"lang_deworkshopslang_de-lang_enworkshopslang_en","status":"publish","type":"page","link":"https:\/\/www.tunedcity.net\/?page_id=18","title":{"rendered":"workshops"},"content":{"rendered":"<p><\/p>\n<p><\/p>\n<p><a href=\"https:\/\/www.tunedcity.net\/?page_id=170\"><b>Hearing Berlin: 12 Approaches<\/b><\/a> \/ 01.-05.07.08<br \/>\nChris Watson<br \/>\n<strong>&gt;&gt;&gt; this workshop is fully booked!<\/strong><\/p>\n<p><a href=\"https:\/\/www.tunedcity.net\/?page_id=171\"><b>Scrying<\/b><\/a> \/ 01.-02., 04.07.08<br \/>\nMartin Howse<\/p>\n<p><a href=\"https:\/\/www.tunedcity.net\/?page_id=173\"><b>kinetic (architectural) modelbuilding<\/b><\/a> \/ 01.-04.07.08<br \/>\nRalf  Schreiber and Martin  Kuentz<\/p>\n<p><a href=\"https:\/\/www.tunedcity.net\/?page_id=169\"><b>Composed City<\/b><\/a> \/ 04.-08.06.08 \/ 01.-05.07.08<br \/>\nStaalplaat Soundsystem and Lola landscpape architects in collaboration with Sound Studies (UdK Berlin), TU Berlin and tx &#8211; b\u00fcro f\u00fcr tempor\u00e4re architektur<br \/>\n<strong>&gt;&gt;&gt; this workshop is fully booked!<\/strong><\/p>\n<p><\/p>","protected":false},"excerpt":{"rendered":"<p>\/ 01.-05.07.08 Chris Watson &gt;&gt;&gt; this workshop is fully booked! \/ 01.-02., 04.07.08 Martin Howse \/ 01.-04.07.08 Ralf Schreiber and Martin Kuentz \/ 04.-08.06.08 \/ 01.-05.07.08 Staalplaat Soundsystem and Lola landscpape architects in collaboration with Sound Studies (UdK Berlin), TU Berlin and tx &#8211; b\u00fcro f\u00fcr tempor\u00e4re architektur &gt;&gt;&gt; this workshop is fully booked!<\/p>\n","protected":false},"author":1,"featured_media":0,"parent":12,"menu_order":0,"comment_status":"closed","ping_status":"closed","template":"","meta":{"footnotes":""},"categories":[1],"tags":[],"class_list":["post-18","page","type-page","status-publish","hentry","category-allgemein"],"_links":{"self":[{"href":"https:\/\/www.tunedcity.net\/index.php?rest_route=\/wp\/v2\/pages\/18","targetHints":{"allow":["GET"]}}],"collection":[{"href":"https:\/\/www.tunedcity.net\/index.php?rest_route=\/wp\/v2\/pages"}],"about":[{"href":"https:\/\/www.tunedcity.net\/index.php?rest_route=\/wp\/v2\/types\/page"}],"author":[{"embeddable":true,"href":"https:\/\/www.tunedcity.net\/index.php?rest_route=\/wp\/v2\/users\/1"}],"replies":[{"embeddable":true,"href":"https:\/\/www.tunedcity.net\/index.php?rest_route=%2Fwp%2Fv2%2Fcomments&post=18"}],"version-history":[{"count":2,"href":"https:\/\/www.tunedcity.net\/index.php?rest_route=\/wp\/v2\/pages\/18\/revisions"}],"predecessor-version":[{"id":951,"href":"https:\/\/www.tunedcity.net\/index.php?rest_route=\/wp\/v2\/pages\/18\/revisions\/951"}],"up":[{"embeddable":true,"href":"https:\/\/www.tunedcity.net\/index.php?rest_route=\/wp\/v2\/pages\/12"}],"wp:attachment":[{"href":"https:\/\/www.tunedcity.net\/index.php?rest_route=%2Fwp%2Fv2%2Fmedia&parent=18"}],"wp:term":[{"taxonomy":"category","embeddable":true,"href":"https:\/\/www.tunedcity.net\/index.php?rest_route=%2Fwp%2Fv2%2Fcategories&post=18"},{"taxonomy":"post_tag","embeddable":true,"href":"https:\/\/www.tunedcity.net\/index.php?rest_route=%2Fwp%2Fv2%2Ftags&post=18"}],"curies":[{"name":"wp","href":"https:\/\/api.w.org\/{rel}","templated":true}]}}