{"id":1532,"date":"2011-05-19T14:26:12","date_gmt":"2011-05-19T13:26:12","guid":{"rendered":"http:\/\/www.tunedcity.net\/?page_id=1532"},"modified":"2025-05-28T16:09:57","modified_gmt":"2025-05-28T14:09:57","slug":"lang_deprogrammuberblicklang_de-lang_enschedule-overviewlang_en","status":"publish","type":"page","link":"https:\/\/www.tunedcity.net\/?page_id=1532","title":{"rendered":"schedule overview"},"content":{"rendered":"<p><img loading=\"lazy\" decoding=\"async\" class=\"alignnone size-full wp-image-2614\" title=\"waterblock\" src=\"http:\/\/www.tunedcity.net\/wp-content\/uploads\/2011\/05\/waterblock.jpg\" alt=\"\" width=\"493\" height=\"370\" srcset=\"https:\/\/www.tunedcity.net\/wp-content\/uploads\/2011\/05\/waterblock.jpg 567w, https:\/\/www.tunedcity.net\/wp-content\/uploads\/2011\/05\/waterblock-300x224.jpg 300w\" sizes=\"auto, (max-width: 493px) 100vw, 493px\" \/><\/p>\n<p><strong>04.-07. July 2011<\/strong> &#8211;<strong> warm up \/ fringe<\/strong><\/p>\n<blockquote><p>The event in july 2011 will start with a &#8216;warm up \/ fringe&#8217; phase (04.-07.July). During this time the <a href=\"https:\/\/www.tunedcity.net\/?page_id=950\">workshops<\/a> are running, the permanent and temporary <a href=\"https:\/\/www.tunedcity.net\/?page_id=1045\">installations<\/a> in public space and special indoor-locations will be open and daily schedule of guided audio tours and walks will be offered. Around our main bases <a href=\"http:\/\/marzprojekt.wordpress.com\/about\/\" target=\"_blank\" rel=\"noopener\">M\u00c4RZ-projectspace<\/a> and <a href=\"http:\/\/www.ptarmigan.ee\/\" target=\"_blank\" rel=\"noopener\">Ptarmigan<\/a> we will establish a social hub for the tuned city project, with information counter, meeting point, starting location for several walks and guided tours. A fringe program will give the chance to present projects and research related to our topic in short presentations and Pecha Kucha &#8211; style sessions and short performances. The detailed program will be announced here soon!<\/p><\/blockquote>\n<p>&nbsp;<\/p>\n<p><strong>07. July 2011<\/strong> \/ 20:00h &#8211; <strong>opening<\/strong><\/p>\n<blockquote><p>The concentrated Tuned City event will start on the 7. July evening with a general introduction to the topic and the very special performance of <strong>Naldjorlak<\/strong> (composition by Eliane Radigue) played by <strong><a href=\"https:\/\/www.tunedcity.net\/?page_id=1291\">Charles Curtis (US)<\/a><\/strong><em> at Hobuveski (Horse Mill Theater), Lai 23,\u00a0 Tallinn <\/em><a href=\"http:\/\/maps.google.de\/maps\/ms?hl=de&amp;ie=UTF8&amp;msa=0&amp;msid=208404514466747753528.000485c1dcaf682121d90&amp;t=h&amp;ll=59.441644,24.745224&amp;spn=0.003933,0.013057&amp;z=17&amp;iwloc=0004a378355f2cc96239a\" target=\"_blank\" rel=\"noopener\"><em>map &gt;&gt;&gt;.<\/em><\/a><\/p><\/blockquote>\n<p>&nbsp;<\/p>\n<p><strong>08.-10. July 2011<\/strong><em><br \/>\nThe daily schedule for the 3 following days is structured as following:<\/em><\/p>\n<blockquote><p><em>11:00-15:00h<\/em><br \/>\n<a href=\"https:\/\/www.tunedcity.net\/?page_id=1378\">Conference and lecture program<\/a> each day in different<a href=\"https:\/\/www.tunedcity.net\/?page_id=1497\"> locations<\/a>, undertaking a architecture-historic journey, starting from the 14th Century Old Town, going over the remains of the industrial developments in the beginning of the last century, the Soviet-era architectural utopies of the 70s and 80s and ending in the <em>Now<\/em> of contempory Tallinn.<\/p>\n<p>15:00-19:00h<br \/>\n<a href=\"https:\/\/www.tunedcity.net\/?page_id=1446\">site-specific program<\/a> &#8211; one can float around the city and combine his own program out of several walks, performances, guided tours, etc.<\/p>\n<p><em>18:30-20:30h<\/em><br \/>\nDinner break (for team, performers and volunteers) @Telliskivi Loomelinnak, Telliskivi 60A).<a href=\"http:\/\/maps.google.de\/maps\/ms?hl=de&amp;ie=UTF8&amp;msa=0&amp;msid=208404514466747753528.000485c1dcaf682121d90&amp;t=h&amp;ll=59.441857,24.733829&amp;spn=0.004571,0.012081&amp;z=17&amp;iwloc=0004866bbe755e260dfae\" target=\"_blank\" rel=\"noopener\"> <em>map &gt;&gt;&gt;<\/em><\/a><\/p>\n<p><em>21:00h<\/em><br \/>\n<a href=\"https:\/\/www.tunedcity.net\/?page_id=1268\">Evening Performances<\/a> each day at a different location<\/p><\/blockquote>\n<p>&#8211;<\/p>\n<p>here you can find the complete program brochure as pdf: <a href=\"..\/tc_2011.pdf\" target=\"_blank\" rel=\"noopener\">Tuned City Tallinn program.pdf<\/a><\/p>\n<p><a href=\"http:\/\/www.tunedcity.net\/tc_2011.pdf\">http:\/\/www.tunedcity.net\/tc_2011.pdf<\/a><\/p>\n<p>[lang_ee]<\/p>\n<p><strong>4.\u20137. juulini<\/strong> \u2013 <strong>eelsoojendus<\/strong><\/p>\n<blockquote><p>Juulikuu p\u00f5his\u00fcndmus hakkab eelsoojendusfaasiga. Sel ajal toimuvad m\u00f5ned <a href=\"https:\/\/www.tunedcity.net\/?page_id=950\"><em>workshop<\/em>\u2019id<\/a>, \u00fcleval on <a href=\"https:\/\/www.tunedcity.net\/?page_id=1045\">ajutised ja p\u00fcsiinstallatsioonid<\/a> kogu linnas, siseruumides ja v\u00e4ljas, saab registeeruda ja osaleda audioekskursioonidel ja -jalutusk\u00e4ikudel.<br \/>\nTuned City tegevuse keskpunktiks olevast <a href=\"http:\/\/marzprojekt.wordpress.com\/about\/\" target=\"_blank\" rel=\"noopener\">M\u00c4RZi projektiruumist<\/a> ja <a href=\"http:\/\/www.ptarmigan.ee\/\" target=\"_blank\" rel=\"noopener\">Ptarmiganist<\/a> kujundatakse festivali sotsiaalne kese, kus on infolett, kohtumispaik, mitmete audioekskursioonide ja -jalutusk\u00e4ikude alguspaik, samuti \u00f5htuprogrammi toimumispaik, mis annab v\u00f5imaluse esitleda projekte <em>pecha kucha<\/em> stiilis sessioonidel l\u00fchikeste esinemistena. See vorm v\u00f5imaldab teadlastel ja erialainimestel tutvustada oma projekte ja suhelda v\u00e4ljaspool ajalimiidiga piiratud konverentsivormi. Peagi j\u00f5uab \u00fcles ka t\u00e4psem programm!<\/p><\/blockquote>\n<p>&nbsp;<\/p>\n<p>&nbsp;<\/p>\n<p>&nbsp;<\/p>\n<p>&nbsp;<\/p>\n<p><strong><br \/>\n7. juuli<\/strong> \/ 20:00h &#8211; <strong>Avamine<\/strong><\/p>\n<blockquote><p>Tuned City intensiivsemad ettev\u00f5tmised saavad alguse 7. juuli \u00f5htul, \u00fcldise sissejuhatusega teemasse ja s\u00fcndmustesse ning v\u00e4ga erilise <em>performance<\/em>\u2019iga <strong>\u201eNaldjorlak\u201d<\/strong> (kompositsiooni autor Eliane Radigue), mille esitab t\u0161ellist <strong><a href=\"https:\/\/www.tunedcity.net\/?page_id=1291\">Charles Curtis (US)<\/a><\/strong> Hobuveski teatris (Lai tn 23, Tallinn).<br \/>\n<a href=\"http:\/\/maps.google.de\/maps\/ms?hl=de&amp;ie=UTF8&amp;msa=0&amp;msid=208404514466747753528.000485c1dcaf682121d90&amp;t=h&amp;ll=59.441644,24.745224&amp;spn=0.003933,0.013057&amp;z=17&amp;iwloc=0004a378355f2cc96239a\" target=\"_blank\" rel=\"noopener\"><em>kaart &gt;&gt;&gt;<\/em><\/a><\/p><\/blockquote>\n<p>&nbsp;<\/p>\n<p>&nbsp;<\/p>\n<p>&nbsp;<\/p>\n<p>&nbsp;<\/p>\n<p><strong>08.\u201310. juulini<br \/>\n<\/strong>Kolm p\u00e4eva on jagatud j\u00e4rgmiselt:<\/p>\n<p>&nbsp;<\/p>\n<blockquote><p><em>kl 11:00\u201315:00<br \/>\n<\/em><a href=\"https:\/\/www.tunedcity.net\/?page_id=1378\">Konverents ja loenguprogramm<\/a> iga p\u00e4ev eri <a href=\"https:\/\/www.tunedcity.net\/?page_id=1497\"> kohtades<\/a>, h\u00f5lmates arhitektuurilis-ajaloolist retke, mis algab 14. sajandi vanalinnast, liigub \u00fcle maastike, mis on j\u00e4\u00e4nud j\u00e4rele eelmise sajandi t\u00f6\u00f6stuslikust arengust ning n\u00f5ukogude aja 1970. ja 1980. aastate arhitektuurilistest utoopiatest ning l\u00f5ppeb <em>Siin ja praegu<\/em>, n\u00fc\u00fcdisaegses Tallinnas.<\/p>\n<p><em>kl 15:00\u201318:30<br \/>\n<\/em><a href=\"https:\/\/www.tunedcity.net\/?page_id=1446\">Kohaspetsiifiline programm<\/a> \u2013 k\u00f5igil on v\u00f5imalus kulgeda linnas ning koostada iseendale selleks meelep\u00e4rane programm mitmesugustest jalutusk\u00e4ikudest, <em>performance<\/em>\u2019itest ja ekskursioonidest.<\/p>\n<p><em>kl 18:30\u201320:30<\/em><br \/>\n\u00d5htus\u00f6\u00f6gi aeg. (Esinejaile, TC meeskonnale ning vabatahtlikele Telliskivi Loomelinnakus, Telliskivi 60A.)<a href=\"http:\/\/maps.google.de\/maps\/ms?hl=de&amp;ie=UTF8&amp;msa=0&amp;msid=208404514466747753528.000485c1dcaf682121d90&amp;t=h&amp;ll=59.441857,24.733829&amp;spn=0.004571,0.012081&amp;z=17&amp;iwloc=0004866bbe755e260dfae\" target=\"_blank\" rel=\"noopener\"> <em>kaart &gt;&gt;&gt;<\/em><\/a><\/p>\n<p><em>kl 21:00<\/em><br \/>\n<a href=\"https:\/\/www.tunedcity.net\/?page_id=1268\">\u00d5htused kontserdid<\/a> iga p\u00e4ev eri kohas.<\/p><\/blockquote>\n<p>&#8211;<\/p>\n<p>Programm: <a href=\"http:\/\/www.tunedcity.net\/tunedcity_tallinn_ee.pdf\" target=\"_blank\" rel=\"noopener\">Tuned City Tallinn.pdf<\/a><\/p>\n<p><a href=\"http:\/\/www.tunedcity.net\/tunedcity_tallinn_ee.pdf\">http:\/\/www.tunedcity.net\/tunedcity_tallinn_ee.pdf<\/a><\/p>\n<p>[\/lang_ee]<\/p>","protected":false},"excerpt":{"rendered":"<p>04.-07. July 2011 &#8211; warm up \/ fringe The event in july 2011 will start with a &#8216;warm up \/ fringe&#8217; phase (04.-07.July). During this time the are running, the permanent and temporary in public space and special indoor-locations will be open and daily schedule of guided audio tours and walks will be offered. Around [&hellip;]<\/p>\n","protected":false},"author":1,"featured_media":0,"parent":496,"menu_order":0,"comment_status":"closed","ping_status":"closed","template":"","meta":{"footnotes":""},"categories":[1],"tags":[],"class_list":["post-1532","page","type-page","status-publish","hentry","category-allgemein"],"_links":{"self":[{"href":"https:\/\/www.tunedcity.net\/index.php?rest_route=\/wp\/v2\/pages\/1532","targetHints":{"allow":["GET"]}}],"collection":[{"href":"https:\/\/www.tunedcity.net\/index.php?rest_route=\/wp\/v2\/pages"}],"about":[{"href":"https:\/\/www.tunedcity.net\/index.php?rest_route=\/wp\/v2\/types\/page"}],"author":[{"embeddable":true,"href":"https:\/\/www.tunedcity.net\/index.php?rest_route=\/wp\/v2\/users\/1"}],"replies":[{"embeddable":true,"href":"https:\/\/www.tunedcity.net\/index.php?rest_route=%2Fwp%2Fv2%2Fcomments&post=1532"}],"version-history":[{"count":47,"href":"https:\/\/www.tunedcity.net\/index.php?rest_route=\/wp\/v2\/pages\/1532\/revisions"}],"predecessor-version":[{"id":6243,"href":"https:\/\/www.tunedcity.net\/index.php?rest_route=\/wp\/v2\/pages\/1532\/revisions\/6243"}],"up":[{"embeddable":true,"href":"https:\/\/www.tunedcity.net\/index.php?rest_route=\/wp\/v2\/pages\/496"}],"wp:attachment":[{"href":"https:\/\/www.tunedcity.net\/index.php?rest_route=%2Fwp%2Fv2%2Fmedia&parent=1532"}],"wp:term":[{"taxonomy":"category","embeddable":true,"href":"https:\/\/www.tunedcity.net\/index.php?rest_route=%2Fwp%2Fv2%2Fcategories&post=1532"},{"taxonomy":"post_tag","embeddable":true,"href":"https:\/\/www.tunedcity.net\/index.php?rest_route=%2Fwp%2Fv2%2Ftags&post=1532"}],"curies":[{"name":"wp","href":"https:\/\/api.w.org\/{rel}","templated":true}]}}