{"id":153,"date":"2008-04-22T20:30:55","date_gmt":"2008-04-22T19:30:55","guid":{"rendered":"http:\/\/www.tunedcity.de\/?page_id=153"},"modified":"2010-05-04T20:08:07","modified_gmt":"2010-05-04T19:08:07","slug":"lang_de04072008-stadtraum-ii-lang_de-lang_en04072008-urban-space-ii-lang_en-2","status":"publish","type":"page","link":"https:\/\/www.tunedcity.net\/?page_id=153","title":{"rendered":"04.07.2008: design of acoustic environments"},"content":{"rendered":"<p><\/p>\n<p>Tuned City day 4 \/ block 2 \/ 2 pm \/  <a href=\"https:\/\/www.tunedcity.net\/?page_id=26\">Wriezener Freiraum Labor<\/a><\/p>\n<p><em>moderation<\/em><br \/>\n<a href=\"https:\/\/www.tunedcity.net\/?page_id=185\">Prof. Golo F\u00f6llmer<\/a> (Martin-Luther-Universit\u00e4t Halle)<\/p>\n<p><em>project presentation<br \/>\n<\/em><a href=\"https:\/\/www.tunedcity.net\/?page_id=137\">tx &#8211; b\u00fcro f\u00fcr tempor\u00e4re architektur<\/a><em><br \/>\n<\/em><a href=\"https:\/\/www.tunedcity.net\/?page_id=358\"><b>wriezener freiraumlabor<\/b><\/a><\/p>\n<p><em>lecture<\/em><br \/>\n<a href=\"https:\/\/www.tunedcity.net\/?page_id=165\">Catharina Dyrssen<\/a> (Urban Sound Institute Stockholm)<br \/>\n<a href=\"https:\/\/www.tunedcity.net\/?page_id=359\"><b>into noise: approaching the urban through transdisciplinary sound design projects<\/b><\/a><\/p>\n<p><em>presentation<\/em><strong><br \/>\n<\/strong><a href=\"https:\/\/www.tunedcity.net\/?page_id=294\">Gilles Aubry<\/a><br \/>\n<a href=\"https:\/\/www.tunedcity.net\/?page_id=311\"><b>the chant of the buidings &#8211; composing with field recordings<\/b><\/a><\/p>\n<p><em>lecture<\/em><br \/>\n<a href=\"https:\/\/www.tunedcity.net\/?page_id=113\">Gregoire Chelkoff<\/a> (Cresson Grenoble)<br \/>\n<a href=\"https:\/\/www.tunedcity.net\/?page_id=343\"><b>listening in motion : an architectural experimentation for a public shelter<\/b><\/a><\/p>\n<p><em>presentation<\/em><br \/>\n<a href=\"https:\/\/www.tunedcity.net\/?page_id=329\">Barbara Willecke<\/a> \/ <a href=\"https:\/\/www.tunedcity.net\/?page_id=333\">Brigitte Schulte-Fortkamp<\/a><br \/>\n<a href=\"https:\/\/www.tunedcity.net\/?page_id=330\"><b>the redesign of the Nauener Platz<\/b><\/a><\/p>\n<p><em>presentation<\/em><br \/>\n<a href=\"https:\/\/www.tunedcity.net\/?page_id=109\">raumlaborberlin<\/a><br \/>\n<a href=\"https:\/\/www.tunedcity.net\/?page_id=360\"><b>Eichbaumoper<\/b><\/a><\/p>\n<p><em>performance<\/em><br \/>\n<a href=\"http:\/\/www.tunedcity.de\/\/?page_id=121\">Martin Howse<\/a><br \/>\n<a href=\"http:\/\/www.tunedcity.de\/\/?page_id=259\"><strong>Active City Circuit<\/strong><\/a><a href=\"http:\/\/www.tunedcity.de\/\/?page_id=259\"> <\/a><\/p>\n<p><em>lecture \/ field walk<\/em><br \/>\n<a href=\"https:\/\/www.tunedcity.net\/?page_id=141\">Chris Watson<\/a><br \/>\n<a href=\"https:\/\/www.tunedcity.net\/?page_id=361\"><b>listenining to the city<\/b><\/a><\/p>\n<p><em>performance \/ workshop presentation<\/em><br \/>\n<a href=\"https:\/\/www.tunedcity.net\/?page_id=91\">Staalplaat Soundsystem<\/a> \/ <a href=\"https:\/\/www.tunedcity.net\/?page_id=90\">Lola landscape architects<\/a> \/<br \/>\nin collaboration with Sound Studies UdK Berlin \/ TU Berlin<strong><br \/>\n<a href=\"http:\/\/www.composedcity.org\" title=\"composedcity\" target=\"_blank\"> Composed City<\/a><\/strong><\/p>\n<p><img loading=\"lazy\" decoding=\"async\" src=\"http:\/\/www.tunedcity.net\/wp-content\/uploads\/2008\/05\/nix.gif\" alt=\"nix\" height=\"18\" width=\"35\" \/><\/p>\n<p><strong>Acoustic design for environments<\/strong> explores the topic of sound and city on the scale of an urban wasteland.<\/p>\n<p>On the premises of the former Wriezener Bahnhof in Berlin-Friedrichshain, a public park will be developed in the next years. tx architects develops ideas in close relation to the citizen in order to plan and realise this park together with neighbours, pupils, initiatives and locals shops. The challenge is to create a public free space that is open to a variety of functions and supports the living qualities in this city quarter.<\/p>\n<p>How can urban acoustic phenomena be exploited for urban planning? Which possibilities exist to use the notion of aesthetical sustainability as an urban planning argument? Which part do acoustic criteria play in this context? The architect Catharina Dyrssen from the Urban Sound Institute Stockholm and the architect Gr\u00e9goire Chelkoff from the Cresson Institute Grenoble present examples of projects that investigate the function of sound in the design processes of (free) spaces and give insight into the work of their institutes. raumlabor_berlin presents their vision of the transformation of the underground station Eichbaum in the periphery between Mu?hlheim ad Essen into an opera house. Urban planner Barbara Willecke presents the redesign project Nauener Platz in Berlin that focuses particularly on the exploration and testing of means to positively influence of noise and sound situations.<\/p>\n<p>The performance Active City Circuit by Martin Howse investigates electromagnetic space. Complicated technical methods of filtering and amplifying of these signal waves are also subject of a workshop. Chris Watson and Gilles Aubry will present their work with fieldrecordings, their recording strategies, compositional concepts and discuss topics like forms of hearing, abstraction vs. representation and their fascination of the beauty of &#8220;found&#8221; sounds.<\/p>\n<p>Staalplaat Soundsystem and Lola landscape architects, together with students of Sound Studies (UdKBerlin) and the TU Berlin, will present the results of the workshop Composed City which tries to use the area of the Wriezener Bahnhof as sound source and instrument.<br \/>\n<\/p>","protected":false},"excerpt":{"rendered":"<p>Tuned City day 4 \/ block 2 \/ 2 pm \/ moderation (Martin-Luther-Universit\u00e4t Halle) project presentation lecture (Urban Sound Institute Stockholm) presentation lecture (Cresson Grenoble) presentation \/ presentation performance Martin Howse Active City Circuit lecture \/ field walk performance \/ workshop presentation \/ \/ in collaboration with Sound Studies UdK Berlin \/ TU Berlin Composed [&hellip;]<\/p>\n","protected":false},"author":1,"featured_media":0,"parent":13,"menu_order":0,"comment_status":"closed","ping_status":"closed","template":"","meta":{"footnotes":""},"categories":[1],"tags":[],"class_list":["post-153","page","type-page","status-publish","hentry","category-allgemein"],"_links":{"self":[{"href":"https:\/\/www.tunedcity.net\/index.php?rest_route=\/wp\/v2\/pages\/153","targetHints":{"allow":["GET"]}}],"collection":[{"href":"https:\/\/www.tunedcity.net\/index.php?rest_route=\/wp\/v2\/pages"}],"about":[{"href":"https:\/\/www.tunedcity.net\/index.php?rest_route=\/wp\/v2\/types\/page"}],"author":[{"embeddable":true,"href":"https:\/\/www.tunedcity.net\/index.php?rest_route=\/wp\/v2\/users\/1"}],"replies":[{"embeddable":true,"href":"https:\/\/www.tunedcity.net\/index.php?rest_route=%2Fwp%2Fv2%2Fcomments&post=153"}],"version-history":[{"count":1,"href":"https:\/\/www.tunedcity.net\/index.php?rest_route=\/wp\/v2\/pages\/153\/revisions"}],"predecessor-version":[{"id":732,"href":"https:\/\/www.tunedcity.net\/index.php?rest_route=\/wp\/v2\/pages\/153\/revisions\/732"}],"up":[{"embeddable":true,"href":"https:\/\/www.tunedcity.net\/index.php?rest_route=\/wp\/v2\/pages\/13"}],"wp:attachment":[{"href":"https:\/\/www.tunedcity.net\/index.php?rest_route=%2Fwp%2Fv2%2Fmedia&parent=153"}],"wp:term":[{"taxonomy":"category","embeddable":true,"href":"https:\/\/www.tunedcity.net\/index.php?rest_route=%2Fwp%2Fv2%2Fcategories&post=153"},{"taxonomy":"post_tag","embeddable":true,"href":"https:\/\/www.tunedcity.net\/index.php?rest_route=%2Fwp%2Fv2%2Ftags&post=153"}],"curies":[{"name":"wp","href":"https:\/\/api.w.org\/{rel}","templated":true}]}}