{"id":146,"date":"2008-04-21T18:31:46","date_gmt":"2008-04-21T17:31:46","guid":{"rendered":"http:\/\/www.tunedcity.de\/?page_id=146"},"modified":"2010-05-04T20:08:06","modified_gmt":"2010-05-04T19:08:06","slug":"lang_de03072008-stadtraum-i-lang_de-lang_en03072008-urban-space-i-lang_en","status":"publish","type":"page","link":"https:\/\/www.tunedcity.net\/?page_id=146","title":{"rendered":"03.07.2008: urban space &#038; sonic experience"},"content":{"rendered":"<p><\/p>\n<p> Tuned City day 3 \/ block 1 \/ 11 am \/ <a href=\"https:\/\/www.tunedcity.net\/?page_id=26\">Alexanderplatz<\/a><\/p>\n<p><em>moderation<\/em><br \/>\n<a href=\"https:\/\/www.tunedcity.net\/?page_id=184\">Christa Kamleithner<\/a> (Universit\u00e4t der K\u00fcnste Berlin)<\/p>\n<p><em>lecture<\/em><br \/>\n<a href=\"https:\/\/www.tunedcity.net\/?page_id=213\">Prof. Susanne Hauser<\/a> (Universit\u00e4t der K\u00fcnste Berlin)<br \/>\n<a href=\"https:\/\/www.tunedcity.net\/?page_id=354\"><b>the eye, the ear and the big city<\/b><\/a><\/p>\n<p><em>lecture<\/em><br \/>\n<a href=\"https:\/\/www.tunedcity.net\/?page_id=104\">Pascal Amphoux<\/a> (Cresson Grenoble)<br \/>\n<a href=\"https:\/\/www.tunedcity.net\/?page_id=355\"><b>sonic effects and other criteria of public space<\/b><\/a><\/p>\n<p><em>lecture<\/em><br \/>\n<a href=\"https:\/\/www.tunedcity.net\/?page_id=118\">Raviv Ganchrow<\/a> (Institute of Sonology Den Haag\/department of Architecture TU Delft)<br \/>\n<a href=\"https:\/\/www.tunedcity.net\/?page_id=356\"><b>phased space<\/b><\/a><\/p>\n<p><img loading=\"lazy\" decoding=\"async\" src=\"http:\/\/www.tunedcity.net\/wp-content\/uploads\/2008\/05\/nix.gif\" alt=\"nix\" height=\"18\" width=\"35\" \/><\/p>\n<p>Alexanderplatz as a place of visionary iconography: from the early projects of the avantgarde, D\u00f6blin\u2019s Alexanderplatz and the major project of the GDR-modernity up to the present &#8220;visionary&#8221; stone wallpaper. In terms of the number of visitors, Alexanderplatz can be called as one of the most dense \u2013 and maybe the most public \u2013 places of the city, an overlapping of traffic space and shopping space in the city centre.<\/p>\n<p>The art historian and cultural scientist Susanne Hauser investigates this special aesthetic of agglomeration\/urban compression in her work and searches for alternative models of description for the urban space. How is the urban space around the Alexanderplatz acoustically defined and coined by its usage and overlap of different functionalities?<\/p>\n<p>These and similar questions are approached by architect and geographer Pascal Amphoux from the renowned research institute Cresson in Grenoble. The architect and sound artist Raviv Ganchrow will question what happens to the notion of &#8216;space&#8217; and &#8216;place&#8217; when examined through a sonic lens. Which vocabulary and which concepts exist to talk about sound in public space? For the planned conference situation, raumlabor_berlin will use a part of the outside staircase of the TV-tower as an open-air theatre and an oversize &#8220;city mattress&#8221; which invites the participants to sit and relax.<br \/>\n<\/p>","protected":false},"excerpt":{"rendered":"<p>Tuned City day 3 \/ block 1 \/ 11 am \/ moderation (Universit\u00e4t der K\u00fcnste Berlin) lecture (Universit\u00e4t der K\u00fcnste Berlin) lecture (Cresson Grenoble) lecture (Institute of Sonology Den Haag\/department of Architecture TU Delft) Alexanderplatz as a place of visionary iconography: from the early projects of the avantgarde, D\u00f6blin\u2019s Alexanderplatz and the major project of [&hellip;]<\/p>\n","protected":false},"author":1,"featured_media":0,"parent":13,"menu_order":0,"comment_status":"closed","ping_status":"closed","template":"","meta":{"footnotes":""},"categories":[1],"tags":[],"class_list":["post-146","page","type-page","status-publish","hentry","category-allgemein"],"_links":{"self":[{"href":"https:\/\/www.tunedcity.net\/index.php?rest_route=\/wp\/v2\/pages\/146","targetHints":{"allow":["GET"]}}],"collection":[{"href":"https:\/\/www.tunedcity.net\/index.php?rest_route=\/wp\/v2\/pages"}],"about":[{"href":"https:\/\/www.tunedcity.net\/index.php?rest_route=\/wp\/v2\/types\/page"}],"author":[{"embeddable":true,"href":"https:\/\/www.tunedcity.net\/index.php?rest_route=\/wp\/v2\/users\/1"}],"replies":[{"embeddable":true,"href":"https:\/\/www.tunedcity.net\/index.php?rest_route=%2Fwp%2Fv2%2Fcomments&post=146"}],"version-history":[{"count":1,"href":"https:\/\/www.tunedcity.net\/index.php?rest_route=\/wp\/v2\/pages\/146\/revisions"}],"predecessor-version":[{"id":729,"href":"https:\/\/www.tunedcity.net\/index.php?rest_route=\/wp\/v2\/pages\/146\/revisions\/729"}],"up":[{"embeddable":true,"href":"https:\/\/www.tunedcity.net\/index.php?rest_route=\/wp\/v2\/pages\/13"}],"wp:attachment":[{"href":"https:\/\/www.tunedcity.net\/index.php?rest_route=%2Fwp%2Fv2%2Fmedia&parent=146"}],"wp:term":[{"taxonomy":"category","embeddable":true,"href":"https:\/\/www.tunedcity.net\/index.php?rest_route=%2Fwp%2Fv2%2Fcategories&post=146"},{"taxonomy":"post_tag","embeddable":true,"href":"https:\/\/www.tunedcity.net\/index.php?rest_route=%2Fwp%2Fv2%2Ftags&post=146"}],"curies":[{"name":"wp","href":"https:\/\/api.w.org\/{rel}","templated":true}]}}