{"id":1446,"date":"2011-05-18T15:38:54","date_gmt":"2011-05-18T14:38:54","guid":{"rendered":"http:\/\/www.tunedcity.net\/?page_id=1446"},"modified":"2011-07-09T14:07:47","modified_gmt":"2011-07-09T12:07:47","slug":"lang_demultitrack-site-specificlang_de-lang_enmultitrack-sitespecificlang_en","status":"publish","type":"page","link":"https:\/\/www.tunedcity.net\/?page_id=1446","title":{"rendered":"site-specific Projects"},"content":{"rendered":"<p><img loading=\"lazy\" decoding=\"async\" class=\"alignnone size-full wp-image-1447\" title=\"linnahall_baa\" src=\"http:\/\/www.tunedcity.net\/wp-content\/uploads\/2011\/05\/linnahall_baa.jpg\" alt=\"\" width=\"495\" height=\"371\" srcset=\"https:\/\/www.tunedcity.net\/wp-content\/uploads\/2011\/05\/linnahall_baa.jpg 1024w, https:\/\/www.tunedcity.net\/wp-content\/uploads\/2011\/05\/linnahall_baa-300x225.jpg 300w\" sizes=\"auto, (max-width: 495px) 100vw, 495px\" \/><\/p>\n<p><em>04.-10.07. 2011, daily 15:00 &#8211; 19:00<\/em><\/p>\n<p>To properly explore the sonic effects possible within the cityscape, it is often necessary to move beyond the traditional model of the seated conference- or performance-audience. The organizers of Tuned City have a long history of mixing up and even breaking the typical event format. For Tallinn 2011, we aspire to present a selection of innovative and fresh sound experiences across several specially-selected locations in the city.<\/p>\n<p>Taking place each afternoon, the site-specific Projects are a modular series of parallel programs featuring soundwalks, performances, installations and interventions. These projects involve the audience in a new way of experiencing sound and space through the use of sculptural, graphical, musical and sonic means.<\/p>\n<p>Some of the projects are designed for a small group of people, keeping the experience of the project both participatory and intimate. Such projects may be offered several times during the Tuned City event. Other projects may only be offered once within the context of the conference program, and some may require registration to keep the audience within a certain size. Please check the project descriptions below for more information.<\/p>\n<p><strong> <\/strong><a href=\"https:\/\/www.tunedcity.net\/?page_id=1608\"><strong>Urban Audio ECoC1<\/strong><\/a><br \/>\n<strong>public space in terms of its musical and compositional potential<\/strong><br \/>\nby Florian Tuercke (D)<br \/>\nJuly 5th \u2013 11:00 \/ public space<\/p>\n<p><strong> <\/strong><a href=\"https:\/\/www.tunedcity.net\/?page_id=1731\"><strong>Echolocator<\/strong><\/a><br \/>\n<strong>performance \u2013 sound as a cue for location<\/strong><br \/>\nby Aernoudt Jacobs (Brussels, BE)<br \/>\nJuly 8th \u2013 16:00-16:30 @Patarei<br \/>\n<em>limited places, please register early!<\/em><\/p>\n<p><a href=\"https:\/\/www.tunedcity.net\/?page_id=1680\"><strong>Airstream<\/strong><\/a><br \/>\n<strong>performance \u2013 real time mixing of natural and amplified sounds<\/strong><br \/>\nby Els Viaene (Brussels, BE)<br \/>\nJuly 8th \u2013 17:00-17:30 @Kultuuri Kilometer<\/p>\n<p><a href=\"https:\/\/www.tunedcity.net\/?page_id=1569\"><strong>Transphere<\/strong><\/a><br \/>\n<strong>performance \u2013 urban soundscape bending<\/strong><br \/>\nby Pierre-Laurent Cassi\u00e8re (F)<br \/>\nJuly 8th \/ 9th \/ 10th \u2013 <em>ca. 16:00-17:00 between <\/em>Tornide V\u00e4ljak and Raekoja plats<\/p>\n<p><strong> <\/strong><a href=\"https:\/\/www.tunedcity.net\/?page_id=1596\"><strong>sonic peculiarities of sites<\/strong><\/a><br \/>\n<strong>site-specific saxophone performances<br \/>\n<\/strong>by Thomas Ankersmit (NL\/D)<br \/>\nJuly 8th \u2013 18:00 @Linnahall \/ July 10th \u2013 16:00 @Cromatico sculpture<em><br \/>\nlimited places, please register early!<\/em><\/p>\n<p><a href=\"https:\/\/www.tunedcity.net\/?page_id=1720\"><strong>Turgophonia<\/strong><\/a><br \/>\n<strong>headphone walk on Balti Jaam market<\/strong><br \/>\nby Maksims Shentelevs (Riga, LTV)<br \/>\nJuly 8th \/ 9th \/ 10th \u2013 meetingpoint @Baltijam Turg entrance<em><br \/>\n<\/em><\/p>\n<p><a href=\"https:\/\/www.tunedcity.net\/?page_id=1634\"><strong>Toposone<\/strong><\/a><strong><br \/>\nmobile sound performance system<\/strong><br \/>\nby Julien Clauss (F), Pom Bouvier B. and Fabien Artal<br \/>\nJuly 9th to 10th \u2013 1:00 \/ July 10th \u2013 17:00 @Vabaduse V\u00e4ljak (Freedome Square)<em> <\/em><\/p>\n<p><a href=\"https:\/\/www.tunedcity.net\/?page_id=1694\"><strong>sonic Drainscape of Tallinn<\/strong><\/a><br \/>\n<strong>Townscape \/ Drainscape &#8211; research for sonic potentials <\/strong><br \/>\nby eyland 07 (Ren\u00e9 Rissland, J\u00fcrgen Lehmeier) und Florian Tuercke (N\u00fcrnberg, D)<br \/>\nJuly 8th \/ 9th \/ 10th \u2013 rentalpoint @M\u00c4RZ project space<\/p>\n<p><a href=\"https:\/\/www.tunedcity.net\/?page_id=1765\"><strong>12-tone filter<\/strong><\/a><br \/>\n<strong>mobile urban noise tranformation<\/strong><br \/>\nby eyland 07 (Ren\u00e9 Rissland, J\u00fcrgen Lehmeier) and Florian Tuercke (N\u00fcrnberg, D)<br \/>\nJuly 8th \/ 9th \/ 10th \u2013 around the conference location<br \/>\n<em>time and site to be announced!<\/em><\/p>\n<p><a href=\"https:\/\/www.tunedcity.net\/?page_id=2416\"><strong>Seaplane Hangars<\/strong><\/a><br \/>\n<strong>tour through the Hangars<\/strong><br \/>\n9th + 10th \u2013 16:00 @Hangars<br \/>\n<em>please register!<\/em><\/p>\n<p><a href=\"https:\/\/www.tunedcity.net\/?page_id=2410\"><strong>Inside Linnahall <\/strong><\/a><br \/>\n<strong>tour through Linnahall<\/strong><br \/>\nJuly 9th + 10th \u2013 17:00 @Linnahall stairs<br \/>\n<em>please register!<\/em><\/p>\n<p><a href=\"https:\/\/www.tunedcity.net\/?page_id=1747\"><strong>Tuning the City <\/strong><\/a><br \/>\n<strong>tactile acoustic interventionism<\/strong><br \/>\nby Mads Bech Paluszewski (Copenhagen, DK) and workshop participants<br \/>\nJuly 10th \u2013 17:30 \/ public space<br \/>\nmeetingpoint @M\u00c4RZ project space<\/p>\n<p><a href=\"https:\/\/www.tunedcity.net\/?page_id=1902\"><strong>City Sounds Concerts<\/strong><\/a><br \/>\n<strong>strolling into the sounds of Tallinn<\/strong><br \/>\nguided tours by Ici-M\u00eame (Grenoble, F) and workshop participants<br \/>\nJuly 4th to 7th \u2013 11:00 \/ 15:00 \/ 18:00<br \/>\nJuly 8th + 9th \u2013 9:00 \/ 16:00 \/ 19:00<br \/>\n<em>individual tours, <\/em><em><em> <\/em>please register early!<\/em><\/p>\n<p><a href=\"https:\/\/www.tunedcity.net\/?page_id=1813\"><strong>Sound Map of Tallin<\/strong><\/a><br \/>\n<strong>a guide to the city of Tallinn from an auditory perspective<\/strong><br \/>\nby Sound Map Tallinn group (Tallinn, EST)<br \/>\ndistribution @M\u00c4RZ project space<em> <\/em>, Ptarmigan, City Center<\/p>\n<p><strong> <\/strong><a href=\"https:\/\/www.tunedcity.net\/?page_id=1830\"><strong>mobile miniatures<\/strong><\/a><br \/>\n<strong>mobile soundwalks \u2013 sonic explorations around  Balti Jaam area<\/strong><br \/>\nby Udo Noll (D) and workshop participants<br \/>\ncontinuous \u2013 via mobile internet devices<\/p>\n<p><strong> <\/strong><em> <\/em><\/p>\n<p><strong> <\/strong><\/p>\n<p><strong> <\/strong><em> <\/em><\/p>\n<p><em> <\/em><\/p>\n<p><\/p>\n<p><\/p>","protected":false},"excerpt":{"rendered":"<p>04.-10.07. 2011, daily 15:00 &#8211; 19:00 To properly explore the sonic effects possible within the cityscape, it is often necessary to move beyond the traditional model of the seated conference- or performance-audience. The organizers of Tuned City have a long history of mixing up and even breaking the typical event format. For Tallinn 2011, we [&hellip;]<\/p>\n","protected":false},"author":1,"featured_media":0,"parent":496,"menu_order":5,"comment_status":"closed","ping_status":"closed","template":"","meta":{"footnotes":""},"categories":[1],"tags":[],"class_list":["post-1446","page","type-page","status-publish","hentry","category-allgemein"],"_links":{"self":[{"href":"https:\/\/www.tunedcity.net\/index.php?rest_route=\/wp\/v2\/pages\/1446","targetHints":{"allow":["GET"]}}],"collection":[{"href":"https:\/\/www.tunedcity.net\/index.php?rest_route=\/wp\/v2\/pages"}],"about":[{"href":"https:\/\/www.tunedcity.net\/index.php?rest_route=\/wp\/v2\/types\/page"}],"author":[{"embeddable":true,"href":"https:\/\/www.tunedcity.net\/index.php?rest_route=\/wp\/v2\/users\/1"}],"replies":[{"embeddable":true,"href":"https:\/\/www.tunedcity.net\/index.php?rest_route=%2Fwp%2Fv2%2Fcomments&post=1446"}],"version-history":[{"count":86,"href":"https:\/\/www.tunedcity.net\/index.php?rest_route=\/wp\/v2\/pages\/1446\/revisions"}],"predecessor-version":[{"id":1450,"href":"https:\/\/www.tunedcity.net\/index.php?rest_route=\/wp\/v2\/pages\/1446\/revisions\/1450"}],"up":[{"embeddable":true,"href":"https:\/\/www.tunedcity.net\/index.php?rest_route=\/wp\/v2\/pages\/496"}],"wp:attachment":[{"href":"https:\/\/www.tunedcity.net\/index.php?rest_route=%2Fwp%2Fv2%2Fmedia&parent=1446"}],"wp:term":[{"taxonomy":"category","embeddable":true,"href":"https:\/\/www.tunedcity.net\/index.php?rest_route=%2Fwp%2Fv2%2Fcategories&post=1446"},{"taxonomy":"post_tag","embeddable":true,"href":"https:\/\/www.tunedcity.net\/index.php?rest_route=%2Fwp%2Fv2%2Ftags&post=1446"}],"curies":[{"name":"wp","href":"https:\/\/api.w.org\/{rel}","templated":true}]}}