{"id":132,"date":"2008-04-21T15:25:00","date_gmt":"2008-04-21T14:25:00","guid":{"rendered":"http:\/\/www.tunedcity.de\/?page_id=132"},"modified":"2010-05-04T20:08:04","modified_gmt":"2010-05-04T19:08:04","slug":"papenburg-jens-d","status":"publish","type":"page","link":"https:\/\/www.tunedcity.net\/?page_id=132","title":{"rendered":"Papenburg, Jens Gerrit (D)"},"content":{"rendered":"<p><img decoding=\"async\" src=\"http:\/\/www.tunedcity.net\/wp-content\/uploads\/2008\/05\/papenburg.jpg\" alt=\"papenburg\" \/><\/p>\n<p>Born in 1976, <strong>Jens Gerrit Papenburg<\/strong> studied musicology, communication studies and economics in Berlin. Since 2006 he has been Scientific Assistant to the Chair for Popular Music &amp; Theory (Professor Peter Wicke) at Humbolt-Universit\u00e4t zu Berlin. He is Executive Editor of the online platform PopScriptum &#8211; Beitr\u00e4ge zur popul\u00e4ren Musik (PopScriptum &#8211; Essays on Popular Music). Publications include: Der Synthesizer als Apriori. K\u00f6rper und Maschinen in der Popmusik (The Synthesizer as Apriori. Bodies and Machines in Popular Music), in: Wulf, Christoph et al. (Hrsg.): Paragrana, Internationale Zeitschrift f\u00fcr Historische Anthropologie (14, 2), Berlin: Akademic Verlag 2005; H\u00f6rger\u00e4te. Zur Psychomathematik des akroamatischen Leibniz (Hearing Devices. On the Psychomathematics of the acroamatic Leibniz), in: Volmar, Axel (Hrsg.): Zeitkritische Medienprozesse, Berlin: Kadmos 2008.<\/p>\n<p><\/p>\n<p><a href=\"http:\/\/www2.hu-berlin.de\/fpm\/staff\/papenburgbio.htm\" title=\"papenburg\" target=\"_blank\">http:\/\/www2.hu-berlin.de\/fpm\/staff\/papenburgbio.htm<\/a><\/p>\n<p>appearance at Tuned City<br \/>\n<a href=\"https:\/\/www.tunedcity.net\/?page_id=149\">public and private soundscapes \/ 03.07.08<\/a><\/p>\n<p><\/p>","protected":false},"excerpt":{"rendered":"<p>Born in 1976, Jens Gerrit Papenburg studied musicology, communication studies and economics in Berlin. Since 2006 he has been Scientific Assistant to the Chair for Popular Music &amp; Theory (Professor Peter Wicke) at Humbolt-Universit\u00e4t zu Berlin. He is Executive Editor of the online platform PopScriptum &#8211; Beitr\u00e4ge zur popul\u00e4ren Musik (PopScriptum &#8211; Essays on Popular [&hellip;]<\/p>\n","protected":false},"author":1,"featured_media":0,"parent":19,"menu_order":0,"comment_status":"closed","ping_status":"closed","template":"","meta":{"footnotes":""},"categories":[1],"tags":[],"class_list":["post-132","page","type-page","status-publish","hentry","category-allgemein"],"_links":{"self":[{"href":"https:\/\/www.tunedcity.net\/index.php?rest_route=\/wp\/v2\/pages\/132","targetHints":{"allow":["GET"]}}],"collection":[{"href":"https:\/\/www.tunedcity.net\/index.php?rest_route=\/wp\/v2\/pages"}],"about":[{"href":"https:\/\/www.tunedcity.net\/index.php?rest_route=\/wp\/v2\/types\/page"}],"author":[{"embeddable":true,"href":"https:\/\/www.tunedcity.net\/index.php?rest_route=\/wp\/v2\/users\/1"}],"replies":[{"embeddable":true,"href":"https:\/\/www.tunedcity.net\/index.php?rest_route=%2Fwp%2Fv2%2Fcomments&post=132"}],"version-history":[{"count":1,"href":"https:\/\/www.tunedcity.net\/index.php?rest_route=\/wp\/v2\/pages\/132\/revisions"}],"predecessor-version":[{"id":688,"href":"https:\/\/www.tunedcity.net\/index.php?rest_route=\/wp\/v2\/pages\/132\/revisions\/688"}],"up":[{"embeddable":true,"href":"https:\/\/www.tunedcity.net\/index.php?rest_route=\/wp\/v2\/pages\/19"}],"wp:attachment":[{"href":"https:\/\/www.tunedcity.net\/index.php?rest_route=%2Fwp%2Fv2%2Fmedia&parent=132"}],"wp:term":[{"taxonomy":"category","embeddable":true,"href":"https:\/\/www.tunedcity.net\/index.php?rest_route=%2Fwp%2Fv2%2Fcategories&post=132"},{"taxonomy":"post_tag","embeddable":true,"href":"https:\/\/www.tunedcity.net\/index.php?rest_route=%2Fwp%2Fv2%2Ftags&post=132"}],"curies":[{"name":"wp","href":"https:\/\/api.w.org\/{rel}","templated":true}]}}