{"id":1291,"date":"2011-05-12T15:44:50","date_gmt":"2011-05-12T14:44:50","guid":{"rendered":"http:\/\/www.tunedcity.net\/?page_id=1291"},"modified":"2011-06-18T12:40:26","modified_gmt":"2011-06-18T10:40:26","slug":"curtis-charles-us","status":"publish","type":"page","link":"https:\/\/www.tunedcity.net\/?page_id=1291","title":{"rendered":"Curtis, Charles (US)"},"content":{"rendered":"<p><img loading=\"lazy\" decoding=\"async\" title=\"Curtis_Charles\" class=\"alignnone size-full wp-image-1293\" src=\"http:\/\/www.tunedcity.net\/wp-content\/uploads\/2011\/05\/Curtis_Charles1.jpg\" alt=\"\" width=\"205\" height=\"231\" \/><\/p>\n<p><strong>Charles Curtis<\/strong> is an internationally acknowledged cellist of new and experimental music and is closely associated with the legendary avant-garde composer La Monte Young. He directed Young&#8217;s Theatre of Eternal Music String Ensemble and for a number of years was a central figure in the downtown New York free music scene. Curtis has expanded his oeuvre into the creative arts straddling the boundaries between art rock, sound art and minimalist composition. He has toured as a soloist and has led large ensembles in concerts mixing his own works and the works of other avant-garde composers (La Monte Young, Terry Jennings, Richard Maxfield, Morton Feldman). Curtis has also enjoyed an extensive and distinguished chamber music career. At the age of seventeen he won first prize in the Coleman International Chamber Music Competition and at 19 he made his Carnegie Hall debut playing the Tchaikovsky Trio with Oscar Shumsky and Earl Wild. He has been the first solo cellist of the NDR Symphony Orchestra in Hamburg for eleven years and \u2013 ?a former faculty member at Princeton University \u2013 Curtis is now Professor of Contemporary Music Performance at the University of California, San Diego.<\/p>\n<p><\/p>\n<p>[lang_ee]<strong>Charles Curtis<\/strong> on n\u00fc\u00fcdis- ja eksperimentaalmuusikat esitav rahvusvaheliselt tunnustatud t\u0161ellist, kes on tihedalt seotud legendaarse avangardhelilooja La Monte Youngiga. Curtis juhatas Youngi Theatre of Eternal Music String Ensemble\u2019it ja oli mitu aastat New Yorgi vabamuusika vallas keskne tegelane. Curtis on laiendanud oma loomingut eri kunstivaldkondadesse, segades <em>art rock<\/em>\u2019i, helikunsti ja minimalistliku kompositsiooni piire. Ta on teinud ringreise nii sooloesinejana kui ka juhendanud suuri ansambleid, miksinud omaenese t\u00f6id teiste avangardheliloojate (La Monte Youngi, Terry Jenningsi, Richard Maxfieldi, Morton Feldmani) omadega.<br \/>\nSamuti on Curtis nautinud laiaulatuslikku ja tunnustatud kammermuusiku karj\u00e4\u00e4ri. 17-aastaselt v\u00f5itis ta Coleman International Chamber Musicu v\u00f5istlusel esikoha ja 19-aastaselt deb\u00fcteeris Carnegie Hallis, m\u00e4ngides Tchaikovsky Triot Oscar Schumsky ja Earl Wildiga. Ta on olnud 11 aastat NDR S\u00fcmfoonia Orkestri esit\u0161ellist Hamburgis. Praegu on Charles Curtis n\u00fc\u00fcdismuusika professor California \u00dclikoolis San Diegos.[\/lang_ee]<\/p>\n<p>appearance at Tuned City[lang_ee]Tuned City programmis[\/lang_ee]<br \/>\n<a href=\"https:\/\/www.tunedcity.net\/?page_id=1268\">Speaking with Spaces \/ 07.07.11<\/a><br \/>\n<br \/>\n[lang_ee]<a href=\"https:\/\/www.tunedcity.net\/?page_id=1268\">K\u00f5nelused ruumiga \/ 07.07.11<\/a>[\/lang_ee]<\/p>\n<p><strong><br \/>\n<\/strong><\/p>","protected":false},"excerpt":{"rendered":"<p>Charles Curtis is an internationally acknowledged cellist of new and experimental music and is closely associated with the legendary avant-garde composer La Monte Young. He directed Young&#8217;s Theatre of Eternal Music String Ensemble and for a number of years was a central figure in the downtown New York free music scene. Curtis has expanded his [&hellip;]<\/p>\n","protected":false},"author":1,"featured_media":0,"parent":19,"menu_order":0,"comment_status":"closed","ping_status":"closed","template":"","meta":{"footnotes":""},"categories":[1],"tags":[],"class_list":["post-1291","page","type-page","status-publish","hentry","category-allgemein"],"_links":{"self":[{"href":"https:\/\/www.tunedcity.net\/index.php?rest_route=\/wp\/v2\/pages\/1291","targetHints":{"allow":["GET"]}}],"collection":[{"href":"https:\/\/www.tunedcity.net\/index.php?rest_route=\/wp\/v2\/pages"}],"about":[{"href":"https:\/\/www.tunedcity.net\/index.php?rest_route=\/wp\/v2\/types\/page"}],"author":[{"embeddable":true,"href":"https:\/\/www.tunedcity.net\/index.php?rest_route=\/wp\/v2\/users\/1"}],"replies":[{"embeddable":true,"href":"https:\/\/www.tunedcity.net\/index.php?rest_route=%2Fwp%2Fv2%2Fcomments&post=1291"}],"version-history":[{"count":9,"href":"https:\/\/www.tunedcity.net\/index.php?rest_route=\/wp\/v2\/pages\/1291\/revisions"}],"predecessor-version":[{"id":1295,"href":"https:\/\/www.tunedcity.net\/index.php?rest_route=\/wp\/v2\/pages\/1291\/revisions\/1295"}],"up":[{"embeddable":true,"href":"https:\/\/www.tunedcity.net\/index.php?rest_route=\/wp\/v2\/pages\/19"}],"wp:attachment":[{"href":"https:\/\/www.tunedcity.net\/index.php?rest_route=%2Fwp%2Fv2%2Fmedia&parent=1291"}],"wp:term":[{"taxonomy":"category","embeddable":true,"href":"https:\/\/www.tunedcity.net\/index.php?rest_route=%2Fwp%2Fv2%2Fcategories&post=1291"},{"taxonomy":"post_tag","embeddable":true,"href":"https:\/\/www.tunedcity.net\/index.php?rest_route=%2Fwp%2Fv2%2Ftags&post=1291"}],"curies":[{"name":"wp","href":"https:\/\/api.w.org\/{rel}","templated":true}]}}