{"id":1270,"date":"2011-05-12T14:36:08","date_gmt":"2011-05-12T13:36:08","guid":{"rendered":"http:\/\/www.tunedcity.net\/?page_id=1270"},"modified":"2011-06-18T13:03:13","modified_gmt":"2011-06-18T11:03:13","slug":"palestine-charlemagne-be","status":"publish","type":"page","link":"https:\/\/www.tunedcity.net\/?page_id=1270","title":{"rendered":"Palestine, Charlemagne (BE)"},"content":{"rendered":"<p><img loading=\"lazy\" decoding=\"async\" class=\"alignnone size-full wp-image-1350\" title=\"Palestine_Charlemagne\" src=\"http:\/\/www.tunedcity.net\/wp-content\/uploads\/2011\/05\/Palestine_Charlemagne.jpg\" alt=\"\" width=\"277\" height=\"185\" \/><br \/>\n<em>image by Jens Keiner<\/em><br \/>\n<br \/>\n[lang_ee]<em>Foto: Jens Keiner<\/em>[\/lang_ee]<\/p>\n<p><strong>Charlemagne Palestine<\/strong> is a highly influential experimental musician, composer, performer and visual artist. Born in New York in 1945 he studied at New York University, Columbia University, Mannes College of Music and at the California Institute of the Arts. He is a contemporary of Philip Glass, Terry Riley, Phill Niblock, and Steve Reich. Originally trained as a cantor, he was a bell ringer at St. Thomas church in the 1960s and his earlier composition work often focussed on bells. Today Palestine is probably best known for his piano and organ works. As a soloist he has developed a highly individual aesthetic, centered around layered overtones and electronic drones that build and change gradually in gentle harmony. His performances are ritualistic, overtly spiritual in nature and often appear shamanistic. During performances the artist and his piano are surrounded by stuffed animals. He smokes large numbers of Indonesian clove cigarettes and drinks cognac. Palestine has performed internationally and collaborated with artists as diverse as Pan Sonic, Tony Conrad, David Coulter and Michael Gira. To date he has released over twenty solo records and exhibited visual artworks at various venues, including the documenta 8.<\/p>\n<p><\/p>\n<p>[lang_ee]<strong>Charlemagne Palestine<\/strong> on m\u00f5jukas eksperimentaalmuusik, helilooja, esitaja ja visuaalkunstnik. S\u00fcndinud 1945. aastal New Yorgis, on ta \u00f5ppinud New Yorgi ja Columbia \u00dclikoolides, Mannes College of Musicus ja California Institute for the Artsis. Ta on Philip Glassi, Terry Riley, Phil Niblocki ja Steve Reichi kaasaegne. Koolitatud kantorina oli ta 1960ndail St. Thomase kiriku kellamees ja nii ongi tema varasemad kompositsioonid keskendunud peamiselt kelladele. T\u00e4nap\u00e4eval on Palestine arvatavasti k\u00f5ige rohkem tuntud oma klaveri ja oreliteostega. Solistina on ta arendanud v\u00e4lja v\u00e4ga ise\u00e4raliku stiilik\u00e4situse, mis on koondunud kihistunud \u00fclemtoonide ja elektrooniliste <em>drone<\/em>&#8216;ide \u00fcmber, mida ehitatakse \u00fcles ja muudetakse j\u00e4rk-j\u00e4rgult, \u00f5rnas harmoonias. Tema <em>performance<\/em>&#8216;id on rituaalsed, loomult varjamatult spirituaalsed ning m\u00f5juvad sageli \u0161amanistlikult. Esinemise ajal on kunstnik ja tema instrument \u00fcmbritsetud pehmete m\u00e4nguloomadega. Ta suitsetab suurel hulgal Indoneesia nelgisigarette ja joob konjakit. Palestine on esinenud mitmel pool maailmas ja teinud koost\u00f6\u00f6d v\u00e4ga paljude kunstnikega, nagu Pan Sonic, Tony Conrad, David Coulter ja Michael Gira. Siiani on ta v\u00e4lja andnud \u00fcle kahek\u00fcmne sooloplaadi ja n\u00e4idanud oma visuaalkunsti teoseid eri paikades, sealhulgas n\u00e4iteks Documenta 8-l.[\/lang_ee]<\/p>\n<p><a href=\"http:\/\/charlemagnepalestine.org\/\" target=\"_blank\">www.charlemagnepalestine.org<\/a><\/p>\n<p>appearance at Tuned City[lang_ee]Tuned City programmis[\/lang_ee]<\/p>\n<p><a href=\"https:\/\/www.tunedcity.net\/?page_id=1268\">Speaking with Spaces \/ 08.07.11<\/a>[lang_ee]<a href=\"https:\/\/www.tunedcity.net\/?page_id=1268\">K\u00f5nelused ruumiga \/ 08.07.11<\/a>[\/lang_ee]<\/p>\n<p><strong><br \/>\n<\/strong><\/p>","protected":false},"excerpt":{"rendered":"<p>image by Jens Keiner [lang_ee]Foto: Jens Keiner[\/lang_ee] Charlemagne Palestine is a highly influential experimental musician, composer, performer and visual artist. Born in New York in 1945 he studied at New York University, Columbia University, Mannes College of Music and at the California Institute of the Arts. He is a contemporary of Philip Glass, Terry Riley, [&hellip;]<\/p>\n","protected":false},"author":1,"featured_media":0,"parent":19,"menu_order":0,"comment_status":"closed","ping_status":"closed","template":"","meta":{"footnotes":""},"categories":[1],"tags":[],"class_list":["post-1270","page","type-page","status-publish","hentry","category-allgemein"],"_links":{"self":[{"href":"https:\/\/www.tunedcity.net\/index.php?rest_route=\/wp\/v2\/pages\/1270","targetHints":{"allow":["GET"]}}],"collection":[{"href":"https:\/\/www.tunedcity.net\/index.php?rest_route=\/wp\/v2\/pages"}],"about":[{"href":"https:\/\/www.tunedcity.net\/index.php?rest_route=\/wp\/v2\/types\/page"}],"author":[{"embeddable":true,"href":"https:\/\/www.tunedcity.net\/index.php?rest_route=\/wp\/v2\/users\/1"}],"replies":[{"embeddable":true,"href":"https:\/\/www.tunedcity.net\/index.php?rest_route=%2Fwp%2Fv2%2Fcomments&post=1270"}],"version-history":[{"count":8,"href":"https:\/\/www.tunedcity.net\/index.php?rest_route=\/wp\/v2\/pages\/1270\/revisions"}],"predecessor-version":[{"id":1274,"href":"https:\/\/www.tunedcity.net\/index.php?rest_route=\/wp\/v2\/pages\/1270\/revisions\/1274"}],"up":[{"embeddable":true,"href":"https:\/\/www.tunedcity.net\/index.php?rest_route=\/wp\/v2\/pages\/19"}],"wp:attachment":[{"href":"https:\/\/www.tunedcity.net\/index.php?rest_route=%2Fwp%2Fv2%2Fmedia&parent=1270"}],"wp:term":[{"taxonomy":"category","embeddable":true,"href":"https:\/\/www.tunedcity.net\/index.php?rest_route=%2Fwp%2Fv2%2Fcategories&post=1270"},{"taxonomy":"post_tag","embeddable":true,"href":"https:\/\/www.tunedcity.net\/index.php?rest_route=%2Fwp%2Fv2%2Ftags&post=1270"}],"curies":[{"name":"wp","href":"https:\/\/api.w.org\/{rel}","templated":true}]}}