{"id":1105,"date":"2011-05-04T14:39:14","date_gmt":"2011-05-04T13:39:14","guid":{"rendered":"http:\/\/www.tunedcity.net\/?page_id=1105"},"modified":"2011-06-18T15:34:54","modified_gmt":"2011-06-18T13:34:54","slug":"ratkje-maja-no","status":"publish","type":"page","link":"https:\/\/www.tunedcity.net\/?page_id=1105","title":{"rendered":"Ratkje, Maja (NO)"},"content":{"rendered":"<p><img loading=\"lazy\" decoding=\"async\" class=\"alignnone size-full wp-image-1108\" title=\"Maja_RatkjeNMI-2exputdr1_klein\" src=\"http:\/\/www.tunedcity.net\/wp-content\/uploads\/2011\/05\/Maja_RatkjeNMI-2exputdr1_klein.jpg\" alt=\"\" width=\"216\" height=\"297\" \/><\/p>\n<p><strong>Maja Ratkje<\/strong> is a norwegian composer of orchestral and electro-acoustic works. Her art practice is a highly diverse interconnecting project of composition, performance, installation, film, theatre and dance. Born in 1973 in Trondheim, Maja Ratkje studied composition at the Norwegian State Academy of Music in Oslo. She co-founded the group Spunk &#8211; an all-female improvisation quartet \u2013 during her study, and is a member of Agrare, a performance trio consisting of the noise duo Fe-mail and the Swedish dancer Lotta Melin. Ratkje is also active as a soloist, her first album \u201cVoice\u201d was published in 2002. She collaborates artistically with Jaap Blonk, Jo\u00eblle L\u00e9andre, Ikue Mori, Zeena Parkins and Stephen O\u2019Malley. Her compositions are performed worldwide by artists such as Klangforum Wien, Oslo Sinfonietta, The Norwegian Radio Orchestra, Fretwork, TM+, Cikada and Vertavo string quartets, Quatuor Renoir, Ticom, crashEnsemble, Pearls for Swine Experience, Torben Snekkestad, Marianne Beate Kielland, Frode Haltli, POING and many more.<\/p>\n<p><\/p>\n<p>[lang_ee]<strong>Maja Ratkje<\/strong> on orkestri- ja elektroakustiliste teoste helilooja. Tema loominguline tegevusv\u00e4li on v\u00e4ga mitmekesine, sidudes omavahel kompositsiooni, <em>performance<\/em>\u2019it, installatsiooni, filmi, teatrit ja tantsu. Maja Ratkje on s\u00fcndinud 1973. aastal Trondheimis, \u00f5ppinud kompositsiooni Oslos, Norra riiklikus muusikaakadeemias. Muusika\u00f5pingute ajal asutas ta koos kaaslastega naiste improvisatsioonikvarteti Spunk. Praegu on ta performance\u2019i trio Agrare liige, mis koosneb <em>noise<\/em>&#8216;i duost Fe-mail ja Rootsi tantsijast Lotta Melinist. Samuti on Ratkje aktiivne sooloartist. Tema esimene album &#8220;Voice&#8221; n\u00e4gi ilmavalgust 2002. aastal. Loominguliselt teeb ta koost\u00f6\u00f6d veel Jaap Blonki, Jo\u00eblle L\u00e9andre, Ikue Mori, Zeena Parkinsi ja Stephen O\u2019Malleyga. Tema muusikakompositsioone on esitanud \u00fcle maailma sellised esitajad nagu Klangforum Wien, Oslo Sinfonietta, Norra raadio s\u00fcmfooniaorkester, Fretwork, TM+, Cikada ja Vertavo keelpillikvartetid, Quatuor Renoir, Ticom, CrashEnsemble, Pearls for Swine Experience, Torben Snekkestad, Marianne Beate Kielland, Frode Haltli, POING ja paljud teised.[\/lang_ee]<\/p>\n<p><a href=\"http:\/\/www.ratkje.no\" target=\"_blank\">www.ratkje.no<\/a><\/p>\n<p>appearance at Tuned City[lang_ee]Tuned City programmis[\/lang_ee]<br \/>\n<a href=\"https:\/\/www.tunedcity.net\/?page_id=1268\">Speaking with Spaces \/ 10.07.11<\/a>[lang_ee]<a href=\"https:\/\/www.tunedcity.net\/?page_id=1268\">K\u00f5nelused ruumiga \/ 10.07.11<\/a>[\/lang_ee]<\/p>","protected":false},"excerpt":{"rendered":"<p>Maja Ratkje is a norwegian composer of orchestral and electro-acoustic works. Her art practice is a highly diverse interconnecting project of composition, performance, installation, film, theatre and dance. Born in 1973 in Trondheim, Maja Ratkje studied composition at the Norwegian State Academy of Music in Oslo. She co-founded the group Spunk &#8211; an all-female improvisation [&hellip;]<\/p>\n","protected":false},"author":1,"featured_media":0,"parent":19,"menu_order":0,"comment_status":"closed","ping_status":"closed","template":"","meta":{"footnotes":""},"categories":[1],"tags":[],"class_list":["post-1105","page","type-page","status-publish","hentry","category-allgemein"],"_links":{"self":[{"href":"https:\/\/www.tunedcity.net\/index.php?rest_route=\/wp\/v2\/pages\/1105","targetHints":{"allow":["GET"]}}],"collection":[{"href":"https:\/\/www.tunedcity.net\/index.php?rest_route=\/wp\/v2\/pages"}],"about":[{"href":"https:\/\/www.tunedcity.net\/index.php?rest_route=\/wp\/v2\/types\/page"}],"author":[{"embeddable":true,"href":"https:\/\/www.tunedcity.net\/index.php?rest_route=\/wp\/v2\/users\/1"}],"replies":[{"embeddable":true,"href":"https:\/\/www.tunedcity.net\/index.php?rest_route=%2Fwp%2Fv2%2Fcomments&post=1105"}],"version-history":[{"count":11,"href":"https:\/\/www.tunedcity.net\/index.php?rest_route=\/wp\/v2\/pages\/1105\/revisions"}],"predecessor-version":[{"id":1111,"href":"https:\/\/www.tunedcity.net\/index.php?rest_route=\/wp\/v2\/pages\/1105\/revisions\/1111"}],"up":[{"embeddable":true,"href":"https:\/\/www.tunedcity.net\/index.php?rest_route=\/wp\/v2\/pages\/19"}],"wp:attachment":[{"href":"https:\/\/www.tunedcity.net\/index.php?rest_route=%2Fwp%2Fv2%2Fmedia&parent=1105"}],"wp:term":[{"taxonomy":"category","embeddable":true,"href":"https:\/\/www.tunedcity.net\/index.php?rest_route=%2Fwp%2Fv2%2Fcategories&post=1105"},{"taxonomy":"post_tag","embeddable":true,"href":"https:\/\/www.tunedcity.net\/index.php?rest_route=%2Fwp%2Fv2%2Ftags&post=1105"}],"curies":[{"name":"wp","href":"https:\/\/api.w.org\/{rel}","templated":true}]}}